{"id":110,"date":"2017-03-09T09:15:11","date_gmt":"2017-03-09T08:15:11","guid":{"rendered":"http:\/\/studiomaximov.co.rs\/testpit\/tvt2017\/?page_id=110"},"modified":"2019-10-25T13:44:26","modified_gmt":"2019-10-25T11:44:26","slug":"about-us","status":"publish","type":"page","link":"http:\/\/termoventsc.rs\/pl\/about-us\/","title":{"rendered":"About us"},"content":{"rendered":"<p>[et_pb_section fb_built=&#8221;1&#8243; fullwidth=&#8221;on&#8221; admin_label=&#8221;Section&#8221; _builder_version=&#8221;3.22&#8243;][et_pb_fullwidth_image src=&#8221;http:\/\/termoventsc.rs\/english\/wp-content\/uploads\/2017\/03\/SVI-DSC_2453.jpg&#8221; admin_label=&#8221;Fullwidth Image&#8221; _builder_version=&#8221;3.0.87&#8243; animation=&#8221;off&#8221; use_border_color=&#8221;off&#8221; border_color=&#8221;#ffffff&#8221; border_style=&#8221;solid&#8221;][\/et_pb_fullwidth_image][\/et_pb_section][et_pb_section fb_built=&#8221;1&#8243; disabled_on=&#8221;on|on|on&#8221; admin_label=&#8221;section&#8221; _builder_version=&#8221;3.22&#8243; disabled=&#8221;on&#8221;][et_pb_row column_structure=&#8221;1_4,1_4,1_4,1_4&#8243; admin_label=&#8221;row&#8221; _builder_version=&#8221;3.25&#8243; background_size=&#8221;initial&#8221; background_position=&#8221;top_left&#8221; background_repeat=&#8221;repeat&#8221;][et_pb_column type=&#8221;1_4&#8243; _builder_version=&#8221;3.25&#8243; custom_padding=&#8221;|||&#8221; custom_padding__hover=&#8221;|||&#8221;][et_pb_blurb title=&#8221;All in one place&#8221; use_icon=&#8221;on&#8221; font_icon=&#8221;%%150%%&#8221; icon_color=&#8221;#7c8d9b&#8221; admin_label=&#8221;Blurb&#8221; _builder_version=&#8221;3.0.87&#8243; background_size=&#8221;initial&#8221; background_position=&#8221;top_left&#8221; background_repeat=&#8221;repeat&#8221; text_orientation=&#8221;center&#8221; use_border_color=&#8221;off&#8221; border_color=&#8221;#ffffff&#8221; border_style=&#8221;solid&#8221;]Curabitur quis dui volutpat, cursus eros elut commodo elit cum sociis natoque penatibus[\/et_pb_blurb][\/et_pb_column][et_pb_column type=&#8221;1_4&#8243; _builder_version=&#8221;3.25&#8243; custom_padding=&#8221;|||&#8221; custom_padding__hover=&#8221;|||&#8221;][et_pb_blurb title=&#8221;Production Capacities&#8221; use_icon=&#8221;on&#8221; font_icon=&#8221;\ue038&#8221; icon_color=&#8221;#7c8d9b&#8221; admin_label=&#8221;Blurb&#8221; _builder_version=&#8221;3.0.87&#8243; background_size=&#8221;initial&#8221; background_position=&#8221;top_left&#8221; background_repeat=&#8221;repeat&#8221; text_orientation=&#8221;center&#8221; use_border_color=&#8221;off&#8221; border_color=&#8221;#ffffff&#8221; border_style=&#8221;solid&#8221;]Curabitur quis dui volutpat, cursus eros elut commodo elit cum sociis natoque penatibus[\/et_pb_blurb][\/et_pb_column][et_pb_column type=&#8221;1_4&#8243; _builder_version=&#8221;3.25&#8243; custom_padding=&#8221;|||&#8221; custom_padding__hover=&#8221;|||&#8221;][et_pb_blurb title=&#8221;Reliable Quality&#8221; use_icon=&#8221;on&#8221; font_icon=&#8221;%%305%%&#8221; icon_color=&#8221;#7c8d9b&#8221; admin_label=&#8221;Blurb&#8221; _builder_version=&#8221;3.0.87&#8243; background_size=&#8221;initial&#8221; background_position=&#8221;top_left&#8221; background_repeat=&#8221;repeat&#8221; text_orientation=&#8221;center&#8221; use_border_color=&#8221;off&#8221; border_color=&#8221;#ffffff&#8221; border_style=&#8221;solid&#8221;]Curabitur quis dui volutpat, cursus eros elut commodo elit cum sociis natoque penatibus[\/et_pb_blurb][\/et_pb_column][et_pb_column type=&#8221;1_4&#8243; _builder_version=&#8221;3.25&#8243; custom_padding=&#8221;|||&#8221; custom_padding__hover=&#8221;|||&#8221;][et_pb_blurb title=&#8221;Quality System&#8221; use_icon=&#8221;on&#8221; font_icon=&#8221;%%49%%&#8221; icon_color=&#8221;#7c8d9b&#8221; admin_label=&#8221;Blurb&#8221; _builder_version=&#8221;3.0.87&#8243; background_size=&#8221;initial&#8221; background_position=&#8221;top_left&#8221; background_repeat=&#8221;repeat&#8221; text_orientation=&#8221;center&#8221; use_border_color=&#8221;off&#8221; border_color=&#8221;#ffffff&#8221; border_style=&#8221;solid&#8221;]Curabitur quis dui volutpat, cursus eros elut commodo elit cum sociis natoque penatibus[\/et_pb_blurb][\/et_pb_column][\/et_pb_row][\/et_pb_section][et_pb_section fb_built=&#8221;1&#8243; fullwidth=&#8221;on&#8221; disabled_on=&#8221;on|on|on&#8221; admin_label=&#8221;section&#8221; _builder_version=&#8221;3.22&#8243; transparent_background=&#8221;off&#8221; make_fullwidth=&#8221;off&#8221; use_custom_width=&#8221;off&#8221; width_unit=&#8221;on&#8221; disabled=&#8221;on&#8221;][et_pb_fullwidth_slider show_arrows=&#8221;off&#8221; show_pagination=&#8221;off&#8221; admin_label=&#8221;Fullwidth Slider&#8221; _builder_version=&#8221;3.16&#8243; custom_padding=&#8221;|||&#8221; custom_padding_tablet=&#8221;|||&#8221; custom_padding_phone=&#8221;|||&#8221; box_shadow_style=&#8221;preset6&#8243; box_shadow_blur=&#8221;10px&#8221; box_shadow_color=&#8221;rgba(0,0,0,0.1)&#8221; remove_inner_shadow=&#8221;off&#8221; hide_content_on_mobile=&#8221;off&#8221; hide_cta_on_mobile=&#8221;off&#8221; show_inner_shadow=&#8221;on&#8221; button_letter_spacing_hover=&#8221;0&#8243; button_text_size__hover_enabled=&#8221;off&#8221; button_one_text_size__hover_enabled=&#8221;off&#8221; button_two_text_size__hover_enabled=&#8221;off&#8221; button_text_color__hover_enabled=&#8221;off&#8221; button_one_text_color__hover_enabled=&#8221;off&#8221; button_two_text_color__hover_enabled=&#8221;off&#8221; button_border_width__hover_enabled=&#8221;off&#8221; button_one_border_width__hover_enabled=&#8221;off&#8221; button_two_border_width__hover_enabled=&#8221;off&#8221; button_border_color__hover_enabled=&#8221;off&#8221; button_one_border_color__hover_enabled=&#8221;off&#8221; button_two_border_color__hover_enabled=&#8221;off&#8221; button_border_radius__hover_enabled=&#8221;off&#8221; button_one_border_radius__hover_enabled=&#8221;off&#8221; button_two_border_radius__hover_enabled=&#8221;off&#8221; button_letter_spacing__hover_enabled=&#8221;on&#8221; button_letter_spacing__hover=&#8221;0&#8243; button_one_letter_spacing__hover_enabled=&#8221;off&#8221; button_two_letter_spacing__hover_enabled=&#8221;off&#8221; button_bg_color__hover_enabled=&#8221;off&#8221; button_one_bg_color__hover_enabled=&#8221;off&#8221; button_two_bg_color__hover_enabled=&#8221;off&#8221;][et_pb_slide use_bg_overlay=&#8221;off&#8221; use_text_overlay=&#8221;off&#8221; _builder_version=&#8221;3.16&#8243; header_font=&#8221;||||&#8221; body_font=&#8221;||||&#8221; background_color=&#8221;#ffffff&#8221; background_image=&#8221;http:\/\/termoventsc.rs\/english\/wp-content\/uploads\/2017\/03\/SVI-DSC_2453-e1490875218724.jpg&#8221; button_icon_placement=&#8221;right&#8221; button_on_hover=&#8221;on&#8221; button_text_size__hover_enabled=&#8221;off&#8221; button_one_text_size__hover_enabled=&#8221;off&#8221; button_two_text_size__hover_enabled=&#8221;off&#8221; button_text_color__hover_enabled=&#8221;off&#8221; button_one_text_color__hover_enabled=&#8221;off&#8221; button_two_text_color__hover_enabled=&#8221;off&#8221; button_border_width__hover_enabled=&#8221;off&#8221; button_one_border_width__hover_enabled=&#8221;off&#8221; button_two_border_width__hover_enabled=&#8221;off&#8221; button_border_color__hover_enabled=&#8221;off&#8221; button_one_border_color__hover_enabled=&#8221;off&#8221; button_two_border_color__hover_enabled=&#8221;off&#8221; button_border_radius__hover_enabled=&#8221;off&#8221; button_one_border_radius__hover_enabled=&#8221;off&#8221; button_two_border_radius__hover_enabled=&#8221;off&#8221; button_letter_spacing__hover_enabled=&#8221;off&#8221; button_one_letter_spacing__hover_enabled=&#8221;off&#8221; button_two_letter_spacing__hover_enabled=&#8221;off&#8221; button_bg_color__hover_enabled=&#8221;off&#8221; button_one_bg_color__hover_enabled=&#8221;off&#8221; button_two_bg_color__hover_enabled=&#8221;off&#8221;] [\/et_pb_slide][\/et_pb_fullwidth_slider][\/et_pb_section][et_pb_section fb_built=&#8221;1&#8243; inner_shadow=&#8221;on&#8221; admin_label=&#8221;section&#8221; _builder_version=&#8221;3.22&#8243; background_color=&#8221;#f7f7f7&#8243;][et_pb_row column_structure=&#8221;1_3,2_3&#8243; admin_label=&#8221;row&#8221; _builder_version=&#8221;3.25&#8243; background_size=&#8221;initial&#8221; background_position=&#8221;top_left&#8221; background_repeat=&#8221;repeat&#8221;][et_pb_column type=&#8221;1_3&#8243; _builder_version=&#8221;3.25&#8243; custom_padding=&#8221;|||&#8221; custom_padding__hover=&#8221;|||&#8221;][et_pb_text admin_label=&#8221;Text&#8221; _builder_version=&#8221;3.27.4&#8243; background_size=&#8221;initial&#8221; background_position=&#8221;top_left&#8221; background_repeat=&#8221;repeat&#8221; use_border_color=&#8221;off&#8221; border_color=&#8221;#ffffff&#8221; border_style=&#8221;solid&#8221;]<\/p>\n<h1>Historia firmy<\/h1>\n<p>Firma zosta\u0142a za\u0142o\u017cona w 1963 roku jako ma\u0142y warsztat rzemie\u015blniczy, za spraw\u0105 wizji i przedsi\u0119biorczo\u015bci pana Slobodana Crnogoraca. Dzi\u0119ki ci\u0119\u017ckiej pracy i pasji osi\u0105gn\u0119li\u015bmy pozycj\u0119 powa\u017cnej, szanowanej, odnosz\u0105cej sukcesy firmy znanej na ca\u0142ym \u015bwiecie.<\/p>\n<p>[\/et_pb_text][\/et_pb_column][et_pb_column type=&#8221;2_3&#8243; _builder_version=&#8221;3.25&#8243; custom_padding=&#8221;|||&#8221; custom_padding__hover=&#8221;|||&#8221;][et_pb_text admin_label=&#8221;Text&#8221; _builder_version=&#8221;3.27.4&#8243; background_size=&#8221;initial&#8221; background_position=&#8221;top_left&#8221; background_repeat=&#8221;repeat&#8221; use_border_color=&#8221;off&#8221; border_color=&#8221;#ffffff&#8221; border_style=&#8221;solid&#8221;]<\/p>\n<h2>Jako\u015b\u0107 i niezawodno\u015b\u0107 od ponad 50 lat<\/h2>\n<p>TERMOVENT SC to regionalny serbski lider produkcji armatury przemys\u0142owej dla sektora przemys\u0142owego i energetycznego. Jeste\u015bmy \u015bredniej wielko\u015bci sp\u00f3\u0142k\u0105, kt\u00f3ra wyr\u00f3\u017cnia si\u0119 na rynku swoj\u0105 elastyczno\u015bci\u0105 i niezawodno\u015bci\u0105.<\/p>\n<p>Szczeg\u00f3ln\u0105 uwag\u0119 przywi\u0105zujemy do europejskich warto\u015bci kulturowych. Tradycyjne warto\u015bci, niezawodno\u015b\u0107, jako\u015b\u0107 i zr\u00f3wnowa\u017cony rozw\u00f3j &#8211; to podstawa naszej pracy i istnienia marki.<\/p>\n<p>Do dnia dzisiejszego pozostali\u015bmy firm\u0105 o prywatnej strukturze w\u0142asno\u015bci i zarz\u0105dzania, podobnie jak przez ostatnie 50 lat obecno\u015bci na rynku.<\/p>\n<p>[\/et_pb_text][\/et_pb_column][\/et_pb_row][\/et_pb_section][et_pb_section fb_built=&#8221;1&#8243; admin_label=&#8221;Section&#8221; _builder_version=&#8221;3.22&#8243; transparent_background=&#8221;off&#8221; make_fullwidth=&#8221;off&#8221; use_custom_width=&#8221;off&#8221; width_unit=&#8221;on&#8221;][et_pb_row column_structure=&#8221;3_4,1_4&#8243; admin_label=&#8221;Row&#8221; _builder_version=&#8221;3.25&#8243; background_size=&#8221;initial&#8221; background_position=&#8221;top_left&#8221; background_repeat=&#8221;repeat&#8221; make_fullwidth=&#8221;off&#8221; use_custom_width=&#8221;off&#8221; width_unit=&#8221;on&#8221;][et_pb_column type=&#8221;3_4&#8243; _builder_version=&#8221;3.25&#8243; custom_padding=&#8221;|||&#8221; custom_padding__hover=&#8221;|||&#8221;][et_pb_image src=&#8221;http:\/\/termoventsc.rs\/english\/wp-content\/uploads\/2017\/03\/MAPA11-e1490873406843.png&#8221; align=&#8221;center&#8221; force_fullwidth=&#8221;on&#8221; align_tablet=&#8221;center&#8221; align_phone=&#8221;&#8221; align_last_edited=&#8221;on|desktop&#8221; admin_label=&#8221;Image&#8221; _builder_version=&#8221;3.23&#8243; animation_style=&#8221;slide&#8221; animation_direction=&#8221;left&#8221; animation_duration=&#8221;500ms&#8221; animation_intensity_slide=&#8221;10%&#8221; animation=&#8221;left&#8221; use_border_color=&#8221;off&#8221; border_color=&#8221;#ffffff&#8221; border_style=&#8221;solid&#8221; sticky=&#8221;off&#8221; always_center_on_mobile=&#8221;on&#8221;][\/et_pb_image][\/et_pb_column][et_pb_column type=&#8221;1_4&#8243; _builder_version=&#8221;3.25&#8243; custom_padding=&#8221;|||&#8221; custom_padding__hover=&#8221;|||&#8221;][et_pb_text admin_label=&#8221;Text&#8221; _builder_version=&#8221;3.29.3&#8243; background_size=&#8221;initial&#8221; background_position=&#8221;top_left&#8221; background_repeat=&#8221;repeat&#8221; use_border_color=&#8221;off&#8221; border_color=&#8221;#ffffff&#8221; border_style=&#8221;solid&#8221;]<\/p>\n<h2>TERMOVENT SC<br \/>DZI\u015a\u2026<\/h2>\n<p>Z naszymi produktami jeste\u015bmy obecni na prawie wszystkich kontynentach. Produkty TERMOVENT SC s\u0105 instalowane i funkcjonuj\u0105 w wielu zak\u0142adach w ponad 60 krajach na ca\u0142ym \u015bwiecie.<\/p>\n<p>[\/et_pb_text][et_pb_number_counter title=&#8221;Kraje na ca\u0142ym \u015bwiecie&#8221; number=&#8221;61&#8243; percent_sign=&#8221;off&#8221; counter_color=&#8221;#003063&#8243; admin_label=&#8221;Number Counter&#8221; _builder_version=&#8221;4.0.2&#8243; background_size=&#8221;initial&#8221; background_position=&#8221;top_left&#8221; background_repeat=&#8221;repeat&#8221; use_border_color=&#8221;off&#8221; border_color=&#8221;#ffffff&#8221; border_style=&#8221;solid&#8221;][\/et_pb_number_counter][\/et_pb_column][\/et_pb_row][\/et_pb_section][et_pb_section fb_built=&#8221;1&#8243; admin_label=&#8221;Section&#8221; _builder_version=&#8221;3.22&#8243; background_image=&#8221;http:\/\/termoventsc.rs\/english\/wp-content\/uploads\/2017\/03\/DSC_8878-e1490877098395.jpg&#8221; parallax=&#8221;on&#8221; transparent_background=&#8221;off&#8221; make_fullwidth=&#8221;off&#8221; use_custom_width=&#8221;off&#8221; width_unit=&#8221;on&#8221;][et_pb_row column_structure=&#8221;1_4,3_4&#8243; admin_label=&#8221;Row&#8221; _builder_version=&#8221;3.25&#8243; background_size=&#8221;initial&#8221; background_position=&#8221;top_left&#8221; background_repeat=&#8221;repeat&#8221;][et_pb_column type=&#8221;1_4&#8243; _builder_version=&#8221;3.25&#8243; custom_padding=&#8221;|||&#8221; custom_padding__hover=&#8221;|||&#8221;][et_pb_text admin_label=&#8221;Text&#8221; _builder_version=&#8221;3.27.4&#8243; background_size=&#8221;initial&#8221; background_position=&#8221;top_left&#8221; background_repeat=&#8221;repeat&#8221; background_layout=&#8221;dark&#8221; use_border_color=&#8221;off&#8221; border_color=&#8221;#ffffff&#8221; border_style=&#8221;solid&#8221;]<\/p>\n<h2>\u2026I JUTRO<\/h2>\n<p>Ci\u0105g\u0142e inwestycje w personel, produkcj\u0119 i rozw\u00f3j, a tak\u017ce elastyczno\u015b\u0107, innowacyjno\u015b\u0107 i wieloletnie do\u015bwiadczenie w produkcji armatury, pozwol\u0105 nam skutecznie radzi\u0107 sobie z przysz\u0142ymi wyzwaniami.<\/p>\n<p>[\/et_pb_text][\/et_pb_column][et_pb_column type=&#8221;3_4&#8243; _builder_version=&#8221;3.25&#8243; custom_padding=&#8221;|||&#8221; custom_padding__hover=&#8221;|||&#8221;][\/et_pb_column][\/et_pb_row][\/et_pb_section][et_pb_section fb_built=&#8221;1&#8243; admin_label=&#8221;Section&#8221; _builder_version=&#8221;3.22&#8243;][et_pb_row admin_label=&#8221;Row&#8221; _builder_version=&#8221;3.25&#8243; background_size=&#8221;initial&#8221; background_position=&#8221;top_left&#8221; background_repeat=&#8221;repeat&#8221;][et_pb_column type=&#8221;4_4&#8243; _builder_version=&#8221;3.25&#8243; custom_padding=&#8221;|||&#8221; custom_padding__hover=&#8221;|||&#8221;][et_pb_text admin_label=&#8221;Text&#8221; _builder_version=&#8221;3.29.3&#8243; background_size=&#8221;initial&#8221; background_position=&#8221;top_left&#8221; background_repeat=&#8221;repeat&#8221; use_border_color=&#8221;off&#8221; border_color=&#8221;#ffffff&#8221; border_style=&#8221;solid&#8221;]<\/p>\n<h2>Produkty TERMOVENT SC s\u0105 instalowane i pracuj\u0105 <br \/>w wielu zak\u0142adach w ponad 60 krajach na ca\u0142ym \u015bwiecie.<\/h2>\n<hr \/>\n<h4><\/h4>\n<p>[\/et_pb_text][\/et_pb_column][\/et_pb_row][et_pb_row column_structure=&#8221;1_5,1_5,1_5,1_5,1_5&#8243; admin_label=&#8221;Row&#8221; _builder_version=&#8221;3.25&#8243; background_size=&#8221;initial&#8221; background_position=&#8221;top_left&#8221; background_repeat=&#8221;repeat&#8221;][et_pb_column type=&#8221;1_5&#8243; _builder_version=&#8221;3.25&#8243; custom_padding=&#8221;|||&#8221; custom_padding__hover=&#8221;|||&#8221;][et_pb_text admin_label=&#8221;Text&#8221; _builder_version=&#8221;3.27.4&#8243; background_size=&#8221;initial&#8221; background_position=&#8221;top_left&#8221; background_repeat=&#8221;repeat&#8221; use_border_color=&#8221;off&#8221; border_color=&#8221;#ffffff&#8221; border_style=&#8221;solid&#8221;]<\/p>\n<ul>\n<li>KANADA<\/li>\n<li>KUBA<\/li>\n<li>WENEZUELA<\/li>\n<li>EKWADOR<\/li>\n<li>KOLUMBIA<\/li>\n<li>PANAMA<\/li>\n<li>CHILE<\/li>\n<li>BRAZYLIA<\/li>\n<li>WIELKA BRYTANIA<\/li>\n<li>NORWEGIA<\/li>\n<li>DANIA<\/li>\n<\/ul>\n<p>[\/et_pb_text][\/et_pb_column][et_pb_column type=&#8221;1_5&#8243; _builder_version=&#8221;3.25&#8243; custom_padding=&#8221;|||&#8221; custom_padding__hover=&#8221;|||&#8221;][et_pb_text admin_label=&#8221;Text&#8221; _builder_version=&#8221;3.27.4&#8243; background_size=&#8221;initial&#8221; background_position=&#8221;top_left&#8221; background_repeat=&#8221;repeat&#8221; use_border_color=&#8221;off&#8221; border_color=&#8221;#ffffff&#8221; border_style=&#8221;solid&#8221;]<\/p>\n<ul>\n<li>SZWECJA<\/li>\n<li>ESTONIA<\/li>\n<li>LITWA<\/li>\n<li>HISZPANIA<\/li>\n<li>POLSKA<\/li>\n<li>HOLANDIA<\/li>\n<li>BELGIA<\/li>\n<li>NIEMCY<\/li>\n<li>FRANCJA<\/li>\n<li>SZWAJCARIA<\/li>\n<li>W\u0141OCHY<\/li>\n<\/ul>\n<p>[\/et_pb_text][\/et_pb_column][et_pb_column type=&#8221;1_5&#8243; _builder_version=&#8221;3.25&#8243; custom_padding=&#8221;|||&#8221; custom_padding__hover=&#8221;|||&#8221;][et_pb_text admin_label=&#8221;Text&#8221; _builder_version=&#8221;3.29.3&#8243; background_size=&#8221;initial&#8221; background_position=&#8221;top_left&#8221; background_repeat=&#8221;repeat&#8221; use_border_color=&#8221;off&#8221; border_color=&#8221;#ffffff&#8221; border_style=&#8221;solid&#8221;]<\/p>\n<ul>\n<li>MALTA<\/li>\n<li>NIGERIA<\/li>\n<li>AUSTRIA<\/li>\n<li><span style=\"font-size: 14px;\">S\u0141OWENIA<\/span><\/li>\n<li>CZECHY<\/li>\n<li><span style=\"font-size: 14px;\">S\u0141OWACJA<\/span><\/li>\n<li>W\u0118GRY<\/li>\n<li>RUMUNIA<\/li>\n<li>CHORWACJA<\/li>\n<li>BO\u015aNIA I HERCEGOWINA<\/li>\n<\/ul>\n<p>[\/et_pb_text][\/et_pb_column][et_pb_column type=&#8221;1_5&#8243; _builder_version=&#8221;3.25&#8243; custom_padding=&#8221;|||&#8221; custom_padding__hover=&#8221;|||&#8221;][et_pb_text admin_label=&#8221;Text&#8221; _builder_version=&#8221;3.29.3&#8243; background_size=&#8221;initial&#8221; background_position=&#8221;top_left&#8221; background_repeat=&#8221;repeat&#8221; use_border_color=&#8221;off&#8221; border_color=&#8221;#ffffff&#8221; border_style=&#8221;solid&#8221;]<\/p>\n<ul>\n<li>BU\u0141GARIA<\/li>\n<li>MACEDONIA<\/li>\n<li>CZARNOG\u00d3RA<\/li>\n<li>EGIPT<\/li>\n<li>IZRAEL<\/li>\n<li>TURCJA<\/li>\n<li>UKRAINA<\/li>\n<li>IRAN<\/li>\n<li>GRUZJA<\/li>\n<li>BIA\u0141ORU\u015a<\/li>\n<li>TURKMENISTAN<\/li>\n<\/ul>\n<p>[\/et_pb_text][\/et_pb_column][et_pb_column type=&#8221;1_5&#8243; _builder_version=&#8221;3.25&#8243; custom_padding=&#8221;|||&#8221; custom_padding__hover=&#8221;|||&#8221;][et_pb_text admin_label=&#8221;Text&#8221; _builder_version=&#8221;3.29.3&#8243; background_size=&#8221;initial&#8221; background_position=&#8221;top_left&#8221; background_repeat=&#8221;repeat&#8221; use_border_color=&#8221;off&#8221; border_color=&#8221;#ffffff&#8221; border_style=&#8221;solid&#8221;]<\/p>\n<ul>\n<li>KAZACHSTAN<\/li>\n<li>UZBEKISTAN<\/li>\n<li>PAKISTAN<\/li>\n<li>ARABIA SAUDYJSKA<\/li>\n<li>ROSJA<\/li>\n<li>CHINY<\/li>\n<li>PAKISTAN<\/li>\n<li>TAJLANDIA<\/li>\n<li>KOREA PO\u0141UDNIOWA<\/li>\n<li>BRUNEI<\/li>\n<li>MALEZJA<\/li>\n<li>INDONEZJA<\/li>\n<\/ul>\n<p>[\/et_pb_text][\/et_pb_column][\/et_pb_row][\/et_pb_section]<\/p>\n","protected":false},"excerpt":{"rendered":"<p>Curabitur quis dui volutpat, cursus eros elut commodo elit cum sociis natoque penatibusCurabitur quis dui volutpat, cursus eros elut commodo elit cum sociis natoque penatibusCurabitur quis dui volutpat, cursus eros elut commodo elit cum sociis natoque penatibusCurabitur quis dui volutpat, cursus eros elut commodo elit cum sociis natoque penatibus Historia firmy Firma zosta\u0142a za\u0142o\u017cona w [&hellip;]<\/p>\n","protected":false},"author":1,"featured_media":0,"parent":0,"menu_order":0,"comment_status":"closed","ping_status":"closed","template":"","meta":{"_et_pb_use_builder":"on","_et_pb_old_content":"","_et_gb_content_width":"","footnotes":""},"class_list":["post-110","page","type-page","status-publish","hentry"],"_links":{"self":[{"href":"http:\/\/termoventsc.rs\/pl\/wp-json\/wp\/v2\/pages\/110","targetHints":{"allow":["GET"]}}],"collection":[{"href":"http:\/\/termoventsc.rs\/pl\/wp-json\/wp\/v2\/pages"}],"about":[{"href":"http:\/\/termoventsc.rs\/pl\/wp-json\/wp\/v2\/types\/page"}],"author":[{"embeddable":true,"href":"http:\/\/termoventsc.rs\/pl\/wp-json\/wp\/v2\/users\/1"}],"replies":[{"embeddable":true,"href":"http:\/\/termoventsc.rs\/pl\/wp-json\/wp\/v2\/comments?post=110"}],"version-history":[{"count":7,"href":"http:\/\/termoventsc.rs\/pl\/wp-json\/wp\/v2\/pages\/110\/revisions"}],"predecessor-version":[{"id":2722,"href":"http:\/\/termoventsc.rs\/pl\/wp-json\/wp\/v2\/pages\/110\/revisions\/2722"}],"wp:attachment":[{"href":"http:\/\/termoventsc.rs\/pl\/wp-json\/wp\/v2\/media?parent=110"}],"curies":[{"name":"wp","href":"https:\/\/api.w.org\/{rel}","templated":true}]}}