{"id":352,"date":"2017-03-29T14:13:53","date_gmt":"2017-03-29T12:13:53","guid":{"rendered":"http:\/\/studiomaximov.co.rs\/testpit\/tvt2017\/?page_id=352"},"modified":"2025-11-28T12:43:34","modified_gmt":"2025-11-28T11:43:34","slug":"quality-system","status":"publish","type":"page","link":"http:\/\/termoventsc.rs\/pl\/quality-system\/","title":{"rendered":"Certyfikaty"},"content":{"rendered":"<p>[et_pb_section fb_built=&#8221;1&#8243; fullwidth=&#8221;on&#8221; _builder_version=&#8221;4.16&#8243; global_colors_info=&#8221;{}&#8221;][et_pb_fullwidth_slider show_arrows=&#8221;off&#8221; show_pagination=&#8221;off&#8221; _builder_version=&#8221;4.16&#8243; parallax=&#8221;on&#8221; parallax_method=&#8221;on&#8221; custom_padding=&#8221;|||&#8221; custom_padding_tablet=&#8221;|||&#8221; custom_padding_phone=&#8221;|||&#8221; box_shadow_style=&#8221;preset6&#8243; box_shadow_blur=&#8221;10px&#8221; box_shadow_color=&#8221;rgba(0,0,0,0.1)&#8221; remove_inner_shadow=&#8221;off&#8221; hide_content_on_mobile=&#8221;off&#8221; hide_cta_on_mobile=&#8221;off&#8221; show_inner_shadow=&#8221;on&#8221; button_letter_spacing_hover=&#8221;0&#8243; global_colors_info=&#8221;{}&#8221; button_text_size__hover_enabled=&#8221;off&#8221; button_one_text_size__hover_enabled=&#8221;off&#8221; button_two_text_size__hover_enabled=&#8221;off&#8221; button_text_color__hover_enabled=&#8221;off&#8221; button_one_text_color__hover_enabled=&#8221;off&#8221; button_two_text_color__hover_enabled=&#8221;off&#8221; button_border_width__hover_enabled=&#8221;off&#8221; button_one_border_width__hover_enabled=&#8221;off&#8221; button_two_border_width__hover_enabled=&#8221;off&#8221; button_border_color__hover_enabled=&#8221;off&#8221; button_one_border_color__hover_enabled=&#8221;off&#8221; button_two_border_color__hover_enabled=&#8221;off&#8221; button_border_radius__hover_enabled=&#8221;off&#8221; button_one_border_radius__hover_enabled=&#8221;off&#8221; button_two_border_radius__hover_enabled=&#8221;off&#8221; button_letter_spacing__hover_enabled=&#8221;on&#8221; button_letter_spacing__hover=&#8221;0&#8243; button_one_letter_spacing__hover_enabled=&#8221;off&#8221; button_two_letter_spacing__hover_enabled=&#8221;off&#8221; button_bg_color__hover_enabled=&#8221;off&#8221; button_one_bg_color__hover_enabled=&#8221;off&#8221; button_two_bg_color__hover_enabled=&#8221;off&#8221;][et_pb_slide heading=&#8221;Certyfikaty&#8221; use_bg_overlay=&#8221;off&#8221; use_text_overlay=&#8221;off&#8221; _builder_version=&#8221;4.16&#8243; header_font=&#8221;||||&#8221; body_font=&#8221;||||&#8221; background_color=&#8221;#ffffff&#8221; background_image=&#8221;http:\/\/termoventsc.rs\/english\/wp-content\/uploads\/2017\/03\/DSC_5768-24542-e1492510397957.jpg&#8221; button_icon_placement=&#8221;right&#8221; button_on_hover=&#8221;on&#8221; global_colors_info=&#8221;{}&#8221; button_text_size__hover_enabled=&#8221;off&#8221; button_one_text_size__hover_enabled=&#8221;off&#8221; button_two_text_size__hover_enabled=&#8221;off&#8221; button_text_color__hover_enabled=&#8221;off&#8221; button_one_text_color__hover_enabled=&#8221;off&#8221; button_two_text_color__hover_enabled=&#8221;off&#8221; button_border_width__hover_enabled=&#8221;off&#8221; button_one_border_width__hover_enabled=&#8221;off&#8221; button_two_border_width__hover_enabled=&#8221;off&#8221; button_border_color__hover_enabled=&#8221;off&#8221; button_one_border_color__hover_enabled=&#8221;off&#8221; button_two_border_color__hover_enabled=&#8221;off&#8221; button_border_radius__hover_enabled=&#8221;off&#8221; button_one_border_radius__hover_enabled=&#8221;off&#8221; button_two_border_radius__hover_enabled=&#8221;off&#8221; button_letter_spacing__hover_enabled=&#8221;off&#8221; button_one_letter_spacing__hover_enabled=&#8221;off&#8221; button_two_letter_spacing__hover_enabled=&#8221;off&#8221; button_bg_color__hover_enabled=&#8221;off&#8221; button_one_bg_color__hover_enabled=&#8221;off&#8221; button_two_bg_color__hover_enabled=&#8221;off&#8221; sticky_transition=&#8221;on&#8221;][\/et_pb_slide][\/et_pb_fullwidth_slider][\/et_pb_section][et_pb_section fb_built=&#8221;1&#8243; _builder_version=&#8221;4.16&#8243; transparent_background=&#8221;off&#8221; make_fullwidth=&#8221;off&#8221; use_custom_width=&#8221;off&#8221; width_unit=&#8221;on&#8221; global_colors_info=&#8221;{}&#8221;][et_pb_row column_structure=&#8221;1_3,1_3,1_3&#8243; admin_label=&#8221;row&#8221; _builder_version=&#8221;4.16&#8243; background_size=&#8221;initial&#8221; background_position=&#8221;top_left&#8221; background_repeat=&#8221;repeat&#8221; global_colors_info=&#8221;{}&#8221;][et_pb_column type=&#8221;1_3&#8243; _builder_version=&#8221;4.16&#8243; custom_padding=&#8221;|||&#8221; global_colors_info=&#8221;{}&#8221; custom_padding__hover=&#8221;|||&#8221;][et_pb_text _builder_version=&#8221;4.16&#8243; background_size=&#8221;initial&#8221; background_position=&#8221;top_left&#8221; background_repeat=&#8221;repeat&#8221; use_border_color=&#8221;off&#8221; border_color=&#8221;#ffffff&#8221; border_style=&#8221;solid&#8221; global_colors_info=&#8221;{}&#8221;]<\/p>\n<p>Przywi\u0105zujemy szczeg\u00f3ln\u0105 uwag\u0119 do wdra\u017cania i stosowania obowi\u0105zuj\u0105cych mi\u0119dzynarodowych przepis\u00f3w i standard\u00f3w w dziedzinie rozwoju systemu zapewnienia jako\u015bci.<\/p>\n<p>Poprzez aktywn\u0105 edukacj\u0119 ci\u0105gle doskonalimy i utrzymujemy wysoki poziom jako\u015bci.<\/p>\n<p>&nbsp;<\/p>\n<p><span style=\"color: #333333; font-size: 20px; font-weight: bold;\">Posiadamy nast\u0119puj\u0105ce certyfikaty:<\/span><\/p>\n<p>[\/et_pb_text][\/et_pb_column][et_pb_column type=&#8221;1_3&#8243; _builder_version=&#8221;4.16&#8243; custom_padding=&#8221;|||&#8221; global_colors_info=&#8221;{}&#8221; custom_padding__hover=&#8221;|||&#8221;][et_pb_blurb title=&#8221;T\u00dcV Rheinland&#8221; image=&#8221;http:\/\/termoventsc.rs\/english\/wp-content\/uploads\/2017\/03\/pasted-image-small-16283.png&#8221; image_icon_width=&#8221;55px&#8221; _builder_version=&#8221;4.27.4&#8243; header_line_height=&#8221;1.7em&#8221; background_size=&#8221;initial&#8221; background_position=&#8221;top_left&#8221; background_repeat=&#8221;repeat&#8221; text_orientation=&#8221;center&#8221; max_width_tablet=&#8221;50px&#8221; use_border_color=&#8221;off&#8221; image_max_width=&#8221;55px&#8221; global_colors_info=&#8221;{}&#8221;]<\/p>\n<p><a href=\"http:\/\/termoventsc.rs\/english\/wp-content\/uploads\/2025\/01\/A-24-1004_Main_EN.pdf\" target=\"_blank\" rel=\"noopener noreferrer\">AD 2000<\/a><\/p>\n<p><a href=\"http:\/\/termoventsc.rs\/english\/wp-content\/uploads\/2025\/01\/A-24-1005_Main_EN_extsigned.pdf\">ISO 3834<\/a><a href=\"http:\/\/termoventsc.rs\/pl\/wp-content\/uploads\/2018\/10\/01-202-H_Q-14-5426-Termovent-EN.pdf\" target=\"_blank\" rel=\"noopener noreferrer\"><\/a><\/p>\n<p><a href=\"http:\/\/termoventsc.rs\/english\/wp-content\/uploads\/2024\/03\/Q-14-5426.00_Main_EN_extsigned.pdf\" target=\"_blank\" rel=\"noopener noreferrer\">PED 2014\/68\/EU &#8211; Module H1<\/a><\/p>\n<p><a href=\"http:\/\/termoventsc.rs\/english\/wp-content\/uploads\/2024\/03\/Termovent-SC_2024_MS-0037317-E-010-E-Scope_signed.pdf\" rel=\"attachment wp-att-2708\">Annex<\/a><\/p>\n<p><a href=\"http:\/\/termoventsc.rs\/english\/wp-content\/uploads\/2025\/02\/01-100-1334655_Main_EN.pdf\" target=\"_blank\" rel=\"noopener noreferrer\"><span>T\u00dcV Rheinland<\/span> ISO 9001-2015<\/a><\/p>\n<p>[\/et_pb_blurb][et_pb_divider show_divider=&#8221;off&#8221; disabled_on=&#8221;on|on|off&#8221; _builder_version=&#8221;4.16&#8243; hide_on_mobile=&#8221;on&#8221; global_colors_info=&#8221;{}&#8221;][\/et_pb_divider][et_pb_blurb title=&#8221;EurAsian Conformity&#8221; image=&#8221;http:\/\/termoventsc.rs\/english\/wp-content\/uploads\/2017\/03\/pasted-image-small-16277.png&#8221; image_icon_width=&#8221;40px&#8221; _builder_version=&#8221;4.21.0&#8243; header_line_height=&#8221;1.7em&#8221; background_size=&#8221;initial&#8221; background_position=&#8221;top_left&#8221; background_repeat=&#8221;repeat&#8221; text_orientation=&#8221;center&#8221; max_width_tablet=&#8221;50px&#8221; image_max_width=&#8221;40px&#8221; global_colors_info=&#8221;{}&#8221;]<\/p>\n<p>(Custom Union Technical Regulation)<\/p>\n<div class=\"et_pb_module et_pb_blurb et_pb_blurb_1  et_pb_text_align_center  et_pb_blurb_position_top et_pb_bg_layout_light\">\n<div class=\"et_pb_blurb_content\">\n<div class=\"et_pb_blurb_container\">\n<div class=\"et_pb_blurb_description\">\n<p><a href=\"http:\/\/termoventsc.rs\/english\/wp-content\/uploads\/2024\/02\/%D0%95%D0%90%D0%AD%D0%A1-N-RU-%D0%94-RS.%D0%A0%D0%9001.%D0%92.69521-24.pdf\" target=\"_blank\" rel=\"noopener noreferrer\">\u0422\u0420 \u0422\u0421 032\/2013<br \/>Deklaracja zgodno\u015bci<br \/><\/a><\/p>\n<p><a href=\"http:\/\/termoventsc.rs\/english\/wp-content\/uploads\/2024\/02\/SERTIFIKAT-RU-C-RS.BL08.B.01680-24.pdf\" target=\"_blank\" rel=\"noopener noreferrer\">\u0422\u0420 \u0422\u0421 032\/2013<br \/>Certyfikat<br \/><\/a><\/p>\n<p><a href=\"http:\/\/termoventsc.rs\/english\/wp-content\/uploads\/2024\/02\/%D0%95%D0%90%D0%AD%D0%A1-N-RU-%D0%94-RS.%D0%A0%D0%9001.%D0%92.62652-24.pdf\" target=\"_blank\" rel=\"noopener noreferrer\">TP TC 010\/2011<br \/>Deklaracja zgodno\u015bci \u2013 62652-24<\/a><\/p>\n<p><a href=\"http:\/\/termoventsc.rs\/english\/wp-content\/uploads\/2024\/02\/%D0%95%D0%90%D0%AD%D0%A1-N-RU-%D0%94-RS.%D0%A0%D0%9001.%D0%92.86700-24.pdf\" target=\"_blank\" rel=\"noopener noreferrer\">TP TC 010\/2011<br \/>Deklaracja zgodno\u015bci \u2013 86700-24<\/a><\/p>\n<p><a href=\"http:\/\/termoventsc.rs\/english\/wp-content\/uploads\/2017\/04\/EAC_%D0%A2%D0%A0_%D0%A2%D0%A1_-012-16.01.2021.pdf\" target=\"_blank\" rel=\"noopener noreferrer\">\u0422\u0420 \u0422\u0421 012\/2011<br \/>Certyfikat<\/a><\/p>\n<\/div>\n<\/div>\n<\/div>\n<\/div>\n<p>&nbsp;<\/p>\n<p>[\/et_pb_blurb][et_pb_divider show_divider=&#8221;off&#8221; disabled_on=&#8221;on|on|off&#8221; _builder_version=&#8221;4.16&#8243; hide_on_mobile=&#8221;on&#8221; global_colors_info=&#8221;{}&#8221;][\/et_pb_divider][\/et_pb_column][et_pb_column type=&#8221;1_3&#8243; _builder_version=&#8221;4.16&#8243; custom_padding=&#8221;|||&#8221; global_colors_info=&#8221;{}&#8221; custom_padding__hover=&#8221;|||&#8221;][et_pb_blurb title=&#8221;API (American Petroleum Institute)&#8221; image=&#8221;http:\/\/termoventsc.rs\/english\/wp-content\/uploads\/2017\/03\/pasted-image-small-16293.png&#8221; image_icon_width=&#8221;45px&#8221; disabled_on=&#8221;off|off|off&#8221; _builder_version=&#8221;4.27.4&#8243; header_line_height=&#8221;1.7em&#8221; background_size=&#8221;initial&#8221; background_position=&#8221;top_left&#8221; background_repeat=&#8221;repeat&#8221; text_orientation=&#8221;center&#8221; max_width_tablet=&#8221;50px&#8221; hover_enabled=&#8221;0&#8243; use_border_color=&#8221;off&#8221; image_max_width=&#8221;45px&#8221; global_colors_info=&#8221;{}&#8221; sticky_enabled=&#8221;0&#8243;]<\/p>\n<p><a href=\"https:\/\/termoventsc.rs\/english\/wp-content\/uploads\/2025\/11\/Certificate-600-0096_20250829142831.pdf\" rel=\"attachment wp-att-2609\">Certificate 600-0096<\/a><a href=\"http:\/\/termoventsc.rs\/english\/wp-content\/uploads\/2020\/04\/Certificate-602-0019_2020.pdf\" rel=\"attachment wp-att-2606\"><\/a><\/p>\n<p><a href=\"https:\/\/termoventsc.rs\/english\/wp-content\/uploads\/2025\/11\/Certificate-6A-1129_20250829142743.pdf\" rel=\"attachment wp-att-2607\">Certificate 6A-1129<\/a><\/p>\n<p><a href=\"https:\/\/termoventsc.rs\/english\/wp-content\/uploads\/2025\/11\/Certificate-6D-1049_20250829142756.pdf\" rel=\"attachment wp-att-2608\">Certificate 6D-1049<\/a><\/p>\n<p>[\/et_pb_blurb][et_pb_blurb title=&#8221;GOST (\u0413\u041e\u0421\u0422) Russia&#8221; image=&#8221;http:\/\/termoventsc.rs\/english\/wp-content\/uploads\/2017\/04\/RST.png&#8221; image_icon_width=&#8221;55px&#8221; disabled_on=&#8221;on|on|on&#8221; _builder_version=&#8221;4.16&#8243; header_line_height=&#8221;1.7em&#8221; background_size=&#8221;initial&#8221; background_position=&#8221;top_left&#8221; background_repeat=&#8221;repeat&#8221; text_orientation=&#8221;center&#8221; max_width_tablet=&#8221;50px&#8221; use_border_color=&#8221;off&#8221; image_max_width=&#8221;55px&#8221; disabled=&#8221;on&#8221; global_colors_info=&#8221;{}&#8221;]<a href=\"http:\/\/termoventsc.rs\/english\/wp-content\/uploads\/2017\/04\/RFSS_GOST_C_RS_AI30_B_03985-valid_until_2018-02-12.pdf\" target=\"_blank\" rel=\"noopener noreferrer\">GOST RST C-RS.AI30.B.03985<\/a><\/p>\n<p><a href=\"http:\/\/termoventsc.rs\/english\/wp-content\/uploads\/2017\/04\/GOST-PPC-00-045951.pdf\" target=\"_blank\" rel=\"noopener noreferrer\">GOST PPC 045951<\/a>[\/et_pb_blurb][et_pb_divider show_divider=&#8221;off&#8221; disabled_on=&#8221;on|on|off&#8221; _builder_version=&#8221;4.16&#8243; hide_on_mobile=&#8221;on&#8221; global_colors_info=&#8221;{}&#8221;][\/et_pb_divider][et_pb_blurb title=&#8221;Belarus&#8221; image=&#8221;http:\/\/termoventsc.rs\/english\/wp-content\/uploads\/2017\/04\/belarus.png&#8221; image_icon_width=&#8221;55px&#8221; disabled_on=&#8221;on|on|on&#8221; _builder_version=&#8221;4.16&#8243; header_line_height=&#8221;1.7em&#8221; background_size=&#8221;initial&#8221; background_position=&#8221;top_left&#8221; background_repeat=&#8221;repeat&#8221; text_orientation=&#8221;center&#8221; max_width_tablet=&#8221;50px&#8221; use_border_color=&#8221;off&#8221; image_max_width=&#8221;55px&#8221; disabled=&#8221;on&#8221; global_colors_info=&#8221;{}&#8221;]<a href=\"http:\/\/termoventsc.rs\/english\/wp-content\/uploads\/2017\/04\/certificate_Republic_Belaruss_valid_until_2018-03-03-01.pdf\" target=\"_blank\" rel=\"noopener noreferrer\">Cerificate Republic Belarus<\/a>[\/et_pb_blurb][\/et_pb_column][\/et_pb_row][\/et_pb_section][et_pb_section fb_built=&#8221;1&#8243; fullwidth=&#8221;on&#8221; _builder_version=&#8221;4.16&#8243; background_color=&#8221;#e5e5e5&#8243; transparent_background=&#8221;off&#8221; make_fullwidth=&#8221;off&#8221; use_custom_width=&#8221;off&#8221; width_unit=&#8221;on&#8221; global_colors_info=&#8221;{}&#8221;][et_pb_fullwidth_header title=&#8221;Aktualno\u015bci&#8221; text_orientation=&#8221;center&#8221; content_max_width=&#8221;none&#8221; _builder_version=&#8221;4.16&#8243; background_color=&#8221;rgba(255, 255, 255, 0)&#8221; background_layout=&#8221;light&#8221; button_one_letter_spacing_hover=&#8221;0&#8243; button_two_letter_spacing_hover=&#8221;0&#8243; global_colors_info=&#8221;{}&#8221; button_one_text_size__hover_enabled=&#8221;off&#8221; button_two_text_size__hover_enabled=&#8221;off&#8221; button_one_text_color__hover_enabled=&#8221;off&#8221; button_two_text_color__hover_enabled=&#8221;off&#8221; button_one_border_width__hover_enabled=&#8221;off&#8221; button_two_border_width__hover_enabled=&#8221;off&#8221; button_one_border_color__hover_enabled=&#8221;off&#8221; button_two_border_color__hover_enabled=&#8221;off&#8221; button_one_border_radius__hover_enabled=&#8221;off&#8221; button_two_border_radius__hover_enabled=&#8221;off&#8221; button_one_letter_spacing__hover_enabled=&#8221;on&#8221; button_one_letter_spacing__hover=&#8221;0&#8243; button_two_letter_spacing__hover_enabled=&#8221;on&#8221; button_two_letter_spacing__hover=&#8221;0&#8243; button_one_bg_color__hover_enabled=&#8221;off&#8221; button_two_bg_color__hover_enabled=&#8221;off&#8221;][\/et_pb_fullwidth_header][et_pb_fullwidth_post_slider posts_number=&#8221;3&#8243; include_categories=&#8221;2&#8243; use_manual_excerpt=&#8221;off&#8221; show_meta=&#8221;off&#8221; show_image=&#8221;off&#8221; use_text_overlay=&#8221;off&#8221; _builder_version=&#8221;4.16&#8243; header_font_size=&#8221;36&#8243; background_color=&#8221;#f5f5f5&#8243; background_layout=&#8221;light&#8221; custom_padding=&#8221;|||&#8221; custom_padding_tablet=&#8221;|||&#8221; custom_padding_phone=&#8221;|||&#8221; box_shadow_style=&#8221;preset6&#8243; box_shadow_blur=&#8221;10px&#8221; box_shadow_color=&#8221;rgba(0,0,0,0.1)&#8221; remove_inner_shadow=&#8221;off&#8221; hide_content_on_mobile=&#8221;off&#8221; hide_cta_on_mobile=&#8221;off&#8221; show_inner_shadow=&#8221;on&#8221; button_letter_spacing_hover=&#8221;0&#8243; global_colors_info=&#8221;{}&#8221; button_text_size__hover_enabled=&#8221;off&#8221; button_one_text_size__hover_enabled=&#8221;off&#8221; button_two_text_size__hover_enabled=&#8221;off&#8221; button_text_color__hover_enabled=&#8221;off&#8221; button_one_text_color__hover_enabled=&#8221;off&#8221; button_two_text_color__hover_enabled=&#8221;off&#8221; button_border_width__hover_enabled=&#8221;off&#8221; button_one_border_width__hover_enabled=&#8221;off&#8221; button_two_border_width__hover_enabled=&#8221;off&#8221; button_border_color__hover_enabled=&#8221;off&#8221; button_one_border_color__hover_enabled=&#8221;off&#8221; button_two_border_color__hover_enabled=&#8221;off&#8221; button_border_radius__hover_enabled=&#8221;off&#8221; button_one_border_radius__hover_enabled=&#8221;off&#8221; button_two_border_radius__hover_enabled=&#8221;off&#8221; button_letter_spacing__hover_enabled=&#8221;on&#8221; button_letter_spacing__hover=&#8221;0&#8243; button_one_letter_spacing__hover_enabled=&#8221;off&#8221; button_two_letter_spacing__hover_enabled=&#8221;off&#8221; button_bg_color__hover_enabled=&#8221;off&#8221; button_one_bg_color__hover_enabled=&#8221;off&#8221; button_two_bg_color__hover_enabled=&#8221;off&#8221;][\/et_pb_fullwidth_post_slider][\/et_pb_section]<\/p>\n","protected":false},"excerpt":{"rendered":"<p>Przywi\u0105zujemy szczeg\u00f3ln\u0105 uwag\u0119 do wdra\u017cania i stosowania obowi\u0105zuj\u0105cych mi\u0119dzynarodowych przepis\u00f3w i standard\u00f3w w dziedzinie rozwoju systemu zapewnienia jako\u015bci. Poprzez aktywn\u0105 edukacj\u0119 ci\u0105gle doskonalimy i utrzymujemy wysoki poziom jako\u015bci. &nbsp; Posiadamy nast\u0119puj\u0105ce certyfikaty:AD 2000 ISO 3834 PED 2014\/68\/EU &#8211; Module H1 Annex T\u00dcV Rheinland ISO 9001-2015(Custom Union Technical Regulation) \u0422\u0420 \u0422\u0421 032\/2013Deklaracja zgodno\u015bci \u0422\u0420 \u0422\u0421 032\/2013Certyfikat [&hellip;]<\/p>\n","protected":false},"author":1,"featured_media":0,"parent":0,"menu_order":0,"comment_status":"closed","ping_status":"closed","template":"","meta":{"_et_pb_use_builder":"on","_et_pb_old_content":"<p>We pay special attention to the application of current international rules and standards in quality system development. We keep improving and maintaining a high level of the quality system through active education.<\/p><p>We have the following valid certificates:<\/p><p>\u00a0<\/p><p>\u00a0<\/p>","_et_gb_content_width":"","footnotes":""},"class_list":["post-352","page","type-page","status-publish","hentry"],"_links":{"self":[{"href":"http:\/\/termoventsc.rs\/pl\/wp-json\/wp\/v2\/pages\/352","targetHints":{"allow":["GET"]}}],"collection":[{"href":"http:\/\/termoventsc.rs\/pl\/wp-json\/wp\/v2\/pages"}],"about":[{"href":"http:\/\/termoventsc.rs\/pl\/wp-json\/wp\/v2\/types\/page"}],"author":[{"embeddable":true,"href":"http:\/\/termoventsc.rs\/pl\/wp-json\/wp\/v2\/users\/1"}],"replies":[{"embeddable":true,"href":"http:\/\/termoventsc.rs\/pl\/wp-json\/wp\/v2\/comments?post=352"}],"version-history":[{"count":17,"href":"http:\/\/termoventsc.rs\/pl\/wp-json\/wp\/v2\/pages\/352\/revisions"}],"predecessor-version":[{"id":3277,"href":"http:\/\/termoventsc.rs\/pl\/wp-json\/wp\/v2\/pages\/352\/revisions\/3277"}],"wp:attachment":[{"href":"http:\/\/termoventsc.rs\/pl\/wp-json\/wp\/v2\/media?parent=352"}],"curies":[{"name":"wp","href":"https:\/\/api.w.org\/{rel}","templated":true}]}}