{"id":473,"date":"2017-04-04T09:49:17","date_gmt":"2017-04-04T07:49:17","guid":{"rendered":"http:\/\/studiomaximov.co.rs\/testpit\/tvt2017\/?page_id=473"},"modified":"2019-09-20T09:44:46","modified_gmt":"2019-09-20T07:44:46","slug":"measuring-control-equipment","status":"publish","type":"page","link":"http:\/\/termoventsc.rs\/pl\/measuring-control-equipment\/","title":{"rendered":"Measuring &#038; Control Equipment"},"content":{"rendered":"<p>[et_pb_section fb_built=&#8221;1&#8243; fullwidth=&#8221;on&#8221; admin_label=&#8221;Section&#8221; _builder_version=&#8221;3.22&#8243; transparent_background=&#8221;off&#8221; make_fullwidth=&#8221;off&#8221; use_custom_width=&#8221;off&#8221; width_unit=&#8221;off&#8221; custom_width_px=&#8221;1080px&#8221; custom_width_percent=&#8221;80%&#8221; bb_built=&#8221;1&#8243; _i=&#8221;0&#8243; _address=&#8221;0&#8243;][et_pb_fullwidth_header title=&#8221;100% badania&#8221; background_overlay_color=&#8221;rgba(0,48,99,0.3)&#8221; content_max_width=&#8221;none&#8221; admin_label=&#8221;Fullwidth Header&#8221; _builder_version=&#8221;3.16&#8243; background_color=&#8221;rgba(255, 255, 255, 0)&#8221; background_image=&#8221;http:\/\/studiomaximov.co.rs\/testpit\/tvt2017\/wp-content\/uploads\/DSC_5768-24542-e1491309766319.jpg&#8221; hover_enabled=&#8221;0&#8243; button_one_letter_spacing_hover=&#8221;0&#8243; button_two_letter_spacing_hover=&#8221;0&#8243; background_url=&#8221;http:\/\/studiomaximov.co.rs\/testpit\/tvt2017\/wp-content\/uploads\/DSC_5768-24542-e1491309766319.jpg&#8221; _i=&#8221;0&#8243; _address=&#8221;0.0&#8243; button_one_text_size__hover_enabled=&#8221;off&#8221; button_two_text_size__hover_enabled=&#8221;off&#8221; button_one_text_color__hover_enabled=&#8221;off&#8221; button_two_text_color__hover_enabled=&#8221;off&#8221; button_one_border_width__hover_enabled=&#8221;off&#8221; button_two_border_width__hover_enabled=&#8221;off&#8221; button_one_border_color__hover_enabled=&#8221;off&#8221; button_two_border_color__hover_enabled=&#8221;off&#8221; button_one_border_radius__hover_enabled=&#8221;off&#8221; button_two_border_radius__hover_enabled=&#8221;off&#8221; button_one_letter_spacing__hover_enabled=&#8221;on&#8221; button_one_letter_spacing__hover=&#8221;0&#8243; button_two_letter_spacing__hover_enabled=&#8221;on&#8221; button_two_letter_spacing__hover=&#8221;0&#8243; button_one_bg_color__hover_enabled=&#8221;off&#8221; button_two_bg_color__hover_enabled=&#8221;off&#8221;][\/et_pb_fullwidth_header][\/et_pb_section][et_pb_section fb_built=&#8221;1&#8243; admin_label=&#8221;section&#8221; _builder_version=&#8221;3.22&#8243; transparent_background=&#8221;off&#8221; make_fullwidth=&#8221;off&#8221; use_custom_width=&#8221;off&#8221; width_unit=&#8221;off&#8221; custom_width_px=&#8221;1080px&#8221; custom_width_percent=&#8221;80%&#8221; bb_built=&#8221;1&#8243; _i=&#8221;1&#8243; _address=&#8221;1&#8243;][et_pb_row admin_label=&#8221;row&#8221; _builder_version=&#8221;3.25&#8243; background_size=&#8221;initial&#8221; background_position=&#8221;top_left&#8221; background_repeat=&#8221;repeat&#8221; make_fullwidth=&#8221;off&#8221; use_custom_width=&#8221;off&#8221; width_unit=&#8221;off&#8221; custom_width_px=&#8221;1080px&#8221; custom_width_percent=&#8221;80%&#8221; _i=&#8221;0&#8243; _address=&#8221;1.0&#8243; column_structure=&#8221;1_3,2_3&#8243;][et_pb_column type=&#8221;1_3&#8243; _builder_version=&#8221;3.25&#8243; custom_padding=&#8221;|||&#8221; _i=&#8221;0&#8243; _address=&#8221;1.0.0&#8243; custom_padding__hover=&#8221;|||&#8221;][et_pb_text admin_label=&#8221;Text&#8221; _builder_version=&#8221;3.29.3&#8243; background_size=&#8221;initial&#8221; background_position=&#8221;top_left&#8221; background_repeat=&#8221;repeat&#8221; hover_enabled=&#8221;0&#8243; use_border_color=&#8221;off&#8221; border_color=&#8221;#ffffff&#8221; border_style=&#8221;solid&#8221; _i=&#8221;0&#8243; _address=&#8221;1.0.0.0&#8243;]<\/p>\n<div class=\"page\" title=\"Page 13\">\n<div class=\"section\">\n<div class=\"layoutArea\">\n<div class=\"column\">\n<p>Projektowanie, proces planowania, odlewanie, obr\u00f3bka, monta\u017c, badanie, ko\u0144cowa obr\u00f3bka powierzchni, logistyka oraz zarz\u0105dzanie jako\u015bci\u0105 wprowadzone w naszych zak\u0142adach gwarantuje najwy\u017csz\u0105 jako\u015b\u0107 produkt\u00f3w TERMOVENT SC.<\/p>\n<p>Zachowuj\u0105c odpowiednie standardy, ka\u017cdy pojedynczy produkt jest testowany.\u00a0Unikalny numer identyfikacyjny nadawany ka\u017cdemu wyrobowi umo\u017cliwia\u00a0pe\u0142n\u0105 kontrol\u0119 wszystkich czynno\u015bci oraz materia\u0142\u00f3w wykorzystanych\u00a0w procesie produkcji.<\/p>\n<p>Proces kontroli jest sta\u0142\u0105 dzia\u0142alno\u015bci\u0105 w naszej firmie, obejmuj\u0105c\u0105: przyj\u0119cie,\u00a0proces produkcyjny (kontrola mi\u0119dzy etapami) i kontrol\u0119 ko\u0144cow\u0105.<\/p>\n<\/div>\n<\/div>\n<\/div>\n<\/div>\n<p>[\/et_pb_text][\/et_pb_column][et_pb_column type=&#8221;2_3&#8243; _builder_version=&#8221;3.25&#8243; custom_padding=&#8221;|||&#8221; _i=&#8221;1&#8243; _address=&#8221;1.0.1&#8243; custom_padding__hover=&#8221;|||&#8221;][et_pb_text admin_label=&#8221;Text&#8221; _builder_version=&#8221;3.29.3&#8243; background_size=&#8221;initial&#8221; background_position=&#8221;top_left&#8221; background_repeat=&#8221;repeat&#8221; hover_enabled=&#8221;0&#8243; use_border_color=&#8221;off&#8221; border_color=&#8221;#ffffff&#8221; border_style=&#8221;solid&#8221; _i=&#8221;0&#8243; _address=&#8221;1.0.1.0&#8243;]<\/p>\n<h1 class=\"page\" title=\"Page 13\">Aparatura pomiarowa oraz kontrolna<\/h1>\n<ul>\n<li>Stanowisko testowe do 1600 bar (do 6 bar powietrzem)<\/li>\n<li>Stanowisko testowe do 650 bar (do 6 bar powietrzem)<\/li>\n<li>Stanowisko testowe do 500 bar (do 6 bar powietrzem)<\/li>\n<li>Stanowisko do pr\u00f3b hydraulicznych do 1000 bar<\/li>\n<li>Spektrometry do analizy chemicznej sk\u0142adu materia\u0142\u00f3w<\/li>\n<li>Urz\u0105dzenia do bada\u0144 ultrad\u017awi\u0119kowych<\/li>\n<li>Urz\u0105dzenia do bada\u0144 magnetyczno-proszkowych<\/li>\n<li>Urz\u0105dzenia do pomiaru grubo\u015bci \u015bcianek armatury<\/li>\n<li>Urz\u0105dzenia do mierzenia twardo\u015bci<\/li>\n<li>Urz\u0105dzenia do badania grubo\u015bci pow\u0142oki lakierniczej<\/li>\n<li>Urz\u0105dzenia do przeprowadzania badania p\u0142ynnym penetrantem<\/li>\n<\/ul>\n<p>[\/et_pb_text][\/et_pb_column][\/et_pb_row][\/et_pb_section]<\/p>\n","protected":false},"excerpt":{"rendered":"<p>Projektowanie, proces planowania, odlewanie, obr\u00f3bka, monta\u017c, badanie, ko\u0144cowa obr\u00f3bka powierzchni, logistyka oraz zarz\u0105dzanie jako\u015bci\u0105 wprowadzone w naszych zak\u0142adach gwarantuje najwy\u017csz\u0105 jako\u015b\u0107 produkt\u00f3w TERMOVENT SC. Zachowuj\u0105c odpowiednie standardy, ka\u017cdy pojedynczy produkt jest testowany.\u00a0Unikalny numer identyfikacyjny nadawany ka\u017cdemu wyrobowi umo\u017cliwia\u00a0pe\u0142n\u0105 kontrol\u0119 wszystkich czynno\u015bci oraz materia\u0142\u00f3w wykorzystanych\u00a0w procesie produkcji. Proces kontroli jest sta\u0142\u0105 dzia\u0142alno\u015bci\u0105 w naszej firmie, obejmuj\u0105c\u0105: [&hellip;]<\/p>\n","protected":false},"author":1,"featured_media":356,"parent":0,"menu_order":0,"comment_status":"closed","ping_status":"closed","template":"","meta":{"_et_pb_use_builder":"on","_et_pb_old_content":"<p>The first affirmation for the quality of products \"Termovent\" SC got in 1990 year, when certificate was awarded by T\u00dcV Nord from Hanover due to Technical commission for quality inspection confirmed that quality level met requirements of the TRD 110 form 1989 year, and Technical commission TG confirmed that products met requirements of the TGL 110 form 1989 year.<\/p><p>At the end of 1996 \"Termovent\" SC was awarded with certificate by T\u00dcV, certification house from Hanover, after performed inspection due to fulfilling requirements as a manufacturer of armatures according to German regulations for pressure vessels TRB 801 Nr.45 and according to AD-direction HP 0\/TRD201. In previous period surveillance was performed by the same certification house and validity of certificates is regularly extended.<\/p><p>In June 2001 year, certification house \u00d6QS from Austria performed audit of the Quality System according to standard ISO 9001\/1994 and awarded certificate No 2238\/0 about fulfillment of all requirements (the certificate is also accepted by certification houses IQNet and Evrocert).<\/p><p>In June 2002 year, certification house T\u00dcV Rheinland \/ Berlin-Branderburg performed audit of the Quality System in \"Termovent\" SC and awarded certificate for regulation of the Quality System according to Directive of the European Union for pressure equipment \u201397\/23\/EC- Modul H certificate number is Nr. 01 202 BG\/ Q-02 0001) for permission to affix marking CE 0035 on products conformed with mentioned directive (complete marking for category II and II is CE0035). The same certification house performs mandatory inspection every year, and after second recertification audit in Jul 2008 year extended validity of certificates until Jun 2011 year when new recertification audit is planned.<\/p><p>At the end of November 2003, certification house T\u00dcV Rheinland Inter Cert Kft performed audit of the Quality System according to requirements of standard ISO 9001:2000, and awarded certificate No 75 100 40033 with extension of validity until 2009 year. In November 2009 year, by the same certification house new recertification audit was performed in accordance with ISO 9001:2008 standard and awarded certificate No 75 100 20189 with validity until 2012 year.<\/p><p>At the end of 2006 year Ministry of Belarus Republic (Prmatomnadzor) issued resolution No. 05-138-2006 about conformation of our products with requirements of valid international standards, and with resolution No. 05-758-2009 conformation was confirmed and validity was extended until December 2012 year.<br \/> In November 2010 year certification house, which performed audit of Quality system in \"Termovent\" SC in accordance with requirements in API Spec Q1 (American Petroleum Institute), awarded certificates for usage and marking of our products with API Monogram for: API Standard 600 (No. 600-0096), API Standard 602 (No. 602-0019), for API Spec 6A (No. 6A-1129) and API Spec 6D (No. 6D-1049). Validity of mention certificates is until November 2013 year.<\/p><p>In February 2010 year certificates of Russian Federation (\u0413\u041e\u0421\u0422 \u0420) were awarded for confomrity of products of \u201eTERMOVNET\u201c SC in accordance with valid (\u0413\u041e\u0421\u0422 \u0420) standards (No. POCC RS.AB68.B01056 and POCC RS.AB68.H01055 for group of products in attachment No. 0126362 and 0126361), and in March 2011 certificate \u0420\u0410\u0417\u0420\u0415\u0428\u0415\u041d\u0418\u0415 No. PPC 00-042670 was awarded for instalation all products in attachment of this certificate, an all teritiory of Russian Federation with validity until 2016 year.<\/p>","_et_gb_content_width":"","footnotes":""},"class_list":["post-473","page","type-page","status-publish","has-post-thumbnail","hentry"],"_links":{"self":[{"href":"http:\/\/termoventsc.rs\/pl\/wp-json\/wp\/v2\/pages\/473","targetHints":{"allow":["GET"]}}],"collection":[{"href":"http:\/\/termoventsc.rs\/pl\/wp-json\/wp\/v2\/pages"}],"about":[{"href":"http:\/\/termoventsc.rs\/pl\/wp-json\/wp\/v2\/types\/page"}],"author":[{"embeddable":true,"href":"http:\/\/termoventsc.rs\/pl\/wp-json\/wp\/v2\/users\/1"}],"replies":[{"embeddable":true,"href":"http:\/\/termoventsc.rs\/pl\/wp-json\/wp\/v2\/comments?post=473"}],"version-history":[{"count":2,"href":"http:\/\/termoventsc.rs\/pl\/wp-json\/wp\/v2\/pages\/473\/revisions"}],"predecessor-version":[{"id":2656,"href":"http:\/\/termoventsc.rs\/pl\/wp-json\/wp\/v2\/pages\/473\/revisions\/2656"}],"wp:featuredmedia":[{"embeddable":true,"href":"http:\/\/termoventsc.rs\/pl\/wp-json\/wp\/v2\/media\/356"}],"wp:attachment":[{"href":"http:\/\/termoventsc.rs\/pl\/wp-json\/wp\/v2\/media?parent=473"}],"curies":[{"name":"wp","href":"https:\/\/api.w.org\/{rel}","templated":true}]}}