{"id":527,"date":"2017-04-04T12:29:39","date_gmt":"2017-04-04T10:29:39","guid":{"rendered":"http:\/\/studiomaximov.co.rs\/testpit\/tvt2017\/?page_id=527"},"modified":"2020-12-08T11:30:17","modified_gmt":"2020-12-08T10:30:17","slug":"527-2","status":"publish","type":"page","link":"http:\/\/termoventsc.rs\/pl\/527-2\/","title":{"rendered":"Valve Plant"},"content":{"rendered":"<p>[et_pb_section fb_built=&#8221;1&#8243; fullwidth=&#8221;on&#8221; admin_label=&#8221;section&#8221; _builder_version=&#8221;3.22&#8243;][et_pb_fullwidth_slider admin_label=&#8221;Fullwidth Slider&#8221; _builder_version=&#8221;3.29.3&#8243; custom_padding=&#8221;|||&#8221; custom_padding_tablet=&#8221;|||&#8221; custom_padding_phone=&#8221;|||&#8221; box_shadow_style=&#8221;preset6&#8243; box_shadow_blur=&#8221;10px&#8221; box_shadow_color=&#8221;rgba(0,0,0,0.1)&#8221; show_inner_shadow=&#8221;on&#8221; button_text_size__hover_enabled=&#8221;off&#8221; button_one_text_size__hover_enabled=&#8221;off&#8221; button_two_text_size__hover_enabled=&#8221;off&#8221; button_text_color__hover_enabled=&#8221;off&#8221; button_one_text_color__hover_enabled=&#8221;off&#8221; button_two_text_color__hover_enabled=&#8221;off&#8221; button_border_width__hover_enabled=&#8221;off&#8221; button_one_border_width__hover_enabled=&#8221;off&#8221; button_two_border_width__hover_enabled=&#8221;off&#8221; button_border_color__hover_enabled=&#8221;off&#8221; button_one_border_color__hover_enabled=&#8221;off&#8221; button_two_border_color__hover_enabled=&#8221;off&#8221; button_border_radius__hover_enabled=&#8221;off&#8221; button_one_border_radius__hover_enabled=&#8221;off&#8221; button_two_border_radius__hover_enabled=&#8221;off&#8221; button_letter_spacing__hover_enabled=&#8221;off&#8221; button_one_letter_spacing__hover_enabled=&#8221;off&#8221; button_two_letter_spacing__hover_enabled=&#8221;off&#8221; button_bg_color__hover_enabled=&#8221;off&#8221; button_one_bg_color__hover_enabled=&#8221;off&#8221; button_two_bg_color__hover_enabled=&#8221;off&#8221;][et_pb_slide heading=&#8221;Zak\u0142ad produkcyjny&#8221; use_bg_overlay=&#8221;off&#8221; use_text_overlay=&#8221;off&#8221; _builder_version=&#8221;3.29.3&#8243; header_font=&#8221;||||&#8221; body_font=&#8221;||||&#8221; background_color=&#8221;#ffffff&#8221; background_image=&#8221;http:\/\/termoventsc.rs\/english\/wp-content\/uploads\/2017\/03\/11.jpg&#8221; button_icon_placement=&#8221;right&#8221; button_on_hover=&#8221;on&#8221; button_text_size__hover_enabled=&#8221;off&#8221; button_one_text_size__hover_enabled=&#8221;off&#8221; button_two_text_size__hover_enabled=&#8221;off&#8221; button_text_color__hover_enabled=&#8221;off&#8221; button_one_text_color__hover_enabled=&#8221;off&#8221; button_two_text_color__hover_enabled=&#8221;off&#8221; button_border_width__hover_enabled=&#8221;off&#8221; button_one_border_width__hover_enabled=&#8221;off&#8221; button_two_border_width__hover_enabled=&#8221;off&#8221; button_border_color__hover_enabled=&#8221;off&#8221; button_one_border_color__hover_enabled=&#8221;off&#8221; button_two_border_color__hover_enabled=&#8221;off&#8221; button_border_radius__hover_enabled=&#8221;off&#8221; button_one_border_radius__hover_enabled=&#8221;off&#8221; button_two_border_radius__hover_enabled=&#8221;off&#8221; button_letter_spacing__hover_enabled=&#8221;off&#8221; button_one_letter_spacing__hover_enabled=&#8221;off&#8221; button_two_letter_spacing__hover_enabled=&#8221;off&#8221; button_bg_color__hover_enabled=&#8221;off&#8221; button_one_bg_color__hover_enabled=&#8221;off&#8221; button_two_bg_color__hover_enabled=&#8221;off&#8221; sticky_transition=&#8221;on&#8221;]<\/p>\n<p>Produkcja armatury przemys\u0142owej, Temerin (Serbia)<\/p>\n<p>[\/et_pb_slide][\/et_pb_fullwidth_slider][\/et_pb_section][et_pb_section fb_built=&#8221;1&#8243; admin_label=&#8221;section&#8221; _builder_version=&#8221;3.22&#8243;][et_pb_row column_structure=&#8221;1_2,1_4,1_4&#8243; admin_label=&#8221;Row&#8221; _builder_version=&#8221;3.25&#8243; background_size=&#8221;initial&#8221; background_position=&#8221;top_left&#8221; background_repeat=&#8221;repeat&#8221;][et_pb_column type=&#8221;1_2&#8243; _builder_version=&#8221;3.25&#8243; custom_padding=&#8221;|||&#8221; custom_padding__hover=&#8221;|||&#8221;][et_pb_text admin_label=&#8221;Text&#8221; _builder_version=&#8221;3.29.3&#8243; background_size=&#8221;initial&#8221; background_position=&#8221;top_left&#8221; background_repeat=&#8221;repeat&#8221;]<\/p>\n<h1>Zak\u0142ad produkcyjny<\/h1>\n<p>Zak\u0142ad produkcyjny TERMOVENT SC Temerinie z kompleksow\u0105 infrastruktur\u0105,<br \/>niezb\u0119dnym wyposa\u017ceniem do innowacyjnych dzia\u0142a\u0144 i nowoczesnym zapleczem, w kt\u00f3rym produkcja rozpocz\u0119\u0142a si\u0119 w 1996 r.<\/p>\n<p>Produkujemy armatur\u0119 przemys\u0142ow\u0105 dla sektora energetycznego, przemys\u0142u rafineryjnego oraz szeroko poj\u0119tego sektora przemys\u0142owego.<\/p>\n<p>[\/et_pb_text][\/et_pb_column][et_pb_column type=&#8221;1_4&#8243; _builder_version=&#8221;3.25&#8243; custom_padding=&#8221;|||&#8221; custom_padding__hover=&#8221;|||&#8221;][et_pb_number_counter title=&#8221;pracownik\u00f3w&#8221; number=&#8221;140&#8243; percent_sign=&#8221;off&#8221; admin_label=&#8221;Number Counter&#8221; _builder_version=&#8221;3.0.48&#8243; background_size=&#8221;initial&#8221; background_position=&#8221;top_left&#8221; background_repeat=&#8221;repeat&#8221;][\/et_pb_number_counter][\/et_pb_column][et_pb_column type=&#8221;1_4&#8243; _builder_version=&#8221;3.25&#8243; custom_padding=&#8221;|||&#8221; custom_padding__hover=&#8221;|||&#8221;][et_pb_blurb title=&#8221;PRODUKCJA ARMATURY PRZEMYS\u0141OWEJ&#8221; use_icon=&#8221;on&#8221; font_icon=&#8221;%%176%%&#8221; icon_placement=&#8221;left&#8221; admin_label=&#8221;Blurb&#8221; _builder_version=&#8221;3.29.3&#8243; background_size=&#8221;initial&#8221; background_position=&#8221;top_left&#8221; background_repeat=&#8221;repeat&#8221; text_orientation=&#8221;center&#8221;][\/et_pb_blurb][et_pb_number_counter title=&#8221;\u33a1 powierzchni produkcyjnej &#8221; number=&#8221;9000&#8243; percent_sign=&#8221;off&#8221; counter_color=&#8221;#003063&#8243; admin_label=&#8221;Number Counter&#8221; _builder_version=&#8221;3.0.48&#8243; background_size=&#8221;initial&#8221; background_position=&#8221;top_left&#8221; background_repeat=&#8221;repeat&#8221;][\/et_pb_number_counter][\/et_pb_column][\/et_pb_row][et_pb_row admin_label=&#8221;Row&#8221; _builder_version=&#8221;3.25&#8243; background_size=&#8221;initial&#8221; background_position=&#8221;top_left&#8221; background_repeat=&#8221;repeat&#8221;][et_pb_column type=&#8221;4_4&#8243; _builder_version=&#8221;3.25&#8243; custom_padding=&#8221;|||&#8221; custom_padding__hover=&#8221;|||&#8221;][et_pb_gallery gallery_ids=&#8221;124,580,581,582&#8243; show_title_and_caption=&#8221;off&#8221; show_pagination=&#8221;off&#8221; admin_label=&#8221;Gallery&#8221; _builder_version=&#8221;3.0.47&#8243;][\/et_pb_gallery][\/et_pb_column][\/et_pb_row][et_pb_row column_structure=&#8221;1_3,2_3&#8243; admin_label=&#8221;Row&#8221; _builder_version=&#8221;3.25&#8243; background_size=&#8221;initial&#8221; background_position=&#8221;top_left&#8221; background_repeat=&#8221;repeat&#8221;][et_pb_column type=&#8221;1_3&#8243; _builder_version=&#8221;3.25&#8243; custom_padding=&#8221;|||&#8221; custom_padding__hover=&#8221;|||&#8221;][et_pb_text admin_label=&#8221;Text&#8221; _builder_version=&#8221;3.27.4&#8243; background_size=&#8221;initial&#8221; background_position=&#8221;top_left&#8221; background_repeat=&#8221;repeat&#8221;]<\/p>\n<div class=\"page\" title=\"Page 11\">\n<div class=\"section\">\n<div class=\"layoutArea\">\n<div class=\"column\">\n<h2>Mo\u017cliwo\u015bci produkcyjne<\/h2>\n<p>Ka\u017cdego roku inwestujemy w najnowocze\u015bniejsze maszyny i technologie procesowe. To nasz spos\u00f3b na zwi\u0119kszanie mo\u017cliwo\u015bci produkcyjnych oraz wytwarzanie produkt\u00f3w najwy\u017cszej jako\u015bci.<\/p>\n<\/div>\n<\/div>\n<\/div>\n<\/div>\n<p>[\/et_pb_text][\/et_pb_column][et_pb_column type=&#8221;2_3&#8243; _builder_version=&#8221;3.25&#8243; custom_padding=&#8221;|||&#8221; custom_padding__hover=&#8221;|||&#8221;][et_pb_accordion admin_label=&#8221;Accordion&#8221; _builder_version=&#8221;4.7.4&#8243; hover_enabled=&#8221;0&#8243; sticky_enabled=&#8221;0&#8243;][et_pb_accordion_item title=&#8221;Park maszynowy&#8221; open=&#8221;on&#8221; _builder_version=&#8221;3.0.47&#8243;]<\/p>\n<div class='one_half'>\n\t\t\t\t\t<ul>\n<li>5-osiowe centrum obr\u00f3bcze CNC \/\/ 2szt<\/li>\n<li>Tokarki CNC \/\/ 8 szt.<\/li>\n<li>Poziome centra obr\u00f3bcze CNC \/\/ 2 szt.<\/li>\n<li>Pi\u0142a do metalu CNC \/\/ 3 szt.<\/li>\n<li>Automaty spawalnicze \/\/ 4 szt.<\/li>\n<li>Tokarki karuzelowe \/\/ 2 szt.<\/li>\n<li>Tokarki uniwersalne \/\/ 24 szt.<\/li>\n<li>Wiertarki \/\/ 9 szt.<\/li>\n<\/ul>\n\t\t\t\t<\/div><div class='one_half et_column_last'>\n\t\t\t\t\t<ul>\n<li>Frezarki \/\/ 7 szt.<\/li>\n<li>Wytaczarka pozioma \/ frezarka \/ tokarka Borwerk \/\/ 4 szt.<\/li>\n<li>Szlifierki \/\/ 3 szt.<\/li>\n<li>Maszyny docieraj\u0105ce \/\/ 3 szt.<\/li>\n<li>Automatyczne linie lakiernicze \/\/ 2 szt.<\/li>\n<li>Walcarka do gwint\u00f3w<\/li>\n<\/ul>\n\t\t\t\t<\/div><div class='clear'><\/div><\/p>\n<p>[\/et_pb_accordion_item][et_pb_accordion_item title=&#8221;Aparatura pomiarowa i kontrolna&#8221; _builder_version=&#8221;4.7.4&#8243; hover_enabled=&#8221;0&#8243; open=&#8221;off&#8221; sticky_enabled=&#8221;0&#8243;]<\/p>\n<div class='one_half'>\n\t\t\t\t\t<ul>\n<li>Stanowisko testowe do 1600 bar *<span> <\/span><\/li>\n<li>Stanowisko testowe do 650 bar *<\/li>\n<li>Stanowisko testowe do 500 bar *<\/li>\n<li>Stanowisko do pr\u00f3b hydraulicznych do 1000 bar<\/li>\n<li>Spektrometry do analizy chemicznej sk\u0142adu materia\u0142\u00f3w (surowc\u00f3w wej\u015bciowych i produkt\u00f3w ko\u0144cowych) \u00a0[PMI]<\/li>\n<\/ul>\n\t\t\t\t<\/div> <div class='one_half et_column_last'>\n\t\t\t\t\t<ul>\n<li>Urz\u0105dzenia do bada\u0144 magnetyczno-proszkowych<\/li>\n<li>Urz\u0105dzenia do pomiaru grubo\u015bci \u015bcianek armatury<\/li>\n<li>Urz\u0105dzenia do mierzenia twardo\u015bci<\/li>\n<li>Urz\u0105dzenia do badania grubo\u015bci pow\u0142oki lakierniczej<\/li>\n<li>Urz\u0105dzenia do przeprowadzania badania p\u0142ynnym penetrantem<\/li>\n<\/ul>\n<p><span style=\"font-size: 14px;\">\n\t\t\t\t<\/div><div class='clear'><\/div><\/span><\/p>\n<p>* (do 6 bar powietrzem)<\/p>\n<p>[\/et_pb_accordion_item][\/et_pb_accordion][\/et_pb_column][\/et_pb_row][\/et_pb_section][et_pb_section fb_built=&#8221;1&#8243; fullwidth=&#8221;on&#8221; admin_label=&#8221;section&#8221; _builder_version=&#8221;3.22&#8243; background_color=&#8221;#003063&#8243;][et_pb_fullwidth_header title=&#8221;Tu nas znajdziesz&#8221; text_orientation=&#8221;center&#8221; content_max_width=&#8221;none&#8221; admin_label=&#8221;Fullwidth Header&#8221; _builder_version=&#8221;3.16&#8243; background_color=&#8221;rgba(255, 255, 255, 0)&#8221; button_one_text_size__hover_enabled=&#8221;off&#8221; button_two_text_size__hover_enabled=&#8221;off&#8221; button_one_text_color__hover_enabled=&#8221;off&#8221; button_two_text_color__hover_enabled=&#8221;off&#8221; button_one_border_width__hover_enabled=&#8221;off&#8221; button_two_border_width__hover_enabled=&#8221;off&#8221; button_one_border_color__hover_enabled=&#8221;off&#8221; button_two_border_color__hover_enabled=&#8221;off&#8221; button_one_border_radius__hover_enabled=&#8221;off&#8221; button_two_border_radius__hover_enabled=&#8221;off&#8221; button_one_letter_spacing__hover_enabled=&#8221;off&#8221; button_two_letter_spacing__hover_enabled=&#8221;off&#8221; button_one_bg_color__hover_enabled=&#8221;off&#8221; button_two_bg_color__hover_enabled=&#8221;off&#8221;][\/et_pb_fullwidth_header][et_pb_fullwidth_map address=&#8221;Termovent SC d.o.o. Parking, Temerin, Serbia&#8221; zoom_level=&#8221;15&#8243; address_lat=&#8221;45.396670700319866&#8243; address_lng=&#8221;19.873873315383225&#8243; mouse_wheel=&#8221;off&#8221; admin_label=&#8221;Fullwidth Map&#8221; _builder_version=&#8221;3.0.91&#8243;][et_pb_map_pin title=&#8221;Termovent SC, Industrial Valves&#8221; pin_address=&#8221;Termovent SC d.o.o. &#8211; Inter-Facility communication, Temerin, Serbia&#8221; pin_address_lat=&#8221;45.396201135173946&#8243; pin_address_lng=&#8221;19.875871561099302&#8243; _builder_version=&#8221;3.0.47&#8243;]Temerin (Serbia)[\/et_pb_map_pin][\/et_pb_fullwidth_map][\/et_pb_section]<\/p>\n","protected":false},"excerpt":{"rendered":"<p>Produkcja armatury przemys\u0142owej, Temerin (Serbia)Zak\u0142ad produkcyjny Zak\u0142ad produkcyjny TERMOVENT SC Temerinie z kompleksow\u0105 infrastruktur\u0105,niezb\u0119dnym wyposa\u017ceniem do innowacyjnych dzia\u0142a\u0144 i nowoczesnym zapleczem, w kt\u00f3rym produkcja rozpocz\u0119\u0142a si\u0119 w 1996 r. Produkujemy armatur\u0119 przemys\u0142ow\u0105 dla sektora energetycznego, przemys\u0142u rafineryjnego oraz szeroko poj\u0119tego sektora przemys\u0142owego. Mo\u017cliwo\u015bci produkcyjne Ka\u017cdego roku inwestujemy w najnowocze\u015bniejsze maszyny i technologie procesowe. To nasz [&hellip;]<\/p>\n","protected":false},"author":1,"featured_media":0,"parent":0,"menu_order":0,"comment_status":"closed","ping_status":"closed","template":"","meta":{"_et_pb_use_builder":"on","_et_pb_old_content":"","_et_gb_content_width":"","footnotes":""},"class_list":["post-527","page","type-page","status-publish","hentry"],"_links":{"self":[{"href":"http:\/\/termoventsc.rs\/pl\/wp-json\/wp\/v2\/pages\/527","targetHints":{"allow":["GET"]}}],"collection":[{"href":"http:\/\/termoventsc.rs\/pl\/wp-json\/wp\/v2\/pages"}],"about":[{"href":"http:\/\/termoventsc.rs\/pl\/wp-json\/wp\/v2\/types\/page"}],"author":[{"embeddable":true,"href":"http:\/\/termoventsc.rs\/pl\/wp-json\/wp\/v2\/users\/1"}],"replies":[{"embeddable":true,"href":"http:\/\/termoventsc.rs\/pl\/wp-json\/wp\/v2\/comments?post=527"}],"version-history":[{"count":9,"href":"http:\/\/termoventsc.rs\/pl\/wp-json\/wp\/v2\/pages\/527\/revisions"}],"predecessor-version":[{"id":3011,"href":"http:\/\/termoventsc.rs\/pl\/wp-json\/wp\/v2\/pages\/527\/revisions\/3011"}],"wp:attachment":[{"href":"http:\/\/termoventsc.rs\/pl\/wp-json\/wp\/v2\/media?parent=527"}],"curies":[{"name":"wp","href":"https:\/\/api.w.org\/{rel}","templated":true}]}}