{"id":541,"date":"2017-04-04T12:48:02","date_gmt":"2017-04-04T10:48:02","guid":{"rendered":"http:\/\/studiomaximov.co.rs\/testpit\/tvt2017\/?page_id=541"},"modified":"2020-12-08T11:31:24","modified_gmt":"2020-12-08T10:31:24","slug":"steel-foundry","status":"publish","type":"page","link":"http:\/\/termoventsc.rs\/pl\/steel-foundry\/","title":{"rendered":"Steel Foundry"},"content":{"rendered":"<p>[et_pb_section fb_built=&#8221;1&#8243; fullwidth=&#8221;on&#8221; admin_label=&#8221;section&#8221; _builder_version=&#8221;3.22&#8243;][et_pb_fullwidth_slider admin_label=&#8221;Fullwidth Slider&#8221; _builder_version=&#8221;3.16&#8243; custom_padding=&#8221;|||&#8221; custom_padding_tablet=&#8221;|||&#8221; custom_padding_phone=&#8221;|||&#8221; box_shadow_style=&#8221;preset6&#8243; box_shadow_blur=&#8221;10px&#8221; box_shadow_color=&#8221;rgba(0,0,0,0.1)&#8221; remove_inner_shadow=&#8221;off&#8221; hide_content_on_mobile=&#8221;off&#8221; hide_cta_on_mobile=&#8221;off&#8221; show_inner_shadow=&#8221;on&#8221; button_letter_spacing_hover=&#8221;0&#8243; button_text_size__hover_enabled=&#8221;off&#8221; button_one_text_size__hover_enabled=&#8221;off&#8221; button_two_text_size__hover_enabled=&#8221;off&#8221; button_text_color__hover_enabled=&#8221;off&#8221; button_one_text_color__hover_enabled=&#8221;off&#8221; button_two_text_color__hover_enabled=&#8221;off&#8221; button_border_width__hover_enabled=&#8221;off&#8221; button_one_border_width__hover_enabled=&#8221;off&#8221; button_two_border_width__hover_enabled=&#8221;off&#8221; button_border_color__hover_enabled=&#8221;off&#8221; button_one_border_color__hover_enabled=&#8221;off&#8221; button_two_border_color__hover_enabled=&#8221;off&#8221; button_border_radius__hover_enabled=&#8221;off&#8221; button_one_border_radius__hover_enabled=&#8221;off&#8221; button_two_border_radius__hover_enabled=&#8221;off&#8221; button_letter_spacing__hover_enabled=&#8221;on&#8221; button_letter_spacing__hover=&#8221;0&#8243; button_one_letter_spacing__hover_enabled=&#8221;off&#8221; button_two_letter_spacing__hover_enabled=&#8221;off&#8221; button_bg_color__hover_enabled=&#8221;off&#8221; button_one_bg_color__hover_enabled=&#8221;off&#8221; button_two_bg_color__hover_enabled=&#8221;off&#8221;][et_pb_slide heading=&#8221;Odlewnia stali&#8221; use_bg_overlay=&#8221;off&#8221; use_text_overlay=&#8221;off&#8221; _builder_version=&#8221;3.16&#8243; header_font=&#8221;||||&#8221; body_font=&#8221;||||&#8221; background_color=&#8221;#ffffff&#8221; background_image=&#8221;http:\/\/termoventsc.rs\/english\/wp-content\/uploads\/2017\/04\/vlcsnap-2015-05-26-20h20m53s084-24531.jpg&#8221; button_icon_placement=&#8221;right&#8221; button_on_hover=&#8221;on&#8221; button_text_size__hover_enabled=&#8221;off&#8221; button_one_text_size__hover_enabled=&#8221;off&#8221; button_two_text_size__hover_enabled=&#8221;off&#8221; button_text_color__hover_enabled=&#8221;off&#8221; button_one_text_color__hover_enabled=&#8221;off&#8221; button_two_text_color__hover_enabled=&#8221;off&#8221; button_border_width__hover_enabled=&#8221;off&#8221; button_one_border_width__hover_enabled=&#8221;off&#8221; button_two_border_width__hover_enabled=&#8221;off&#8221; button_border_color__hover_enabled=&#8221;off&#8221; button_one_border_color__hover_enabled=&#8221;off&#8221; button_two_border_color__hover_enabled=&#8221;off&#8221; button_border_radius__hover_enabled=&#8221;off&#8221; button_one_border_radius__hover_enabled=&#8221;off&#8221; button_two_border_radius__hover_enabled=&#8221;off&#8221; button_letter_spacing__hover_enabled=&#8221;off&#8221; button_one_letter_spacing__hover_enabled=&#8221;off&#8221; button_two_letter_spacing__hover_enabled=&#8221;off&#8221; button_bg_color__hover_enabled=&#8221;off&#8221; button_one_bg_color__hover_enabled=&#8221;off&#8221; button_two_bg_color__hover_enabled=&#8221;off&#8221; sticky_transition=&#8221;on&#8221;]<\/p>\n<p>Odlewnia stali Termovent SC, Backa Topola (Serbia)<\/p>\n<p>[\/et_pb_slide][\/et_pb_fullwidth_slider][\/et_pb_section][et_pb_section fb_built=&#8221;1&#8243; admin_label=&#8221;section&#8221; _builder_version=&#8221;3.29.3&#8243;][et_pb_row column_structure=&#8221;1_2,1_4,1_4&#8243; admin_label=&#8221;Row&#8221; _builder_version=&#8221;3.25&#8243; background_size=&#8221;initial&#8221; background_position=&#8221;top_left&#8221; background_repeat=&#8221;repeat&#8221;][et_pb_column type=&#8221;1_2&#8243; _builder_version=&#8221;3.25&#8243; custom_padding=&#8221;|||&#8221; custom_padding__hover=&#8221;|||&#8221;][et_pb_text admin_label=&#8221;Text&#8221; _builder_version=&#8221;3.27.4&#8243; background_size=&#8221;initial&#8221; background_position=&#8221;top_left&#8221; background_repeat=&#8221;repeat&#8221; use_border_color=&#8221;off&#8221; border_color=&#8221;#ffffff&#8221; border_style=&#8221;solid&#8221;]<\/p>\n<h2>Odlewnia stali<\/h2>\n<p>Wszystkie komponenty odlewane naszych produkt\u00f3w produkowane s\u0105 w naszej w\u0142asnej odlewni stali TERMOVENT SC Backa Topola w Serbii.<\/p>\n<p>Nasz wieloletni dostawca odlew\u00f3w sta\u0142 si\u0119 cz\u0119\u015bci\u0105 naszej firmy w 2003 roku.<\/p>\n<p>[\/et_pb_text][\/et_pb_column][et_pb_column type=&#8221;1_4&#8243; _builder_version=&#8221;3.25&#8243; custom_padding=&#8221;|||&#8221; custom_padding__hover=&#8221;|||&#8221;][et_pb_number_counter title=&#8221;pracownik\u00f3w&#8221; number=&#8221;225&#8243; percent_sign=&#8221;off&#8221; counter_color=&#8221;#003063&#8243; admin_label=&#8221;Number Counter&#8221; _builder_version=&#8221;3.0.87&#8243; background_size=&#8221;initial&#8221; background_position=&#8221;top_left&#8221; background_repeat=&#8221;repeat&#8221; use_border_color=&#8221;off&#8221; border_color=&#8221;#ffffff&#8221; border_style=&#8221;solid&#8221;][\/et_pb_number_counter][\/et_pb_column][et_pb_column type=&#8221;1_4&#8243; _builder_version=&#8221;3.25&#8243; custom_padding=&#8221;|||&#8221; custom_padding__hover=&#8221;|||&#8221;][et_pb_blurb title=&#8221;PRODUKCJA ODLEW\u00d3W&#8221; use_icon=&#8221;on&#8221; font_icon=&#8221;%%176%%&#8221; icon_placement=&#8221;left&#8221; admin_label=&#8221;Blurb&#8221; _builder_version=&#8221;3.29.3&#8243; background_size=&#8221;initial&#8221; background_position=&#8221;top_left&#8221; background_repeat=&#8221;repeat&#8221; use_border_color=&#8221;off&#8221; border_color=&#8221;#ffffff&#8221; border_style=&#8221;solid&#8221;][\/et_pb_blurb][et_pb_number_counter title=&#8221;\u33a1 powierzchni produkcyjnej&#8221; number=&#8221;8500&#8243; percent_sign=&#8221;off&#8221; counter_color=&#8221;#003063&#8243; admin_label=&#8221;Number Counter&#8221; _builder_version=&#8221;3.0.87&#8243; background_size=&#8221;initial&#8221; background_position=&#8221;top_left&#8221; background_repeat=&#8221;repeat&#8221; use_border_color=&#8221;off&#8221; border_color=&#8221;#ffffff&#8221; border_style=&#8221;solid&#8221;][\/et_pb_number_counter][\/et_pb_column][\/et_pb_row][et_pb_row admin_label=&#8221;Row&#8221; _builder_version=&#8221;3.25&#8243; background_size=&#8221;initial&#8221; background_position=&#8221;top_left&#8221; background_repeat=&#8221;repeat&#8221;][et_pb_column type=&#8221;4_4&#8243; _builder_version=&#8221;3.25&#8243; custom_padding=&#8221;|||&#8221; custom_padding__hover=&#8221;|||&#8221;][et_pb_gallery gallery_ids=&#8221;544,563,564,565&#8243; show_title_and_caption=&#8221;off&#8221; show_pagination=&#8221;off&#8221; admin_label=&#8221;Gallery&#8221; _builder_version=&#8221;3.0.87&#8243; use_border_color=&#8221;off&#8221; border_color=&#8221;#ffffff&#8221; border_style=&#8221;solid&#8221;][\/et_pb_gallery][\/et_pb_column][\/et_pb_row][et_pb_row column_structure=&#8221;1_4,3_4&#8243; admin_label=&#8221;Row&#8221; _builder_version=&#8221;3.29.3&#8243; background_size=&#8221;initial&#8221; background_position=&#8221;top_left&#8221; background_repeat=&#8221;repeat&#8221;][et_pb_column type=&#8221;1_4&#8243; _builder_version=&#8221;3.25&#8243; custom_padding=&#8221;|||&#8221; custom_padding__hover=&#8221;|||&#8221;][et_pb_text admin_label=&#8221;Text&#8221; _builder_version=&#8221;3.29.3&#8243; background_size=&#8221;initial&#8221; background_position=&#8221;top_left&#8221; background_repeat=&#8221;repeat&#8221; use_border_color=&#8221;off&#8221; border_color=&#8221;#ffffff&#8221; border_style=&#8221;solid&#8221;]<\/p>\n<h3 style=\"text-align: center;\">Mo\u017cliwo\u015bci produkcyjne odlewni<\/h3>\n<p>[\/et_pb_text][et_pb_number_counter title=&#8221;ton \/ rocznie&#8221; number=&#8221;3000&#8243; percent_sign=&#8221;off&#8221; counter_color=&#8221;#003063&#8243; admin_label=&#8221;Number Counter&#8221; _builder_version=&#8221;3.0.87&#8243; background_size=&#8221;initial&#8221; background_position=&#8221;top_left&#8221; background_repeat=&#8221;repeat&#8221; use_border_color=&#8221;off&#8221; border_color=&#8221;#ffffff&#8221; border_style=&#8221;solid&#8221;][\/et_pb_number_counter][\/et_pb_column][et_pb_column type=&#8221;3_4&#8243; _builder_version=&#8221;3.25&#8243; custom_padding=&#8221;|||&#8221; custom_padding__hover=&#8221;|||&#8221;][et_pb_text admin_label=&#8221;Text&#8221; _builder_version=&#8221;3.27.4&#8243; background_size=&#8221;initial&#8221; background_position=&#8221;top_left&#8221; background_repeat=&#8221;repeat&#8221; use_border_color=&#8221;off&#8221; border_color=&#8221;#ffffff&#8221; border_style=&#8221;solid&#8221;]<\/p>\n<h3>Materia\u0142y<\/h3>\n<hr \/>\n<p>&nbsp;<\/p>\n<div class='one_third'>\n\t\t\t\t\t<h4>Staliwa w\u0119glowe<\/h4>\n<ul>\n<li>GE300<\/li>\n<li>GP240GH<\/li>\n<li>WCB<\/li>\n<li>LCB<\/li>\n<li>20L<\/li>\n<\/ul>\n<h4>Staliwa \u017caroodporne<\/h4>\n<ul>\n<li>GX40CrNiSi27-4<\/li>\n<li>GX40CrNiSi 25-20<\/li>\n<li>GX130CrSi29<\/li>\n<\/ul>\n<h4>Staliwa odporne na \u015bcieranie<\/h4>\n<ul>\n<li>GX300CrMo15 3<\/li>\n<li>GX300CrMo27 1<\/li>\n<\/ul>\n\t\t\t\t<\/div><div class='one_third'>\n\t\t\t\t\t<h4>Staliwa stopowe<\/h4>\n<ul>\n<li>G20Mo5<\/li>\n<li>G17CrMo5-5<\/li>\n<li>G17CrMo9-10<\/li>\n<li>G24CrMo4<\/li>\n<li>4A<\/li>\n<li>4C<\/li>\n<li>WC1<\/li>\n<li>WC6<\/li>\n<li>WC9<\/li>\n<li>C5<\/li>\n<li>C12A<\/li>\n<li>CA15<\/li>\n<li>G35CrNiMo6-6<\/li>\n<li>G32NiCrMo8-5-4<\/li>\n<\/ul>\n\t\t\t\t<\/div><div class='one_third et_column_last'>\n\t\t\t\t\t<h4>Staliwa trudno\u015bcieralne<\/h4>\n<ul>\n<li>G20Mn5<\/li>\n<li>GX120Mn13<\/li>\n<li>GX120Mn18-2<\/li>\n<\/ul>\n<h4>Stale nierdzewne<\/h4>\n<ul>\n<li>GX5CrNi19-10<\/li>\n<li>GX5CrNiMo19-11-2<\/li>\n<li>GX5CrNiMoNb19-11-2<\/li>\n<li>GX5CrNiNb19 11<\/li>\n<li>GX12Cr12<\/li>\n<li>CF8<\/li>\n<li>CF8M<\/li>\n<li>CF8C<\/li>\n<li>12X18H9T<\/li>\n<li>12X18H12M3T<\/li>\n<\/ul>\n\t\t\t\t<\/div><div class='clear'><\/div><\/p>\n<p>[\/et_pb_text][\/et_pb_column][\/et_pb_row][\/et_pb_section][et_pb_section fb_built=&#8221;1&#8243; fullwidth=&#8221;on&#8221; admin_label=&#8221;section&#8221; _builder_version=&#8221;3.22&#8243; background_color=&#8221;#003063&#8243; transparent_background=&#8221;off&#8221; make_fullwidth=&#8221;off&#8221; use_custom_width=&#8221;off&#8221; width_unit=&#8221;on&#8221;][et_pb_fullwidth_header title=&#8221;Tu nas znajdziesz&#8221; text_orientation=&#8221;center&#8221; content_max_width=&#8221;none&#8221; admin_label=&#8221;Fullwidth Header&#8221; _builder_version=&#8221;4.7.4&#8243; background_color=&#8221;rgba(255, 255, 255, 0)&#8221; hover_enabled=&#8221;0&#8243; button_one_letter_spacing_hover=&#8221;0&#8243; button_two_letter_spacing_hover=&#8221;0&#8243; button_one_text_size__hover_enabled=&#8221;off&#8221; button_two_text_size__hover_enabled=&#8221;off&#8221; button_one_text_color__hover_enabled=&#8221;off&#8221; button_two_text_color__hover_enabled=&#8221;off&#8221; button_one_border_width__hover_enabled=&#8221;off&#8221; button_two_border_width__hover_enabled=&#8221;off&#8221; button_one_border_color__hover_enabled=&#8221;off&#8221; button_two_border_color__hover_enabled=&#8221;off&#8221; button_one_border_radius__hover_enabled=&#8221;off&#8221; button_two_border_radius__hover_enabled=&#8221;off&#8221; button_one_letter_spacing__hover_enabled=&#8221;on&#8221; button_one_letter_spacing__hover=&#8221;0&#8243; button_two_letter_spacing__hover_enabled=&#8221;on&#8221; button_two_letter_spacing__hover=&#8221;0&#8243; button_one_bg_color__hover_enabled=&#8221;off&#8221; button_two_bg_color__hover_enabled=&#8221;off&#8221; sticky_enabled=&#8221;0&#8243;][\/et_pb_fullwidth_header][et_pb_fullwidth_map address=&#8221;Ba\u010dka Topola, Serbia&#8221; zoom_level=&#8221;13&#8243; address_lat=&#8221;45.8140022&#8243; address_lng=&#8221;19.65578460000006&#8243; mouse_wheel=&#8221;off&#8221; admin_label=&#8221;Fullwidth Map&#8221; _builder_version=&#8221;3.0.91&#8243;][et_pb_map_pin title=&#8221;Termovent SC, Steel Foundry&#8221; pin_address=&#8221;Inter-Facility communication, Ba\u010dka Topola, Serbia&#8221; pin_address_lat=&#8221;45.81441722135744&#8243; pin_address_lng=&#8221;19.655677311639465&#8243; _builder_version=&#8221;3.0.47&#8243;]Ba\u010dka Topola, Serbia[\/et_pb_map_pin][\/et_pb_fullwidth_map][\/et_pb_section]<\/p>\n","protected":false},"excerpt":{"rendered":"<p>Odlewnia stali Termovent SC, Backa Topola (Serbia)Odlewnia stali Wszystkie komponenty odlewane naszych produkt\u00f3w produkowane s\u0105 w naszej w\u0142asnej odlewni stali TERMOVENT SC Backa Topola w Serbii. Nasz wieloletni dostawca odlew\u00f3w sta\u0142 si\u0119 cz\u0119\u015bci\u0105 naszej firmy w 2003 roku.Mo\u017cliwo\u015bci produkcyjne odlewniMateria\u0142y &nbsp; <div class='one_third'>\n\t\t\t\t\t\n\t\t\t\t<\/div> Staliwa w\u0119glowe GE300 GP240GH WCB LCB 20L Staliwa \u017caroodporne GX40CrNiSi27-4 GX40CrNiSi 25-20 GX130CrSi29 [&hellip;]<\/p>\n","protected":false},"author":1,"featured_media":0,"parent":0,"menu_order":0,"comment_status":"closed","ping_status":"closed","template":"","meta":{"_et_pb_use_builder":"on","_et_pb_old_content":"","_et_gb_content_width":"","footnotes":""},"class_list":["post-541","page","type-page","status-publish","hentry"],"_links":{"self":[{"href":"http:\/\/termoventsc.rs\/pl\/wp-json\/wp\/v2\/pages\/541","targetHints":{"allow":["GET"]}}],"collection":[{"href":"http:\/\/termoventsc.rs\/pl\/wp-json\/wp\/v2\/pages"}],"about":[{"href":"http:\/\/termoventsc.rs\/pl\/wp-json\/wp\/v2\/types\/page"}],"author":[{"embeddable":true,"href":"http:\/\/termoventsc.rs\/pl\/wp-json\/wp\/v2\/users\/1"}],"replies":[{"embeddable":true,"href":"http:\/\/termoventsc.rs\/pl\/wp-json\/wp\/v2\/comments?post=541"}],"version-history":[{"count":4,"href":"http:\/\/termoventsc.rs\/pl\/wp-json\/wp\/v2\/pages\/541\/revisions"}],"predecessor-version":[{"id":3013,"href":"http:\/\/termoventsc.rs\/pl\/wp-json\/wp\/v2\/pages\/541\/revisions\/3013"}],"wp:attachment":[{"href":"http:\/\/termoventsc.rs\/pl\/wp-json\/wp\/v2\/media?parent=541"}],"curies":[{"name":"wp","href":"https:\/\/api.w.org\/{rel}","templated":true}]}}