{"id":1385,"date":"2017-04-18T11:06:29","date_gmt":"2017-04-18T09:06:29","guid":{"rendered":"http:\/\/studiomaximov.co.rs\/testpit\/tvt2017\/?page_id=1385"},"modified":"2024-06-25T10:23:59","modified_gmt":"2024-06-25T08:23:59","slug":"%d0%bf%d1%80%d0%b5%d0%b4%d1%81%d1%82%d0%b0%d0%b2%d0%b8%d1%82%d0%b5%d0%bb%d0%b8-%d0%b8-%d0%b4%d0%b8%d1%81%d1%82%d1%80%d0%b8%d0%b1%d1%8c%d1%8e%d1%82%d0%be%d1%80%d1%8b","status":"publish","type":"page","link":"http:\/\/termoventsc.rs\/ru\/%d0%bf%d1%80%d0%b5%d0%b4%d1%81%d1%82%d0%b0%d0%b2%d0%b8%d1%82%d0%b5%d0%bb%d0%b8-%d0%b8-%d0%b4%d0%b8%d1%81%d1%82%d1%80%d0%b8%d0%b1%d1%8c%d1%8e%d1%82%d0%be%d1%80%d1%8b\/","title":{"rendered":"\u041f\u0440\u0435\u0434\u0441\u0442\u0430\u0432\u0438\u0442\u0435\u043b\u0438 \u0438 \u0434\u0438\u0441\u0442\u0440\u0438\u0431\u044c\u044e\u0442\u043e\u0440\u044b"},"content":{"rendered":"<p>[et_pb_section fb_built=&#187;1&#8243; fullwidth=&#187;on&#187; _builder_version=&#187;4.16&#8243; global_colors_info=&#187;{}&#187;][et_pb_fullwidth_post_title meta=&#187;off&#187; featured_image=&#187;off&#187; _builder_version=&#187;4.16&#8243; global_colors_info=&#187;{}&#187;][\/et_pb_fullwidth_post_title][\/et_pb_section][et_pb_section fb_built=&#187;1&#8243; admin_label=&#187;section&#187; _builder_version=&#187;4.16&#8243; global_colors_info=&#187;{}&#187;][et_pb_row column_structure=&#187;1_2,1_2&#8243; admin_label=&#187;row&#187; _builder_version=&#187;4.16&#8243; background_size=&#187;initial&#187; background_position=&#187;top_left&#187; background_repeat=&#187;repeat&#187; global_colors_info=&#187;{}&#187;][et_pb_column type=&#187;1_2&#8243; _builder_version=&#187;4.16&#8243; custom_padding=&#187;|||&#187; global_colors_info=&#187;{}&#187; custom_padding__hover=&#187;|||&#187;][et_pb_blurb url=&#187;http:\/\/www.indutecslu.es&#187; url_new_window=&#187;on&#187; image=&#187;http:\/\/termoventsc.rs\/english\/wp-content\/uploads\/2017\/04\/LOGO-INDUTEC2017-member-of-Pekos-group-e1527681226210.jpg&#187; _builder_version=&#187;4.16&#8243; background_size=&#187;initial&#187; background_position=&#187;top_left&#187; background_repeat=&#187;repeat&#187; max_width_tablet=&#187;50px&#187; global_colors_info=&#187;{}&#187;][\/et_pb_blurb][et_pb_text _builder_version=&#187;4.16&#8243; background_size=&#187;initial&#187; background_position=&#187;top_left&#187; background_repeat=&#187;repeat&#187; text_orientation=&#187;center&#187; module_alignment=&#187;center&#187; border_style=&#187;solid&#187; global_colors_info=&#187;{}&#187;]<\/p>\n<p><em>\u041f\u0440\u0435\u0434\u0441\u0442\u0430\u0432\u0438\u0442\u0435\u043b\u044c \u0432 \u0440\u0435\u0433\u0438\u043e\u043d\u0435<br \/>\u0418\u0441\u043f\u0430\u043d\u0438\u0438 \u0438 \u041f\u043e\u0440\u0442\u0443\u0433\u0430\u043b\u0438\u0438<\/em><\/p>\n<p><strong>INDUTEC SOLUCIONES T\u00c9CNICAS S.L.U<\/strong><br \/>\u0447\u043b\u0435\u043d\u043e\u043c\u00a0PEKOS GROUP<\/p>\n<p>\u0420\u0430\u0441\u043f\u0440\u0435\u0434\u0435\u043b\u0438\u0442\u0435\u043b\u0438 (\u0411\u0430\u0440\u0441\u0435\u043b\u043e\u043d\u0430)<br \/>C\/ Ripoll\u00e9s 5 \u2013 7<br \/>E-08820 El Prat de Llobregat<br \/>\u0411\u0430\u0440\u0441\u0435\u043b\u043e\u043d\u0430, \u0418\u0441\u043f\u0430\u043d\u0438\u044f<\/p>\n<p class=\"\"><span style=\"font-size: 14px; background-color: #ffffff;\">\u0422\u0435\u043b\u0435\u0444\u043e\u043d<\/span>: +34 93 479 18 00<\/p>\n<p>indutec@indutec.biz<\/p>\n<p>[\/et_pb_text][\/et_pb_column][et_pb_column type=&#187;1_2&#8243; _builder_version=&#187;4.16&#8243; custom_padding=&#187;|||&#187; global_colors_info=&#187;{}&#187; custom_padding__hover=&#187;|||&#187;][et_pb_blurb url=&#187;https:\/\/termoventsc.pl&#187; url_new_window=&#187;on&#187; image=&#187;http:\/\/termoventsc.rs\/english\/wp-content\/uploads\/2020\/11\/Termovent-SC-POLSKA-logo-300&#215;99.png&#187; _builder_version=&#187;4.16&#8243; background_size=&#187;initial&#187; background_position=&#187;top_left&#187; background_repeat=&#187;repeat&#187; text_orientation=&#187;center&#187; max_width_tablet=&#187;50px&#187; custom_margin=&#187;||0px||false|false&#187; locked=&#187;off&#187; global_colors_info=&#187;{}&#187;][\/et_pb_blurb][et_pb_text _builder_version=&#187;4.16&#8243; background_size=&#187;initial&#187; background_position=&#187;top_left&#187; background_repeat=&#187;repeat&#187; text_orientation=&#187;center&#187; module_alignment=&#187;center&#187; locked=&#187;off&#187; global_colors_info=&#187;{}&#187;]<\/p>\n<p><em>\u041f\u0440\u0435\u0434\u0441\u0442\u0430\u0432\u0438\u0442\u0435\u043b\u044c \u0432 \u0440\u0435\u0433\u0438\u043e\u043d\u0435 \u041f\u043e\u043b\u044c\u0448\u0430<br \/><\/em><\/p>\n<p><b><span lang=\"SR-LATN-RS\">TERMOVENT SC Polska Sp. z o.o.<\/span><\/b><\/p>\n<p><span>Xawerego Dunikowskiego 18<\/span><br \/><span>47-200 K\u0119dzierzyn-Ko\u017ale, \u041f\u043e\u043b\u044c\u0448\u0430<br \/><\/span><\/p>\n<p><span style=\"font-size: 14px; background-color: #ffffff;\">\u0422\u0435\u043b\u0435\u0444\u043e\u043d<\/span>: <span>+48\u00a0508\u00a0556 472<\/span><\/p>\n<p>biuro@termoventsc.pl<\/p>\n<p>[\/et_pb_text][\/et_pb_column][\/et_pb_row][et_pb_row column_structure=&#187;1_2,1_2&#8243; admin_label=&#187;row&#187; _builder_version=&#187;4.16&#8243; background_size=&#187;initial&#187; background_position=&#187;top_left&#187; background_repeat=&#187;repeat&#187; global_colors_info=&#187;{}&#187;][et_pb_column type=&#187;1_2&#8243; _builder_version=&#187;4.16&#8243; custom_padding=&#187;|||&#187; global_colors_info=&#187;{}&#187; custom_padding__hover=&#187;|||&#187;][et_pb_blurb url=&#187;http:\/\/soltesz.hu&#187; url_new_window=&#187;on&#187; image=&#187;http:\/\/termoventsc.rs\/english\/wp-content\/uploads\/2017\/04\/logo_cegnev_en-e1527681423681.jpg&#187; _builder_version=&#187;4.23.4&#8243; background_size=&#187;initial&#187; background_position=&#187;top_left&#187; background_repeat=&#187;repeat&#187; max_width_tablet=&#187;50px&#187; hover_enabled=&#187;0&#8243; global_colors_info=&#187;{}&#187; custom_margin=&#187;||0px||false|false&#187; sticky_enabled=&#187;0&#8243;][\/et_pb_blurb][et_pb_text _builder_version=&#187;4.23.4&#8243; background_size=&#187;initial&#187; background_position=&#187;top_left&#187; background_repeat=&#187;repeat&#187; text_orientation=&#187;center&#187; module_alignment=&#187;center&#187; hover_enabled=&#187;0&#8243; global_colors_info=&#187;{}&#187; sticky_enabled=&#187;0&#8243;]<\/p>\n<p><em>\u041f\u0440\u0435\u0434\u0441\u0442\u0430\u0432\u0438\u0442\u0435\u043b\u044c \u0432 \u0440\u0435\u0433\u0438\u043e\u043d\u0435 \u0412\u0435\u043d\u0433\u0440\u0438\u0438<\/em><\/p>\n<p><strong>Solt\u00e9sz+Solt\u00e9sz Ltd.<\/strong><\/p>\n<p>H-1225 Bp., B\u00e1nyal\u00e9g u. 48.<br \/>\u0411\u0443\u0434\u0430\u043f\u0435\u0448\u0442, \u0412\u0435\u043d\u0433\u0440\u0438\u044f<\/p>\n<p>\u0422\u0435\u043b\u0435\u0444\u043e\u043d: +36 1 227 4945<br \/>\u0424\u0430\u043a\u0441: +36 1 227 3268<\/p>\n<p>soltesz@soltesz.hu<\/p>\n<p>[\/et_pb_text][et_pb_blurb url=&#187;http:\/\/eeg.gceeg.ru\/en\/&#187; url_new_window=&#187;on&#187; image=&#187;http:\/\/termoventsc.rs\/english\/wp-content\/uploads\/2017\/04\/eeg_logo.png&#187; disabled_on=&#187;on|on|on&#187; _builder_version=&#187;4.16&#8243; background_size=&#187;initial&#187; background_position=&#187;top_left&#187; background_repeat=&#187;repeat&#187; max_width_tablet=&#187;50px&#187; disabled=&#187;on&#187; global_colors_info=&#187;{}&#187;][\/et_pb_blurb][et_pb_text disabled_on=&#187;on|on|on&#187; _builder_version=&#187;4.16&#8243; background_size=&#187;initial&#187; background_position=&#187;top_left&#187; background_repeat=&#187;repeat&#187; text_orientation=&#187;center&#187; module_alignment=&#187;center&#187; border_style=&#187;solid&#187; disabled=&#187;on&#187; global_colors_info=&#187;{}&#187;]<em>\u0414\u0438\u0441\u0442\u0440\u0438\u0431\u044c\u044e\u0442\u043e\u0440 \u043d\u0430 \u0442\u0435\u0440\u0440\u0438\u0442\u043e\u0440\u0438\u0438 \u0420\u043e\u0441\u0441\u0438\u0438<\/em><\/p>\n<p><strong>\u0413\u0440\u0443\u043f\u043f\u0430 \u043a\u043e\u043c\u043f\u0430\u043d\u0438\u0439 \u00ab\u0418\u0441\u0442\u042d\u043d\u0435\u0440\u0433\u043e\u0413\u0440\u0443\u043f\u043f\u00bb<br \/>\n<\/strong><\/p>\n<p>\u0433.\u041c\u043e\u0441\u043a\u0432\u0430, \u0443\u043b. \u041f\u0440\u043e\u0444\u0441\u043e\u044e\u0437\u043d\u0430\u044f \u0434.56,\u00a0\u0420\u043e\u0441\u0441\u0438\u044f<\/p>\n<p>\u0422\u0435\u043b\u0435\u0444\u043e\u043d: +7 495 668 0640<\/p>\n<p>mail@gceeg.ru<br \/>\n[\/et_pb_text][\/et_pb_column][et_pb_column type=&#187;1_2&#8243; _builder_version=&#187;4.16&#8243; custom_padding=&#187;|||&#187; global_colors_info=&#187;{}&#187; custom_padding__hover=&#187;|||&#187;][et_pb_blurb url=&#187;https:\/\/termoventsc.pl&#187; url_new_window=&#187;on&#187; image=&#187;http:\/\/termoventsc.rs\/english\/wp-content\/uploads\/2024\/05\/image001.png&#187; _builder_version=&#187;4.21.0&#8243; background_size=&#187;initial&#187; background_position=&#187;top_left&#187; background_repeat=&#187;repeat&#187; text_orientation=&#187;center&#187; max_width_tablet=&#187;50px&#187; custom_margin=&#187;||0px||false|false&#187; global_colors_info=&#187;{}&#187; locked=&#187;off&#187;][\/et_pb_blurb][et_pb_text _builder_version=&#187;4.23.4&#8243; background_size=&#187;initial&#187; background_position=&#187;top_left&#187; background_repeat=&#187;repeat&#187; text_orientation=&#187;center&#187; module_alignment=&#187;center&#187; hover_enabled=&#187;0&#8243; global_colors_info=&#187;{}&#187; locked=&#187;off&#187; sticky_enabled=&#187;0&#8243;]<\/p>\n<p><em>\u041f\u0440\u0435\u0434\u0441\u0442\u0430\u0432\u0438\u0442\u0435\u043b\u044c \u0432 \u0440\u0435\u0433\u0438\u043e\u043d\u0435 \u042e\u0433\u0430 \u0410\u0444\u0440\u0438\u043a\u0438 \u0421\u0410\u0414\u041a (SADC)\u00a0<\/em><\/p>\n<p><b><span lang=\"SR-LATN-RS\">TERMOVENT SC South Africa<\/span><\/b><\/p>\n<p><span>Corner of 5th<\/span><span>\u00a0&amp; Maude Streets, 3rd\u00a0<\/span><span>Floor West Tower,<br \/>Nelson Mandela Square Offices, Sandton City<\/span><\/p>\n<p>clive@termoventsc.co.za<\/p>\n<p><span>\u0422\u0435\u043b\u0435\u0444\u043e\u043d: <\/span>+27 66 447 7515<\/p>\n<p>robert@termoventsc.co.za<\/p>\n<p><span>\u0422\u0435\u043b\u0435\u0444\u043e\u043d: <\/span>+27 84 552 0490<\/p>\n<p>[\/et_pb_text][et_pb_blurb url=&#187;http:\/\/intermos.sk&#187; url_new_window=&#187;on&#187; image=&#187;http:\/\/termoventsc.rs\/english\/wp-content\/uploads\/2019\/02\/logo-Intermos-e1549354178380.jpg&#187; disabled_on=&#187;on|on|on&#187; _builder_version=&#187;4.16&#8243; background_size=&#187;initial&#187; background_position=&#187;top_left&#187; background_repeat=&#187;repeat&#187; max_width_tablet=&#187;50px&#187; disabled=&#187;on&#187; global_colors_info=&#187;{}&#187;][\/et_pb_blurb][et_pb_text _builder_version=&#187;4.16&#8243; background_size=&#187;initial&#187; background_position=&#187;top_left&#187; background_repeat=&#187;repeat&#187; text_orientation=&#187;center&#187; module_alignment=&#187;center&#187; global_colors_info=&#187;{}&#187; disabled_on=&#187;on|on|on&#187; disabled=&#187;on&#187;]<em>\u041f\u0440\u0435\u0434\u0441\u0442\u0430\u0432\u0438\u0442\u0435\u043b\u044c \u0432 \u0440\u0435\u0433\u0438\u043e\u043d\u0435 \u0421\u043b\u043e\u0432\u0430\u0446\u043a\u043e\u0439 \u0420\u0435\u0441\u043f\u0443\u0431\u043b\u0438\u043a\u0435<\/em><\/p>\n<p><strong>INTERMOS Bratislava s.r.o.<\/strong><\/p>\n<p>Moskovsk\u00e1 13<br \/>\n811 08 Bratislava,\u00a0\u0421\u043b\u043e\u0432\u0430\u043a\u0438\u044f<\/p>\n<p><span style=\"font-size: 14px; background-color: #ffffff;\">\u0422\u0435\u043b\u0435\u0444\u043e\u043d:<\/span> +421 910 933 338<\/p>\n<p>info@intermos.sk<br \/>\n[\/et_pb_text][\/et_pb_column][\/et_pb_row][\/et_pb_section]<\/p>\n","protected":false},"excerpt":{"rendered":"<p>\u041f\u0440\u0435\u0434\u0441\u0442\u0430\u0432\u0438\u0442\u0435\u043b\u044c \u0432 \u0440\u0435\u0433\u0438\u043e\u043d\u0435\u0418\u0441\u043f\u0430\u043d\u0438\u0438 \u0438 \u041f\u043e\u0440\u0442\u0443\u0433\u0430\u043b\u0438\u0438 INDUTEC SOLUCIONES T\u00c9CNICAS S.L.U\u0447\u043b\u0435\u043d\u043e\u043c\u00a0PEKOS GROUP \u0420\u0430\u0441\u043f\u0440\u0435\u0434\u0435\u043b\u0438\u0442\u0435\u043b\u0438 (\u0411\u0430\u0440\u0441\u0435\u043b\u043e\u043d\u0430)C\/ Ripoll\u00e9s 5 \u2013 7E-08820 El Prat de Llobregat\u0411\u0430\u0440\u0441\u0435\u043b\u043e\u043d\u0430, \u0418\u0441\u043f\u0430\u043d\u0438\u044f \u0422\u0435\u043b\u0435\u0444\u043e\u043d: +34 93 479 18 00 indutec@indutec.biz\u041f\u0440\u0435\u0434\u0441\u0442\u0430\u0432\u0438\u0442\u0435\u043b\u044c \u0432 \u0440\u0435\u0433\u0438\u043e\u043d\u0435 \u041f\u043e\u043b\u044c\u0448\u0430 TERMOVENT SC Polska Sp. z o.o. Xawerego Dunikowskiego 1847-200 K\u0119dzierzyn-Ko\u017ale, \u041f\u043e\u043b\u044c\u0448\u0430 \u0422\u0435\u043b\u0435\u0444\u043e\u043d: +48\u00a0508\u00a0556 472 biuro@termoventsc.pl\u041f\u0440\u0435\u0434\u0441\u0442\u0430\u0432\u0438\u0442\u0435\u043b\u044c \u0432 \u0440\u0435\u0433\u0438\u043e\u043d\u0435 \u0412\u0435\u043d\u0433\u0440\u0438\u0438 Solt\u00e9sz+Solt\u00e9sz Ltd. H-1225 Bp., B\u00e1nyal\u00e9g u. [&hellip;]<\/p>\n","protected":false},"author":1,"featured_media":0,"parent":0,"menu_order":0,"comment_status":"closed","ping_status":"closed","template":"","meta":{"_et_pb_use_builder":"on","_et_pb_old_content":"<p><em>Exclusive Distributor for\u00a0the field of energy supply industry on\u00a0the territory of Russia and the CIS countries<\/em><\/p><p><strong>East Energo Group<\/strong><br \/> Vernadskogo Prospekt, Dom 84<br \/> RF-119606 Moskva<\/p><p>Phone: +7 495 668 0640<br \/> Fax: +7 495 231 3462<br \/> E-mail: mail@eastenergogroup.ru<br \/> http:\/\/www.eastenergogroup.ru<\/p>","_et_gb_content_width":"","footnotes":""},"class_list":["post-1385","page","type-page","status-publish","hentry"],"_links":{"self":[{"href":"http:\/\/termoventsc.rs\/ru\/wp-json\/wp\/v2\/pages\/1385","targetHints":{"allow":["GET"]}}],"collection":[{"href":"http:\/\/termoventsc.rs\/ru\/wp-json\/wp\/v2\/pages"}],"about":[{"href":"http:\/\/termoventsc.rs\/ru\/wp-json\/wp\/v2\/types\/page"}],"author":[{"embeddable":true,"href":"http:\/\/termoventsc.rs\/ru\/wp-json\/wp\/v2\/users\/1"}],"replies":[{"embeddable":true,"href":"http:\/\/termoventsc.rs\/ru\/wp-json\/wp\/v2\/comments?post=1385"}],"version-history":[{"count":25,"href":"http:\/\/termoventsc.rs\/ru\/wp-json\/wp\/v2\/pages\/1385\/revisions"}],"predecessor-version":[{"id":3458,"href":"http:\/\/termoventsc.rs\/ru\/wp-json\/wp\/v2\/pages\/1385\/revisions\/3458"}],"wp:attachment":[{"href":"http:\/\/termoventsc.rs\/ru\/wp-json\/wp\/v2\/media?parent=1385"}],"curies":[{"name":"wp","href":"https:\/\/api.w.org\/{rel}","templated":true}]}}