{"id":110,"date":"2017-03-09T09:15:11","date_gmt":"2017-03-09T08:15:11","guid":{"rendered":"http:\/\/studiomaximov.co.rs\/testpit\/tvt2017\/?page_id=110"},"modified":"2023-03-24T12:54:34","modified_gmt":"2023-03-24T11:54:34","slug":"o-nama","status":"publish","type":"page","link":"https:\/\/termoventsc.rs\/srpski\/o-nama\/","title":{"rendered":"O nama"},"content":{"rendered":"<p>[et_pb_section fb_built=&#8220;1&#8243; fullwidth=&#8220;on&#8220; admin_label=&#8220;Section&#8220; _builder_version=&#8220;4.16&#8243; global_colors_info=&#8220;{}&#8220;][et_pb_fullwidth_image src=&#8220;https:\/\/termoventsc.rs\/srpski\/wp-content\/uploads\/2017\/03\/SVI-DSC_2453.jpg&#8220; admin_label=&#8220;Fullwidth Image&#8220; _builder_version=&#8220;4.16&#8243; animation=&#8220;off&#8220; global_colors_info=&#8220;{}&#8220;][\/et_pb_fullwidth_image][\/et_pb_section][et_pb_section fb_built=&#8220;1&#8243; disabled_on=&#8220;on|on|on&#8220; admin_label=&#8220;section&#8220; _builder_version=&#8220;4.16&#8243; disabled=&#8220;on&#8220; global_colors_info=&#8220;{}&#8220;][et_pb_row column_structure=&#8220;1_4,1_4,1_4,1_4&#8243; admin_label=&#8220;row&#8220; _builder_version=&#8220;4.16&#8243; background_size=&#8220;initial&#8220; background_position=&#8220;top_left&#8220; background_repeat=&#8220;repeat&#8220; global_colors_info=&#8220;{}&#8220;][et_pb_column type=&#8220;1_4&#8243; _builder_version=&#8220;4.16&#8243; custom_padding=&#8220;|||&#8220; global_colors_info=&#8220;{}&#8220; custom_padding__hover=&#8220;|||&#8220;][et_pb_blurb title=&#8220;All in one place&#8220; use_icon=&#8220;on&#8220; font_icon=&#8220;&#xe102;||divi||400&#8243; icon_color=&#8220;#7c8d9b&#8220; admin_label=&#8220;Blurb&#8220; _builder_version=&#8220;4.16&#8243; background_size=&#8220;initial&#8220; background_position=&#8220;top_left&#8220; background_repeat=&#8220;repeat&#8220; text_orientation=&#8220;center&#8220; global_colors_info=&#8220;{}&#8220;]Curabitur quis dui volutpat, cursus eros elut commodo elit cum sociis natoque penatibus<br \/>\n[\/et_pb_blurb][\/et_pb_column][et_pb_column type=&#8220;1_4&#8243; _builder_version=&#8220;4.16&#8243; custom_padding=&#8220;|||&#8220; global_colors_info=&#8220;{}&#8220; custom_padding__hover=&#8220;|||&#8220;][et_pb_blurb title=&#8220;Production Capacities&#8220; use_icon=&#8220;on&#8220; font_icon=&#8220;&#xe038;||divi||400&#8243; icon_color=&#8220;#7c8d9b&#8220; admin_label=&#8220;Blurb&#8220; _builder_version=&#8220;4.16&#8243; background_size=&#8220;initial&#8220; background_position=&#8220;top_left&#8220; background_repeat=&#8220;repeat&#8220; text_orientation=&#8220;center&#8220; global_colors_info=&#8220;{}&#8220;]Curabitur quis dui volutpat, cursus eros elut commodo elit cum sociis natoque penatibus<br \/>\n[\/et_pb_blurb][\/et_pb_column][et_pb_column type=&#8220;1_4&#8243; _builder_version=&#8220;4.16&#8243; custom_padding=&#8220;|||&#8220; global_colors_info=&#8220;{}&#8220; custom_padding__hover=&#8220;|||&#8220;][et_pb_blurb title=&#8220;Reliable Quality&#8220; use_icon=&#8220;on&#8220; font_icon=&#8220;&#xe0a1;||divi||400&#8243; icon_color=&#8220;#7c8d9b&#8220; admin_label=&#8220;Blurb&#8220; _builder_version=&#8220;4.16&#8243; background_size=&#8220;initial&#8220; background_position=&#8220;top_left&#8220; background_repeat=&#8220;repeat&#8220; text_orientation=&#8220;center&#8220; global_colors_info=&#8220;{}&#8220;]Curabitur quis dui volutpat, cursus eros elut commodo elit cum sociis natoque penatibus<br \/>\n[\/et_pb_blurb][\/et_pb_column][et_pb_column type=&#8220;1_4&#8243; _builder_version=&#8220;4.16&#8243; custom_padding=&#8220;|||&#8220; global_colors_info=&#8220;{}&#8220; custom_padding__hover=&#8220;|||&#8220;][et_pb_blurb title=&#8220;Quality System&#8220; use_icon=&#8220;on&#8220; font_icon=&#8220;&#x52;||divi||400&#8243; icon_color=&#8220;#7c8d9b&#8220; admin_label=&#8220;Blurb&#8220; _builder_version=&#8220;4.16&#8243; background_size=&#8220;initial&#8220; background_position=&#8220;top_left&#8220; background_repeat=&#8220;repeat&#8220; text_orientation=&#8220;center&#8220; global_colors_info=&#8220;{}&#8220;]Curabitur quis dui volutpat, cursus eros elut commodo elit cum sociis natoque penatibus<br \/>\n[\/et_pb_blurb][\/et_pb_column][\/et_pb_row][\/et_pb_section][et_pb_section fb_built=&#8220;1&#8243; fullwidth=&#8220;on&#8220; disabled_on=&#8220;on|on|on&#8220; admin_label=&#8220;section&#8220; _builder_version=&#8220;4.16&#8243; disabled=&#8220;on&#8220; global_colors_info=&#8220;{}&#8220;][et_pb_fullwidth_slider show_arrows=&#8220;off&#8220; show_pagination=&#8220;off&#8220; admin_label=&#8220;Fullwidth Slider&#8220; _builder_version=&#8220;4.16&#8243; custom_padding=&#8220;|||&#8220; custom_padding_tablet=&#8220;|||&#8220; custom_padding_phone=&#8220;|||&#8220; box_shadow_style=&#8220;preset6&#8243; box_shadow_blur=&#8220;10px&#8220; box_shadow_color=&#8220;rgba(0,0,0,0.1)&#8220; show_inner_shadow=&#8220;on&#8220; global_colors_info=&#8220;{}&#8220; button_text_size__hover_enabled=&#8220;off&#8220; button_one_text_size__hover_enabled=&#8220;off&#8220; button_two_text_size__hover_enabled=&#8220;off&#8220; button_text_color__hover_enabled=&#8220;off&#8220; button_one_text_color__hover_enabled=&#8220;off&#8220; button_two_text_color__hover_enabled=&#8220;off&#8220; button_border_width__hover_enabled=&#8220;off&#8220; button_one_border_width__hover_enabled=&#8220;off&#8220; button_two_border_width__hover_enabled=&#8220;off&#8220; button_border_color__hover_enabled=&#8220;off&#8220; button_one_border_color__hover_enabled=&#8220;off&#8220; button_two_border_color__hover_enabled=&#8220;off&#8220; button_border_radius__hover_enabled=&#8220;off&#8220; button_one_border_radius__hover_enabled=&#8220;off&#8220; button_two_border_radius__hover_enabled=&#8220;off&#8220; button_letter_spacing__hover_enabled=&#8220;off&#8220; button_one_letter_spacing__hover_enabled=&#8220;off&#8220; button_two_letter_spacing__hover_enabled=&#8220;off&#8220; button_bg_color__hover_enabled=&#8220;off&#8220; button_one_bg_color__hover_enabled=&#8220;off&#8220; button_two_bg_color__hover_enabled=&#8220;off&#8220;][et_pb_slide use_bg_overlay=&#8220;off&#8220; use_text_overlay=&#8220;off&#8220; _builder_version=&#8220;4.16&#8243; header_font=&#8220;||||&#8220; body_font=&#8220;||||&#8220; background_color=&#8220;#ffffff&#8220; background_image=&#8220;https:\/\/termoventsc.rs\/srpski\/wp-content\/uploads\/2017\/03\/SVI-DSC_2453-e1490875218724.jpg&#8220; button_icon_placement=&#8220;right&#8220; button_on_hover=&#8220;on&#8220; global_colors_info=&#8220;{}&#8220; button_text_size__hover_enabled=&#8220;off&#8220; button_one_text_size__hover_enabled=&#8220;off&#8220; button_two_text_size__hover_enabled=&#8220;off&#8220; button_text_color__hover_enabled=&#8220;off&#8220; button_one_text_color__hover_enabled=&#8220;off&#8220; button_two_text_color__hover_enabled=&#8220;off&#8220; button_border_width__hover_enabled=&#8220;off&#8220; button_one_border_width__hover_enabled=&#8220;off&#8220; button_two_border_width__hover_enabled=&#8220;off&#8220; button_border_color__hover_enabled=&#8220;off&#8220; button_one_border_color__hover_enabled=&#8220;off&#8220; button_two_border_color__hover_enabled=&#8220;off&#8220; button_border_radius__hover_enabled=&#8220;off&#8220; button_one_border_radius__hover_enabled=&#8220;off&#8220; button_two_border_radius__hover_enabled=&#8220;off&#8220; button_letter_spacing__hover_enabled=&#8220;off&#8220; button_one_letter_spacing__hover_enabled=&#8220;off&#8220; button_two_letter_spacing__hover_enabled=&#8220;off&#8220; button_bg_color__hover_enabled=&#8220;off&#8220; button_one_bg_color__hover_enabled=&#8220;off&#8220; button_two_bg_color__hover_enabled=&#8220;off&#8220; sticky_transition=&#8220;on&#8220;] [\/et_pb_slide][\/et_pb_fullwidth_slider][\/et_pb_section][et_pb_section fb_built=&#8220;1&#8243; inner_shadow=&#8220;on&#8220; admin_label=&#8220;section&#8220; _builder_version=&#8220;4.16&#8243; background_color=&#8220;#f7f7f7&#8243; global_colors_info=&#8220;{}&#8220;][et_pb_row column_structure=&#8220;1_3,2_3&#8243; admin_label=&#8220;row&#8220; _builder_version=&#8220;4.16&#8243; background_size=&#8220;initial&#8220; background_position=&#8220;top_left&#8220; background_repeat=&#8220;repeat&#8220; global_colors_info=&#8220;{}&#8220;][et_pb_column type=&#8220;1_3&#8243; _builder_version=&#8220;4.16&#8243; custom_padding=&#8220;|||&#8220; global_colors_info=&#8220;{}&#8220; custom_padding__hover=&#8220;|||&#8220;][et_pb_text admin_label=&#8220;Text&#8220; _builder_version=&#8220;4.20.2&#8243; background_size=&#8220;initial&#8220; background_position=&#8220;top_left&#8220; background_repeat=&#8220;repeat&#8220; hover_enabled=&#8220;0&#8243; global_colors_info=&#8220;{}&#8220; sticky_enabled=&#8220;0&#8243;]<\/p>\n<h1>Na\u0161a pri\u010da<\/h1>\n<p>Osnovani smo 1963. godine kao mala zanatska radionica zahvaljuju\u0107i viziji i preduzetni\u010dkom duhu gospodina Slobodana Crnogorca. Uz puno truda, odricanja i ljubavi, izrasli smo u ozbiljnu, uglednu, uspe\u0161nu i u svetu poznatu kompaniju. Danas zapo\u0161ljavamo 320 ljudi.<\/p>\n<p>[\/et_pb_text][\/et_pb_column][et_pb_column type=&#8220;2_3&#8243; _builder_version=&#8220;4.16&#8243; custom_padding=&#8220;|||&#8220; global_colors_info=&#8220;{}&#8220; custom_padding__hover=&#8220;|||&#8220;][et_pb_text admin_label=&#8220;Text&#8220; _builder_version=&#8220;4.20.2&#8243; background_size=&#8220;initial&#8220; background_position=&#8220;top_left&#8220; background_repeat=&#8220;repeat&#8220; hover_enabled=&#8220;0&#8243; global_colors_info=&#8220;{}&#8220; sticky_enabled=&#8220;0&#8243;]<\/p>\n<h2>Za pouzdanost i kvalitet, ve\u0107 vi\u0161e od 60 godina<\/h2>\n<p>Mi smo kompanija TERMOVENT\u202fSC, vode\u0107i smo regionalni proizvo\u0111a\u010d industrijskih ventila za primenu u procesnoj industriji\u00a0i u termoenergetici.\u00a0Pravno, organizovani smo kao dru\u0161tvo sa ograni\u010denom odgovorno\u0161\u0107u i svrstani u preduze\u0107a srednje veli\u010dine.<\/p>\n<p>Odlikuje nas fleksibilnost i pouzdanost. Posebno dr\u017eimo do kulture vrednosti. Tradicionalne vrednosti, pouzdanost, kvalitet i odr\u017eivost \u2013 temelj su na\u0161eg rada i postojanja.<\/p>\n<p>Mi smo do danas ostali vlasni\u010dko \u2013 upravlja\u010dko privatno preduze\u0107e, kao \u0161to smo i bili tokom 60 godina.<\/p>\n<p>[\/et_pb_text][\/et_pb_column][\/et_pb_row][\/et_pb_section][et_pb_section fb_built=&#8220;1&#8243; admin_label=&#8220;Section&#8220; _builder_version=&#8220;4.16&#8243; global_colors_info=&#8220;{}&#8220;][et_pb_row column_structure=&#8220;3_4,1_4&#8243; admin_label=&#8220;Row&#8220; _builder_version=&#8220;4.16&#8243; background_size=&#8220;initial&#8220; background_position=&#8220;top_left&#8220; background_repeat=&#8220;repeat&#8220; global_colors_info=&#8220;{}&#8220;][et_pb_column type=&#8220;3_4&#8243; _builder_version=&#8220;4.16&#8243; custom_padding=&#8220;|||&#8220; global_colors_info=&#8220;{}&#8220; custom_padding__hover=&#8220;|||&#8220;][et_pb_image src=&#8220;http:\/\/termoventsc.rs\/english\/wp-content\/uploads\/2023\/03\/2MAPA11-1.png&#8220; align=&#8220;center&#8220; force_fullwidth=&#8220;on&#8220; align_tablet=&#8220;center&#8220; align_phone=&#8220;&#8220; align_last_edited=&#8220;on|desktop&#8220; admin_label=&#8220;Image&#8220; _builder_version=&#8220;4.20.2&#8243; animation_style=&#8220;slide&#8220; animation_direction=&#8220;left&#8220; animation_duration=&#8220;500ms&#8220; animation_intensity_slide=&#8220;10%&#8220; hover_enabled=&#8220;0&#8243; global_colors_info=&#8220;{}&#8220; sticky_enabled=&#8220;0&#8243;][\/et_pb_image][\/et_pb_column][et_pb_column type=&#8220;1_4&#8243; _builder_version=&#8220;4.16&#8243; custom_padding=&#8220;|||&#8220; global_colors_info=&#8220;{}&#8220; custom_padding__hover=&#8220;|||&#8220;][et_pb_text admin_label=&#8220;Text&#8220; _builder_version=&#8220;4.16&#8243; background_size=&#8220;initial&#8220; background_position=&#8220;top_left&#8220; background_repeat=&#8220;repeat&#8220; global_colors_info=&#8220;{}&#8220;]<\/p>\n<h2>DANAS\u00a0&#8230;<\/h2>\n<p>Danas, svojim proizvodima, prisutni smo na gotovo svim kontinentima. Proizvodi iz TERMOVENT\u202fSC ugra\u0111eni su i funkcioni\u0161u u postrojenjima vi\u0161e od 60 zemalja \u0161irom planete.<\/p>\n<p>[\/et_pb_text][et_pb_number_counter title=&#8220;Zemlje \u0161irom sveta&#8220; number=&#8220;68&#8243; percent_sign=&#8220;off&#8220; counter_color=&#8220;#003063&#8243; admin_label=&#8220;Number Counter&#8220; _builder_version=&#8220;4.20.2&#8243; background_size=&#8220;initial&#8220; background_position=&#8220;top_left&#8220; background_repeat=&#8220;repeat&#8220; hover_enabled=&#8220;0&#8243; global_colors_info=&#8220;{}&#8220; sticky_enabled=&#8220;0&#8243;][\/et_pb_number_counter][\/et_pb_column][\/et_pb_row][\/et_pb_section][et_pb_section fb_built=&#8220;1&#8243; admin_label=&#8220;Section&#8220; _builder_version=&#8220;4.16&#8243; background_image=&#8220;https:\/\/termoventsc.rs\/srpski\/wp-content\/uploads\/2017\/03\/DSC_8878-e1490877098395.jpg&#8220; parallax=&#8220;on&#8220; global_colors_info=&#8220;{}&#8220;][et_pb_row column_structure=&#8220;1_4,3_4&#8243; admin_label=&#8220;Row&#8220; _builder_version=&#8220;4.16&#8243; background_size=&#8220;initial&#8220; background_position=&#8220;top_left&#8220; background_repeat=&#8220;repeat&#8220; global_colors_info=&#8220;{}&#8220;][et_pb_column type=&#8220;1_4&#8243; _builder_version=&#8220;4.16&#8243; custom_padding=&#8220;|||&#8220; global_colors_info=&#8220;{}&#8220; custom_padding__hover=&#8220;|||&#8220;][et_pb_text admin_label=&#8220;Text&#8220; _builder_version=&#8220;4.16&#8243; background_size=&#8220;initial&#8220; background_position=&#8220;top_left&#8220; background_repeat=&#8220;repeat&#8220; background_layout=&#8220;dark&#8220; global_colors_info=&#8220;{}&#8220;]<\/p>\n<h2>&#8230; I SUTRA<\/h2>\n<p>Kontinuirane investicije u kadar, proizvodnju i razvoj, kao i na\u0161a fleksibilnost, inovacije i vi\u0161edecenijsko iskustvo u proizvodnji ventila omogu\u0107uju nam da se uspe\u0161no nosimo i sa izazovima sutra\u0161njice.<br \/>\n[\/et_pb_text][\/et_pb_column][et_pb_column type=&#8220;3_4&#8243; _builder_version=&#8220;4.16&#8243; custom_padding=&#8220;|||&#8220; global_colors_info=&#8220;{}&#8220; custom_padding__hover=&#8220;|||&#8220;][\/et_pb_column][\/et_pb_row][\/et_pb_section][et_pb_section fb_built=&#8220;1&#8243; admin_label=&#8220;Section&#8220; _builder_version=&#8220;4.16&#8243; global_colors_info=&#8220;{}&#8220;][et_pb_row admin_label=&#8220;Row&#8220; _builder_version=&#8220;4.16&#8243; background_size=&#8220;initial&#8220; background_position=&#8220;top_left&#8220; background_repeat=&#8220;repeat&#8220; global_colors_info=&#8220;{}&#8220;][et_pb_column type=&#8220;4_4&#8243; _builder_version=&#8220;4.16&#8243; custom_padding=&#8220;|||&#8220; global_colors_info=&#8220;{}&#8220; custom_padding__hover=&#8220;|||&#8220;][et_pb_text admin_label=&#8220;Text&#8220; _builder_version=&#8220;4.16&#8243; background_size=&#8220;initial&#8220; background_position=&#8220;top_left&#8220; background_repeat=&#8220;repeat&#8220; global_colors_info=&#8220;{}&#8220;]<\/p>\n<h2>Proizvodi \u0161irom sveta<\/h2>\n<hr \/>\n<h4><\/h4>\n<p>[\/et_pb_text][\/et_pb_column][\/et_pb_row][et_pb_row column_structure=&#8220;1_4,1_4,1_4,1_4&#8243; admin_label=&#8220;Row&#8220; _builder_version=&#8220;4.16&#8243; background_size=&#8220;initial&#8220; background_position=&#8220;top_left&#8220; background_repeat=&#8220;repeat&#8220; global_colors_info=&#8220;{}&#8220;][et_pb_column type=&#8220;1_4&#8243; _builder_version=&#8220;4.16&#8243; custom_padding=&#8220;|||&#8220; global_colors_info=&#8220;{}&#8220; custom_padding__hover=&#8220;|||&#8220;][et_pb_text admin_label=&#8220;Text&#8220; _builder_version=&#8220;4.20.2&#8243; background_size=&#8220;initial&#8220; background_position=&#8220;top_left&#8220; background_repeat=&#8220;repeat&#8220; hover_enabled=&#8220;0&#8243; global_colors_info=&#8220;{}&#8220; sticky_enabled=&#8220;0&#8243;]<\/p>\n<ul>\n<li>ANGOLA<\/li>\n<li>AUSTRALIJA<\/li>\n<li>AUSTRIJA<\/li>\n<li>BELGIJA<\/li>\n<li>BELORUSIJA<\/li>\n<li>BOSNA I HERCEGOVINA<\/li>\n<li>BRAZIL<\/li>\n<li>BRUNEI<\/li>\n<li>BUGARSKA<\/li>\n<li>KANADA<\/li>\n<li>CHILE<\/li>\n<li>KINA<\/li>\n<li>COLOMBIA<\/li>\n<li>HRVATSKA<\/li>\n<li>CUBA<\/li>\n<li>\u010cE\u0160KA<\/li>\n<li>DANSKA<\/li>\n<\/ul>\n<p>[\/et_pb_text][\/et_pb_column][et_pb_column type=&#8220;1_4&#8243; _builder_version=&#8220;4.16&#8243; custom_padding=&#8220;|||&#8220; global_colors_info=&#8220;{}&#8220; custom_padding__hover=&#8220;|||&#8220;][et_pb_text admin_label=&#8220;Text&#8220; _builder_version=&#8220;4.20.2&#8243; background_size=&#8220;initial&#8220; background_position=&#8220;top_left&#8220; background_repeat=&#8220;repeat&#8220; hover_enabled=&#8220;0&#8243; global_colors_info=&#8220;{}&#8220; sticky_enabled=&#8220;0&#8243;]<\/p>\n<ul>\n<li>EKVADOR<\/li>\n<li>EGIPAT<\/li>\n<li>ESTONIJA<\/li>\n<li>FINSKA<\/li>\n<li>FRANCUSKA<\/li>\n<li>FRANCUSKA GVAJANA<\/li>\n<li>GEORGIJA<\/li>\n<li>NEMA\u010cKA<\/li>\n<li>VELIKA BRITANIJA<\/li>\n<li>GR\u010cKA<\/li>\n<li>MA\u0110ARSKA<\/li>\n<li>INDONEZIJA<\/li>\n<li>IRAK<\/li>\n<li>IRAN<\/li>\n<li>IZRAEL<\/li>\n<li>ITALIJA<\/li>\n<li>JORDAN<\/li>\n<\/ul>\n<p>[\/et_pb_text][\/et_pb_column][et_pb_column type=&#8220;1_4&#8243; _builder_version=&#8220;4.16&#8243; custom_padding=&#8220;|||&#8220; global_colors_info=&#8220;{}&#8220; custom_padding__hover=&#8220;|||&#8220;][et_pb_text admin_label=&#8220;Text&#8220; _builder_version=&#8220;4.20.2&#8243; background_size=&#8220;initial&#8220; background_position=&#8220;top_left&#8220; background_repeat=&#8220;repeat&#8220; hover_enabled=&#8220;0&#8243; global_colors_info=&#8220;{}&#8220; sticky_enabled=&#8220;0&#8243;]<\/p>\n<ul>\n<li>KAZAKHSTAN<\/li>\n<li>LITVANIJA<\/li>\n<li>MALEZIJA<\/li>\n<li>MALTA<\/li>\n<li>CRNA GORA<\/li>\n<li>HOLANDIJA<\/li>\n<li>NIGERIJA<\/li>\n<li>SEVERNA MAKEDONIJA<\/li>\n<li>NORVE\u0160KA<\/li>\n<li>PAKISTAN<\/li>\n<li>PANAMA<\/li>\n<li>PERU<\/li>\n<li>POLJSKA<\/li>\n<li>KATAR<\/li>\n<li>RUMUNIJA<\/li>\n<li>RUSIJA<\/li>\n<li>SAUDIJSKA ARABIJA<\/li>\n<\/ul>\n<p>[\/et_pb_text][\/et_pb_column][et_pb_column type=&#8220;1_4&#8243; _builder_version=&#8220;4.16&#8243; custom_padding=&#8220;|||&#8220; global_colors_info=&#8220;{}&#8220; custom_padding__hover=&#8220;|||&#8220;][et_pb_text admin_label=&#8220;Text&#8220; _builder_version=&#8220;4.20.2&#8243; background_size=&#8220;initial&#8220; background_position=&#8220;top_left&#8220; background_repeat=&#8220;repeat&#8220; hover_enabled=&#8220;0&#8243; global_colors_info=&#8220;{}&#8220; sticky_enabled=&#8220;0&#8243;]<\/p>\n<ul>\n<li>SINGAPUR<\/li>\n<li>SLOVA\u010cKA<\/li>\n<li>SLOVENIJA<\/li>\n<li>JU\u017dNA AFRIKA<\/li>\n<li>JU\u017dNA KOREJA<\/li>\n<li>\u0160PANIJA<\/li>\n<li>\u0160VEDSKA<\/li>\n<li>\u0160VAJCARSKA<\/li>\n<li>TAJLAND<\/li>\n<li>TURSKA<\/li>\n<li>TURKMENISTAN<\/li>\n<li>UAE<\/li>\n<li>UKRAJINA<\/li>\n<li>SAD<\/li>\n<li>UZBEKISTAN<\/li>\n<li>VENECUELA<\/li>\n<li>VIJETNAM<\/li>\n<\/ul>\n<p>[\/et_pb_text][\/et_pb_column][\/et_pb_row][\/et_pb_section]<\/p>\n","protected":false},"excerpt":{"rendered":"<p>Curabitur quis dui volutpat, cursus eros elut commodo elit cum sociis natoque penatibus Curabitur quis dui volutpat, cursus eros elut commodo elit cum sociis natoque penatibus Curabitur quis dui volutpat, cursus eros elut commodo elit cum sociis natoque penatibus Curabitur quis dui volutpat, cursus eros elut commodo elit cum sociis natoque penatibus Na\u0161a pri\u010da Osnovani [&hellip;]<\/p>\n","protected":false},"author":1,"featured_media":0,"parent":0,"menu_order":0,"comment_status":"closed","ping_status":"closed","template":"","meta":{"_et_pb_use_builder":"on","_et_pb_old_content":"","_et_gb_content_width":"","footnotes":""},"class_list":["post-110","page","type-page","status-publish","hentry"],"_links":{"self":[{"href":"https:\/\/termoventsc.rs\/srpski\/wp-json\/wp\/v2\/pages\/110","targetHints":{"allow":["GET"]}}],"collection":[{"href":"https:\/\/termoventsc.rs\/srpski\/wp-json\/wp\/v2\/pages"}],"about":[{"href":"https:\/\/termoventsc.rs\/srpski\/wp-json\/wp\/v2\/types\/page"}],"author":[{"embeddable":true,"href":"https:\/\/termoventsc.rs\/srpski\/wp-json\/wp\/v2\/users\/1"}],"replies":[{"embeddable":true,"href":"https:\/\/termoventsc.rs\/srpski\/wp-json\/wp\/v2\/comments?post=110"}],"version-history":[{"count":7,"href":"https:\/\/termoventsc.rs\/srpski\/wp-json\/wp\/v2\/pages\/110\/revisions"}],"predecessor-version":[{"id":2840,"href":"https:\/\/termoventsc.rs\/srpski\/wp-json\/wp\/v2\/pages\/110\/revisions\/2840"}],"wp:attachment":[{"href":"https:\/\/termoventsc.rs\/srpski\/wp-json\/wp\/v2\/media?parent=110"}],"curies":[{"name":"wp","href":"https:\/\/api.w.org\/{rel}","templated":true}]}}