{"id":1385,"date":"2017-04-18T11:06:29","date_gmt":"2017-04-18T09:06:29","guid":{"rendered":"http:\/\/studiomaximov.co.rs\/testpit\/tvt2017\/?page_id=1385"},"modified":"2026-02-09T23:04:29","modified_gmt":"2026-02-09T22:04:29","slug":"zastupnici-i-distributeri","status":"publish","type":"page","link":"https:\/\/termoventsc.rs\/srpski\/zastupnici-i-distributeri\/","title":{"rendered":"Zastupnici i Distributeri"},"content":{"rendered":"<p>[et_pb_section fb_built=&#8220;1&#8243; fullwidth=&#8220;on&#8220; _builder_version=&#8220;4.16&#8243; global_colors_info=&#8220;{}&#8220;][et_pb_fullwidth_post_title meta=&#8220;off&#8220; featured_image=&#8220;off&#8220; _builder_version=&#8220;4.16&#8243; global_colors_info=&#8220;{}&#8220;]&nbsp;<br \/>\n[\/et_pb_fullwidth_post_title][\/et_pb_section][et_pb_section fb_built=&#8220;1&#8243; admin_label=&#8220;section&#8220; _builder_version=&#8220;4.16&#8243; global_colors_info=&#8220;{}&#8220;][et_pb_row column_structure=&#8220;1_2,1_2&#8243; admin_label=&#8220;row&#8220; _builder_version=&#8220;4.16&#8243; background_size=&#8220;initial&#8220; background_position=&#8220;top_left&#8220; background_repeat=&#8220;repeat&#8220; global_colors_info=&#8220;{}&#8220;][et_pb_column type=&#8220;1_2&#8243; _builder_version=&#8220;4.16&#8243; custom_padding=&#8220;|||&#8220; global_colors_info=&#8220;{}&#8220; custom_padding__hover=&#8220;|||&#8220;][et_pb_blurb url=&#8220;synerkos.com&#8220; url_new_window=&#8220;on&#8220; image=&#8220;https:\/\/termoventsc.rs\/english\/wp-content\/uploads\/2026\/02\/negro_texto_colores@300x-100-300&#215;73.jpg&#8220; image_icon_width=&#8220;none&#8220; _builder_version=&#8220;4.27.4&#8243; background_size=&#8220;initial&#8220; background_position=&#8220;top_left&#8220; background_repeat=&#8220;repeat&#8220; custom_margin=&#8220;||5px||false|false&#8220; custom_padding=&#8220;20px||||false|false&#8220; hover_enabled=&#8220;0&#8243; border_style=&#8220;solid&#8220; image_max_width=&#8220;none&#8220; global_colors_info=&#8220;{}&#8220; sticky_enabled=&#8220;0&#8243;][\/et_pb_blurb][et_pb_text _builder_version=&#8220;4.27.4&#8243; background_size=&#8220;initial&#8220; background_position=&#8220;top_left&#8220; background_repeat=&#8220;repeat&#8220; text_orientation=&#8220;center&#8220; module_alignment=&#8220;center&#8220; global_colors_info=&#8220;{}&#8220;]<\/p>\n<p><em>Zastupnik za \u0160paniju i Portugaliju<\/em><\/p>\n<p><strong>Synerkos<\/strong><\/p>\n<p>P.l. El Circuit C\/Rec del Molinar, 9<br \/>08160 Montmel\u00f3,<br \/>Barselona, \u0160panija<\/p>\n<p>Telefon: +34 93 479 18 00<\/p>\n<p>synerkos@synerkos.com<\/p>\n<p>[\/et_pb_text][\/et_pb_column][et_pb_column type=&#8220;1_2&#8243; _builder_version=&#8220;4.16&#8243; custom_padding=&#8220;|||&#8220; global_colors_info=&#8220;{}&#8220; custom_padding__hover=&#8220;|||&#8220;][et_pb_blurb url=&#8220;https:\/\/termoventsc.pl&#8220; url_new_window=&#8220;on&#8220; image=&#8220;http:\/\/termoventsc.rs\/english\/wp-content\/uploads\/2020\/11\/Termovent-SC-POLSKA-logo-300&#215;99.png&#8220; _builder_version=&#8220;4.16&#8243; background_size=&#8220;initial&#8220; background_position=&#8220;top_left&#8220; background_repeat=&#8220;repeat&#8220; text_orientation=&#8220;center&#8220; max_width_tablet=&#8220;50px&#8220; custom_margin=&#8220;||0px||false|false&#8220; locked=&#8220;off&#8220; global_colors_info=&#8220;{}&#8220;][\/et_pb_blurb][et_pb_text _builder_version=&#8220;4.16&#8243; background_size=&#8220;initial&#8220; background_position=&#8220;top_left&#8220; background_repeat=&#8220;repeat&#8220; text_orientation=&#8220;center&#8220; module_alignment=&#8220;center&#8220; locked=&#8220;off&#8220; global_colors_info=&#8220;{}&#8220;]<\/p>\n<p><em>Zastupnik za Poljsku<br \/><\/em><\/p>\n<p><b><span lang=\"SR-LATN-RS\">TERMOVENT SC Polska Sp. z o.o.<\/span><\/b><\/p>\n<p><span>Xawerego Dunikowskiego 18<\/span><br \/><span>47-200 K\u0119dzierzyn-Ko\u017ale, Poland<\/span><\/p>\n<p>Telefon: <span>+48\u00a0508\u00a0556 472<\/span><\/p>\n<p>biuro@termoventsc.pl<\/p>\n<p>[\/et_pb_text][\/et_pb_column][\/et_pb_row][et_pb_row column_structure=&#8220;1_2,1_2&#8243; admin_label=&#8220;row&#8220; _builder_version=&#8220;4.16&#8243; background_size=&#8220;initial&#8220; background_position=&#8220;top_left&#8220; background_repeat=&#8220;repeat&#8220; global_colors_info=&#8220;{}&#8220;][et_pb_column type=&#8220;1_2&#8243; _builder_version=&#8220;4.16&#8243; custom_padding=&#8220;|||&#8220; global_colors_info=&#8220;{}&#8220; custom_padding__hover=&#8220;|||&#8220;][et_pb_blurb url=&#8220;http:\/\/soltesz.hu&#8220; url_new_window=&#8220;on&#8220; image=&#8220;http:\/\/termoventsc.rs\/english\/wp-content\/uploads\/2017\/04\/logo_cegnev_en-e1527681423681.jpg&#8220; image_icon_width=&#8220;none&#8220; _builder_version=&#8220;4.23.4&#8243; background_size=&#8220;initial&#8220; background_position=&#8220;top_left&#8220; background_repeat=&#8220;repeat&#8220; custom_margin=&#8220;||0px||false|false&#8220; border_style=&#8220;solid&#8220; image_max_width=&#8220;none&#8220; global_colors_info=&#8220;{}&#8220;][\/et_pb_blurb][et_pb_text _builder_version=&#8220;4.16&#8243; background_size=&#8220;initial&#8220; background_position=&#8220;top_left&#8220; background_repeat=&#8220;repeat&#8220; text_orientation=&#8220;center&#8220; module_alignment=&#8220;center&#8220; global_colors_info=&#8220;{}&#8220;]<em>Zastupnik za Ma\u0111arsku<\/em><\/p>\n<p><strong>Solt\u00e9sz+Solt\u00e9sz Ltd.<\/strong><\/p>\n<p>H-1225 Bp., B\u00e1nyal\u00e9g u. 48.<br \/>\nBudimpe\u0161ta,\u00a0Ma\u0111arska<\/p>\n<p>Telefon: +36 1 227 4945<br \/>\nFax: +36 1 227 3268<\/p>\n<p>soltesz@soltesz.hu<br \/>\n[\/et_pb_text][et_pb_blurb url=&#8220;http:\/\/eeg.gceeg.ru\/en\/&#8220; url_new_window=&#8220;on&#8220; image=&#8220;http:\/\/termoventsc.rs\/english\/wp-content\/uploads\/2017\/04\/eeg_logo.png&#8220; image_icon_width=&#8220;none&#8220; disabled_on=&#8220;on|on|on&#8220; _builder_version=&#8220;4.16&#8243; background_size=&#8220;initial&#8220; background_position=&#8220;top_left&#8220; background_repeat=&#8220;repeat&#8220; border_style=&#8220;solid&#8220; image_max_width=&#8220;none&#8220; disabled=&#8220;on&#8220; global_colors_info=&#8220;{}&#8220;]&nbsp;<br \/>\n[\/et_pb_blurb][et_pb_text disabled_on=&#8220;on|on|on&#8220; _builder_version=&#8220;4.16&#8243; background_size=&#8220;initial&#8220; background_position=&#8220;top_left&#8220; background_repeat=&#8220;repeat&#8220; text_orientation=&#8220;center&#8220; module_alignment=&#8220;center&#8220; border_style=&#8220;solid&#8220; disabled=&#8220;on&#8220; global_colors_info=&#8220;{}&#8220;]<em>Zastupnik za<br \/>\nRusiju i zemlje ZND<\/em><\/p>\n<p><strong>Grupa kompanija<br \/>\nEAST ENERGO GROUP<\/strong><\/p>\n<p>ul. Profsoiuznaia #56<br \/>\nMoskva, Rusija<\/p>\n<p><span style=\"font-size: 14px; background-color: #ffffff;\">Telefon<\/span>: +7 495 668 0640<\/p>\n<p>mail@gceeg.ru<br \/>\n[\/et_pb_text][\/et_pb_column][et_pb_column type=&#8220;1_2&#8243; _builder_version=&#8220;4.16&#8243; custom_padding=&#8220;|||&#8220; global_colors_info=&#8220;{}&#8220; custom_padding__hover=&#8220;|||&#8220;][et_pb_blurb url=&#8220;termoventsc.co.za&#8220; url_new_window=&#8220;on&#8220; image=&#8220;http:\/\/termoventsc.rs\/english\/wp-content\/uploads\/2024\/05\/image001.png&#8220; _builder_version=&#8220;4.27.4&#8243; background_size=&#8220;initial&#8220; background_position=&#8220;top_left&#8220; background_repeat=&#8220;repeat&#8220; text_orientation=&#8220;center&#8220; max_width_tablet=&#8220;50px&#8220; custom_margin=&#8220;||0px||false|false&#8220; hover_enabled=&#8220;0&#8243; locked=&#8220;off&#8220; global_colors_info=&#8220;{}&#8220; sticky_enabled=&#8220;0&#8243;][\/et_pb_blurb][et_pb_text _builder_version=&#8220;4.23.4&#8243; background_size=&#8220;initial&#8220; background_position=&#8220;top_left&#8220; background_repeat=&#8220;repeat&#8220; text_orientation=&#8220;center&#8220; module_alignment=&#8220;center&#8220; locked=&#8220;off&#8220; global_colors_info=&#8220;{}&#8220;]<\/p>\n<p><em>Zastupnik za Ju\u017enu Afriku &#8211; SADC Region<\/em><\/p>\n<p><b><span lang=\"SR-LATN-RS\">TERMOVENT SC South Africa<\/span><\/b><\/p>\n<p><span>Corner of 5th<\/span><span>\u00a0&amp; Maude Streets, 3rd\u00a0<\/span><span>Floor West Tower,<br \/>Nelson Mandela Square Offices, Sandton City, JAR<\/span><\/p>\n<p>clive@termoventsc.co.za<\/p>\n<p><span>Telefon: <\/span>+27 66 447 7515<\/p>\n<p>robert@termoventsc.co.za<\/p>\n<p><span>Telefon: <\/span>+27 84 552 0490<\/p>\n<p>[\/et_pb_text][et_pb_blurb url=&#8220;http:\/\/intermos.sk&#8220; url_new_window=&#8220;on&#8220; image=&#8220;http:\/\/termoventsc.rs\/english\/wp-content\/uploads\/2019\/02\/logo-Intermos-e1549354178380.jpg&#8220; disabled_on=&#8220;on|on|on&#8220; _builder_version=&#8220;4.16&#8243; background_size=&#8220;initial&#8220; background_position=&#8220;top_left&#8220; background_repeat=&#8220;repeat&#8220; max_width_tablet=&#8220;50px&#8220; disabled=&#8220;on&#8220; global_colors_info=&#8220;{}&#8220;][\/et_pb_blurb][et_pb_text disabled_on=&#8220;on|on|on&#8220; _builder_version=&#8220;4.16&#8243; background_size=&#8220;initial&#8220; background_position=&#8220;top_left&#8220; background_repeat=&#8220;repeat&#8220; text_orientation=&#8220;center&#8220; module_alignment=&#8220;center&#8220; disabled=&#8220;on&#8220; global_colors_info=&#8220;{}&#8220;]<em>Zastupnik za Slova\u010dku<\/em><\/p>\n<p><strong>INTERMOS Bratislava s.r.o.<\/strong><\/p>\n<p>Moskovsk\u00e1 13<br \/>\n811 08 Bratislava, Slova\u010dka<\/p>\n<p><span style=\"font-size: 14px; background-color: #ffffff;\">Telefon:<\/span> +421 910 933 338<\/p>\n<p>info@intermos.sk<br \/>\n[\/et_pb_text][\/et_pb_column][\/et_pb_row][\/et_pb_section]<\/p>\n","protected":false},"excerpt":{"rendered":"<p>&nbsp; Zastupnik za \u0160paniju i Portugaliju Synerkos P.l. El Circuit C\/Rec del Molinar, 908160 Montmel\u00f3,Barselona, \u0160panija Telefon: +34 93 479 18 00 synerkos@synerkos.comZastupnik za Poljsku TERMOVENT SC Polska Sp. z o.o. Xawerego Dunikowskiego 1847-200 K\u0119dzierzyn-Ko\u017ale, Poland Telefon: +48\u00a0508\u00a0556 472 biuro@termoventsc.plZastupnik za Ma\u0111arsku Solt\u00e9sz+Solt\u00e9sz Ltd. H-1225 Bp., B\u00e1nyal\u00e9g u. 48. Budimpe\u0161ta,\u00a0Ma\u0111arska Telefon: +36 1 227 4945 [&hellip;]<\/p>\n","protected":false},"author":1,"featured_media":0,"parent":0,"menu_order":0,"comment_status":"closed","ping_status":"closed","template":"","meta":{"_et_pb_use_builder":"on","_et_pb_old_content":"<p><em>Exclusive Distributor for\u00a0the field of energy supply industry on\u00a0the territory of Russia and the CIS countries<\/em><\/p><p><strong>East Energo Group<\/strong><br \/> Vernadskogo Prospekt, Dom 84<br \/> RF-119606 Moskva<\/p><p>Phone: +7 495 668 0640<br \/> Fax: +7 495 231 3462<br \/> E-mail: mail@eastenergogroup.ru<br \/> http:\/\/www.eastenergogroup.ru<\/p>","_et_gb_content_width":"","footnotes":""},"class_list":["post-1385","page","type-page","status-publish","hentry"],"_links":{"self":[{"href":"https:\/\/termoventsc.rs\/srpski\/wp-json\/wp\/v2\/pages\/1385","targetHints":{"allow":["GET"]}}],"collection":[{"href":"https:\/\/termoventsc.rs\/srpski\/wp-json\/wp\/v2\/pages"}],"about":[{"href":"https:\/\/termoventsc.rs\/srpski\/wp-json\/wp\/v2\/types\/page"}],"author":[{"embeddable":true,"href":"https:\/\/termoventsc.rs\/srpski\/wp-json\/wp\/v2\/users\/1"}],"replies":[{"embeddable":true,"href":"https:\/\/termoventsc.rs\/srpski\/wp-json\/wp\/v2\/comments?post=1385"}],"version-history":[{"count":28,"href":"https:\/\/termoventsc.rs\/srpski\/wp-json\/wp\/v2\/pages\/1385\/revisions"}],"predecessor-version":[{"id":3037,"href":"https:\/\/termoventsc.rs\/srpski\/wp-json\/wp\/v2\/pages\/1385\/revisions\/3037"}],"wp:attachment":[{"href":"https:\/\/termoventsc.rs\/srpski\/wp-json\/wp\/v2\/media?parent=1385"}],"curies":[{"name":"wp","href":"https:\/\/api.w.org\/{rel}","templated":true}]}}