{"id":1391,"date":"2017-04-18T11:22:37","date_gmt":"2017-04-18T09:22:37","guid":{"rendered":"http:\/\/studiomaximov.co.rs\/testpit\/tvt2017\/?page_id=1391"},"modified":"2025-11-28T12:49:24","modified_gmt":"2025-11-28T11:49:24","slug":"potvrde-i-sertifikati","status":"publish","type":"page","link":"https:\/\/termoventsc.rs\/srpski\/potvrde-i-sertifikati\/","title":{"rendered":"Potvrde i sertifikati"},"content":{"rendered":"<p>[et_pb_section fb_built=&#8220;1&#8243; fullwidth=&#8220;on&#8220; _builder_version=&#8220;4.16&#8243; global_colors_info=&#8220;{}&#8220;][et_pb_fullwidth_header title=&#8220;Odobrenja i sertifikati&#8220; subhead=&#8220;.PDF \/ dokumenta za preuzimanje&#8220; background_overlay_color=&#8220;rgba(0,48,99,0.5)&#8220; content_max_width=&#8220;none&#8220; _builder_version=&#8220;4.16&#8243; background_color=&#8220;rgba(255, 255, 255, 0)&#8220; background_image=&#8220;https:\/\/termoventsc.rs\/srpski\/wp-content\/uploads\/2017\/03\/iStock_20507512_XLARGE.jpg&#8220; background_url=&#8220;https:\/\/termoventsc.rs\/srpski\/wp-content\/uploads\/2017\/03\/iStock_20507512_XLARGE.jpg&#8220; button_one_letter_spacing_hover=&#8220;0&#8243; button_two_letter_spacing_hover=&#8220;0&#8243; global_colors_info=&#8220;{}&#8220; button_one_text_size__hover_enabled=&#8220;off&#8220; button_two_text_size__hover_enabled=&#8220;off&#8220; button_one_text_color__hover_enabled=&#8220;off&#8220; button_two_text_color__hover_enabled=&#8220;off&#8220; button_one_border_width__hover_enabled=&#8220;off&#8220; button_two_border_width__hover_enabled=&#8220;off&#8220; button_one_border_color__hover_enabled=&#8220;off&#8220; button_two_border_color__hover_enabled=&#8220;off&#8220; button_one_border_radius__hover_enabled=&#8220;off&#8220; button_two_border_radius__hover_enabled=&#8220;off&#8220; button_one_letter_spacing__hover_enabled=&#8220;on&#8220; button_one_letter_spacing__hover=&#8220;0&#8243; button_two_letter_spacing__hover_enabled=&#8220;on&#8220; button_two_letter_spacing__hover=&#8220;0&#8243; button_one_bg_color__hover_enabled=&#8220;off&#8220; button_two_bg_color__hover_enabled=&#8220;off&#8220;][\/et_pb_fullwidth_header][\/et_pb_section][et_pb_section fb_built=&#8220;1&#8243; admin_label=&#8220;section&#8220; _builder_version=&#8220;4.16&#8243; global_colors_info=&#8220;{}&#8220;][et_pb_row column_structure=&#8220;1_3,2_3&#8243; admin_label=&#8220;row&#8220; _builder_version=&#8220;4.16&#8243; background_size=&#8220;initial&#8220; background_position=&#8220;top_left&#8220; background_repeat=&#8220;repeat&#8220; global_colors_info=&#8220;{}&#8220;][et_pb_column type=&#8220;1_3&#8243; _builder_version=&#8220;4.16&#8243; custom_padding=&#8220;|||&#8220; global_colors_info=&#8220;{}&#8220; custom_padding__hover=&#8220;|||&#8220;][\/et_pb_column][et_pb_column type=&#8220;2_3&#8243; _builder_version=&#8220;4.16&#8243; custom_padding=&#8220;|||&#8220; global_colors_info=&#8220;{}&#8220; custom_padding__hover=&#8220;|||&#8220;][et_pb_text _builder_version=&#8220;4.27.4&#8243; background_size=&#8220;initial&#8220; background_position=&#8220;top_left&#8220; background_repeat=&#8220;repeat&#8220; hover_enabled=&#8220;0&#8243; global_colors_info=&#8220;{}&#8220; sticky_enabled=&#8220;0&#8243;]<\/p>\n<h3>Potvrde &#8211; primeri<\/h3>\n<p><a href=\"https:\/\/termoventsc.rs\/srpski\/wp-content\/uploads\/2017\/04\/Pasos-ruski.pdf\">Potvrda za ventil\u00a0(Ruski paso\u0161)<\/a><\/p>\n<p><a href=\"https:\/\/termoventsc.rs\/srpski\/wp-content\/uploads\/2017\/04\/Inspection-certificate.pdf\">Inspection certificate<\/a><\/p>\n<p>&nbsp;<\/p>\n<h3>Za dobavlja\u010de<\/h3>\n<p><a href=\"https:\/\/termoventsc.rs\/srpski\/wp-content\/uploads\/AUDIT-AND-EVALUATION-FOR-SUPPLIERS.docx\">Audit i ocena za dobavlja\u010de<\/a><br \/>(.docx, 107 KB)<\/p>\n<p>&nbsp;<\/p>\n<h3>Sertifikati sistema kvaliteta<\/h3>\n<p><a href=\"https:\/\/termoventsc.rs\/srpski\/wp-content\/uploads\/01-100-1334655_Main_SR-1.pdf\" target=\"_blank\" rel=\"noopener noreferrer\"><span>T\u00dcV Rheinland<\/span> ISO 9001-2015<\/a><\/p>\n<p><a href=\"http:\/\/termoventsc.rs\/english\/wp-content\/uploads\/2025\/01\/A-24-1004_Main_EN.pdf\" target=\"_blank\" rel=\"noopener noreferrer\">AD 2000<\/a><\/p>\n<p><a href=\"http:\/\/termoventsc.rs\/english\/wp-content\/uploads\/2025\/01\/A-24-1005_Main_EN_extsigned.pdf\">ISO 3834<\/a><\/p>\n<p><a href=\"http:\/\/termoventsc.rs\/english\/wp-content\/uploads\/2024\/03\/Q-14-5426.00_Main_EN_extsigned.pdf\" target=\"_blank\" rel=\"noopener noreferrer\">PED 2014\/68\/EU &#8211; Module H1<\/a><\/p>\n<p><a href=\"http:\/\/termoventsc.rs\/english\/wp-content\/uploads\/2024\/03\/Termovent-SC_2024_MS-0037317-E-010-E-Scope_signed.pdf\" rel=\"attachment wp-att-2708\">Annex<\/a><\/p>\n<hr \/>\n<p><a href=\"https:\/\/termoventsc.rs\/english\/wp-content\/uploads\/2025\/11\/Certificate-600-0096_20250829142831.pdf\" rel=\"attachment wp-att-2609\">Certificate 600-0096<\/a><a href=\"http:\/\/termoventsc.rs\/english\/wp-content\/uploads\/2020\/04\/Certificate-602-0019_2020.pdf\" rel=\"attachment wp-att-2606\"><\/a><\/p>\n<p><a href=\"https:\/\/termoventsc.rs\/english\/wp-content\/uploads\/2025\/11\/Certificate-6A-1129_20250829142743.pdf\" rel=\"attachment wp-att-2607\">Certificate 6A-1129<\/a><\/p>\n<p><a href=\"https:\/\/termoventsc.rs\/english\/wp-content\/uploads\/2025\/11\/Certificate-6D-1049_20250829142756.pdf\" rel=\"attachment wp-att-2608\">Certificate 6D-1049<\/a><\/p>\n<hr \/>\n<p><a href=\"http:\/\/termoventsc.rs\/english\/wp-content\/uploads\/2024\/02\/%D0%95%D0%90%D0%AD%D0%A1-N-RU-%D0%94-RS.%D0%A0%D0%9001.%D0%92.69521-24.pdf\" target=\"_blank\" rel=\"noopener noreferrer\">\u0422\u0420 \u0422\u0421 032\/2013 &#8211; Izjava o usagla\u0161enosti<\/a><\/p>\n<p><a href=\"http:\/\/termoventsc.rs\/english\/wp-content\/uploads\/2024\/02\/SERTIFIKAT-RU-C-RS.BL08.B.01680-24.pdf\" target=\"_blank\" rel=\"noopener noreferrer\">\u0422\u0420 \u0422\u0421 032\/2013 &#8211; Sertifikat<\/a><\/p>\n<p><a href=\"http:\/\/termoventsc.rs\/english\/wp-content\/uploads\/2024\/02\/%D0%95%D0%90%D0%AD%D0%A1-N-RU-%D0%94-RS.%D0%A0%D0%9001.%D0%92.62652-24.pdf\" target=\"_blank\" rel=\"noopener noreferrer\">TP TC 010\/2011 &#8211; Izjava o usagla\u0161enosti \u2013 62652-24<\/a><\/p>\n<p><a href=\"http:\/\/termoventsc.rs\/english\/wp-content\/uploads\/2024\/02\/%D0%95%D0%90%D0%AD%D0%A1-N-RU-%D0%94-RS.%D0%A0%D0%9001.%D0%92.86700-24.pdf\" target=\"_blank\" rel=\"noopener noreferrer\">TP TC 010\/2011 &#8211; Izjava o usagla\u0161enosti \u2013 86700-24<\/a><\/p>\n<p><a href=\"http:\/\/termoventsc.rs\/english\/wp-content\/uploads\/2017\/04\/EAC_%D0%A2%D0%A0_%D0%A2%D0%A1_-012-16.01.2021.pdf\" target=\"_blank\" rel=\"noopener noreferrer\">\u0422\u0420 \u0422\u0421 012\/2011 &#8211; Sertifikat<\/a><\/p>\n<p>[\/et_pb_text][et_pb_text disabled_on=&#8220;on|on|on&#8220; _builder_version=&#8220;4.16&#8243; disabled=&#8220;on&#8220; global_colors_info=&#8220;{}&#8220;]<\/p>\n<hr \/>\n<p><a href=\"https:\/\/termoventsc.rs\/srpski\/wp-content\/uploads\/2017\/04\/GOST-PPC-00-045951.pdf\">GOST PPC 045951<\/a><\/p>\n<p><a href=\"https:\/\/termoventsc.rs\/srpski\/wp-content\/uploads\/2017\/04\/RFSS_GOST_C_RS_AI30_B_03985-valid_until_2018-02-12.pdf\">GOST RST C-RS.AI30.B.03985<\/a><\/p>\n<hr \/>\n<p><a href=\"https:\/\/termoventsc.rs\/srpski\/wp-content\/uploads\/2017\/04\/certificate_Republic_Belaruss_valid_until_2018-03-03-01.pdf\">Cerificate Republic Belarus<\/a><br \/>\n[\/et_pb_text][\/et_pb_column][\/et_pb_row][\/et_pb_section]<\/p>\n","protected":false},"excerpt":{"rendered":"<p>Potvrde &#8211; primeri Potvrda za ventil\u00a0(Ruski paso\u0161) Inspection certificate &nbsp; Za dobavlja\u010de Audit i ocena za dobavlja\u010de(.docx, 107 KB) &nbsp; Sertifikati sistema kvaliteta T\u00dcV Rheinland ISO 9001-2015 AD 2000 ISO 3834 PED 2014\/68\/EU &#8211; Module H1 Annex Certificate 600-0096 Certificate 6A-1129 Certificate 6D-1049 \u0422\u0420 \u0422\u0421 032\/2013 &#8211; Izjava o usagla\u0161enosti \u0422\u0420 \u0422\u0421 032\/2013 &#8211; Sertifikat [&hellip;]<\/p>\n","protected":false},"author":1,"featured_media":0,"parent":0,"menu_order":0,"comment_status":"closed","ping_status":"closed","template":"","meta":{"_et_pb_use_builder":"on","_et_pb_old_content":"","_et_gb_content_width":"","footnotes":""},"class_list":["post-1391","page","type-page","status-publish","hentry"],"_links":{"self":[{"href":"https:\/\/termoventsc.rs\/srpski\/wp-json\/wp\/v2\/pages\/1391","targetHints":{"allow":["GET"]}}],"collection":[{"href":"https:\/\/termoventsc.rs\/srpski\/wp-json\/wp\/v2\/pages"}],"about":[{"href":"https:\/\/termoventsc.rs\/srpski\/wp-json\/wp\/v2\/types\/page"}],"author":[{"embeddable":true,"href":"https:\/\/termoventsc.rs\/srpski\/wp-json\/wp\/v2\/users\/1"}],"replies":[{"embeddable":true,"href":"https:\/\/termoventsc.rs\/srpski\/wp-json\/wp\/v2\/comments?post=1391"}],"version-history":[{"count":39,"href":"https:\/\/termoventsc.rs\/srpski\/wp-json\/wp\/v2\/pages\/1391\/revisions"}],"predecessor-version":[{"id":3026,"href":"https:\/\/termoventsc.rs\/srpski\/wp-json\/wp\/v2\/pages\/1391\/revisions\/3026"}],"wp:attachment":[{"href":"https:\/\/termoventsc.rs\/srpski\/wp-json\/wp\/v2\/media?parent=1391"}],"curies":[{"name":"wp","href":"https:\/\/api.w.org\/{rel}","templated":true}]}}