{"id":473,"date":"2017-04-04T09:49:17","date_gmt":"2017-04-04T07:49:17","guid":{"rendered":"http:\/\/studiomaximov.co.rs\/testpit\/tvt2017\/?page_id=473"},"modified":"2017-05-05T16:59:56","modified_gmt":"2017-05-05T14:59:56","slug":"oprema-za-merenje-i-kontrolu","status":"publish","type":"page","link":"https:\/\/termoventsc.rs\/srpski\/oprema-za-merenje-i-kontrolu\/","title":{"rendered":"Oprema za merenje i kontrolu"},"content":{"rendered":"<p>[et_pb_section bb_built=&#8220;1&#8243; admin_label=&#8220;Section&#8220; fullwidth=&#8220;on&#8220;][et_pb_fullwidth_header admin_label=&#8220;Fullwidth Header&#8220; title=&#8220;100% ispitivanje&#8220; background_layout=&#8220;dark&#8220; background_url=&#8220;http:\/\/studiomaximov.co.rs\/testpit\/tvt2017\/wp-content\/uploads\/DSC_5768-24542-e1491309766319.jpg&#8220; background_overlay_color=&#8220;rgba(0,48,99,0.3)&#8220; text_orientation=&#8220;left&#8220; header_fullscreen=&#8220;off&#8220; header_scroll_down=&#8220;off&#8220; parallax=&#8220;off&#8220; parallax_method=&#8220;off&#8220; content_orientation=&#8220;center&#8220; image_orientation=&#8220;center&#8220; custom_button_one=&#8220;off&#8220; button_one_letter_spacing=&#8220;0&#8243; button_one_use_icon=&#8220;default&#8220; button_one_icon_placement=&#8220;right&#8220; button_one_on_hover=&#8220;on&#8220; button_one_letter_spacing_hover=&#8220;0&#8243; custom_button_two=&#8220;off&#8220; button_two_letter_spacing=&#8220;0&#8243; button_two_use_icon=&#8220;default&#8220; button_two_icon_placement=&#8220;right&#8220; button_two_on_hover=&#8220;on&#8220; button_two_letter_spacing_hover=&#8220;0&#8243; \/][\/et_pb_section][et_pb_section bb_built=&#8220;1&#8243; admin_label=&#8220;section&#8220;][et_pb_row admin_label=&#8220;row&#8220;][et_pb_column type=&#8220;1_3&#8243;][et_pb_text admin_label=&#8220;Text&#8220; background_layout=&#8220;light&#8220; text_orientation=&#8220;left&#8220; use_border_color=&#8220;off&#8220; border_color=&#8220;#ffffff&#8220; border_style=&#8220;solid&#8220;]<\/p>\n<div class=\"page\" title=\"Page 13\">\n<div class=\"section\">\n<div class=\"layoutArea\">\n<div class=\"column\">\n<p>Projektovanje, planiranje procesa, livenje, ma\u0161inska obrada, monta\u017ea, testiranje, zavr\u0161na obrada, logistika i upravljanje kvalitetom integrisani u na\u0161im pogonima od klju\u010dnog zna\u010daja su za odr\u017eavanje\u00a0konstantno visokog\u00a0kvaliteta Termovent SC proizvoda.<\/p>\n<p>U saglasnosti sa relevantnim standardom, pojedina\u010dno ispitujemo svaki proizvod. Jedinstven identifikacioni broj na svakom proizvodu omogu\u0107uje nam potpunu sledljivost svih aktivnosti i utro\u0161enih materijala.<\/p>\n<p>Proces kontrole kod nas je stalna aktivnost a \u010dine je: prijemna, procesna (me\u0111ufazna) i zavr\u0161na kontrola.<\/p>\n<\/div>\n<\/div>\n<\/div>\n<\/div>\n<p>[\/et_pb_text][\/et_pb_column][et_pb_column type=&#8220;2_3&#8243;][et_pb_text admin_label=&#8220;Text&#8220; background_layout=&#8220;light&#8220; text_orientation=&#8220;left&#8220; use_border_color=&#8220;off&#8220; border_color=&#8220;#ffffff&#8220; border_style=&#8220;solid&#8220;]<\/p>\n<h1 class=\"page\" title=\"Page 13\">\u00a0Oprema za merenje i kontrolu<\/h1>\n<ul>\n<li>Ispitna stanica za hidrauli\u010dno i pneumatsko ispitivanje do 1600 bar (vazduhom do 6 bar)<\/li>\n<li>Ispitna stanica za hidrauli\u010dno i pneumatsko ispitivanje do 650\u00a0bar (vazduhom do 6 bar)<\/li>\n<li>Ispitna stanica za hidrauli\u010dno i pneumatsko ispitivanje do 250\u00a0bar (vazduhom do 6 bar)<\/li>\n<li>Ispitna stanica za hidrauli\u010dno ispitivanje do 1000\u00a0bar<\/li>\n<li>Mobilni i stacionarni spektrometar za hemijsku analizu ulaznih sirovina i gotovih proizvoda<\/li>\n<li>Ure\u0111aji za ispitivanje odlivaka i otkovaka ultrazvukom<\/li>\n<li>Oprema za ispitivanje odlivaka i otkovaka magnetnim \u010desticama<\/li>\n<li>Ure\u0111aj za merenje debljine zida odlivaka<\/li>\n<li>Ure\u0111aji za ispitivanje tvrdo\u0107e<\/li>\n<li>Ure\u0111aj za merenje debljine antikorozivne za\u0161tite<\/li>\n<li>Oprema za ispitivanje delova te\u010dnim penetrantima<\/li>\n<\/ul>\n<p>[\/et_pb_text][\/et_pb_column][\/et_pb_row][\/et_pb_section]<\/p>\n","protected":false},"excerpt":{"rendered":"<p>Projektovanje, planiranje procesa, livenje, ma\u0161inska obrada, monta\u017ea, testiranje, zavr\u0161na obrada, logistika i upravljanje kvalitetom integrisani u na\u0161im pogonima od klju\u010dnog zna\u010daja su za odr\u017eavanje\u00a0konstantno visokog\u00a0kvaliteta Termovent SC proizvoda. U saglasnosti sa relevantnim standardom, pojedina\u010dno ispitujemo svaki proizvod. Jedinstven identifikacioni broj na svakom proizvodu omogu\u0107uje nam potpunu sledljivost svih aktivnosti i utro\u0161enih materijala. Proces kontrole kod [&hellip;]<\/p>\n","protected":false},"author":1,"featured_media":356,"parent":0,"menu_order":0,"comment_status":"closed","ping_status":"closed","template":"","meta":{"_et_pb_use_builder":"on","_et_pb_old_content":"<p>The first affirmation for the quality of products \"Termovent\" SC got in 1990 year, when certificate was awarded by T\u00dcV Nord from Hanover due to Technical commission for quality inspection confirmed that quality level met requirements of the TRD 110 form 1989 year, and Technical commission TG confirmed that products met requirements of the TGL 110 form 1989 year.<\/p><p>At the end of 1996 \"Termovent\" SC was awarded with certificate by T\u00dcV, certification house from Hanover, after performed inspection due to fulfilling requirements as a manufacturer of armatures according to German regulations for pressure vessels TRB 801 Nr.45 and according to AD-direction HP 0\/TRD201. In previous period surveillance was performed by the same certification house and validity of certificates is regularly extended.<\/p><p>In June 2001 year, certification house \u00d6QS from Austria performed audit of the Quality System according to standard ISO 9001\/1994 and awarded certificate No 2238\/0 about fulfillment of all requirements (the certificate is also accepted by certification houses IQNet and Evrocert).<\/p><p>In June 2002 year, certification house T\u00dcV Rheinland \/ Berlin-Branderburg performed audit of the Quality System in \"Termovent\" SC and awarded certificate for regulation of the Quality System according to Directive of the European Union for pressure equipment \u201397\/23\/EC- Modul H certificate number is Nr. 01 202 BG\/ Q-02 0001) for permission to affix marking CE 0035 on products conformed with mentioned directive (complete marking for category II and II is CE0035). The same certification house performs mandatory inspection every year, and after second recertification audit in Jul 2008 year extended validity of certificates until Jun 2011 year when new recertification audit is planned.<\/p><p>At the end of November 2003, certification house T\u00dcV Rheinland Inter Cert Kft performed audit of the Quality System according to requirements of standard ISO 9001:2000, and awarded certificate No 75 100 40033 with extension of validity until 2009 year. In November 2009 year, by the same certification house new recertification audit was performed in accordance with ISO 9001:2008 standard and awarded certificate No 75 100 20189 with validity until 2012 year.<\/p><p>At the end of 2006 year Ministry of Belarus Republic (Prmatomnadzor) issued resolution No. 05-138-2006 about conformation of our products with requirements of valid international standards, and with resolution No. 05-758-2009 conformation was confirmed and validity was extended until December 2012 year.<br \/> In November 2010 year certification house, which performed audit of Quality system in \"Termovent\" SC in accordance with requirements in API Spec Q1 (American Petroleum Institute), awarded certificates for usage and marking of our products with API Monogram for: API Standard 600 (No. 600-0096), API Standard 602 (No. 602-0019), for API Spec 6A (No. 6A-1129) and API Spec 6D (No. 6D-1049). Validity of mention certificates is until November 2013 year.<\/p><p>In February 2010 year certificates of Russian Federation (\u0413\u041e\u0421\u0422 \u0420) were awarded for confomrity of products of \u201eTERMOVNET\u201c SC in accordance with valid (\u0413\u041e\u0421\u0422 \u0420) standards (No. POCC RS.AB68.B01056 and POCC RS.AB68.H01055 for group of products in attachment No. 0126362 and 0126361), and in March 2011 certificate \u0420\u0410\u0417\u0420\u0415\u0428\u0415\u041d\u0418\u0415 No. PPC 00-042670 was awarded for instalation all products in attachment of this certificate, an all teritiory of Russian Federation with validity until 2016 year.<\/p>","_et_gb_content_width":"","footnotes":""},"class_list":["post-473","page","type-page","status-publish","has-post-thumbnail","hentry"],"_links":{"self":[{"href":"https:\/\/termoventsc.rs\/srpski\/wp-json\/wp\/v2\/pages\/473","targetHints":{"allow":["GET"]}}],"collection":[{"href":"https:\/\/termoventsc.rs\/srpski\/wp-json\/wp\/v2\/pages"}],"about":[{"href":"https:\/\/termoventsc.rs\/srpski\/wp-json\/wp\/v2\/types\/page"}],"author":[{"embeddable":true,"href":"https:\/\/termoventsc.rs\/srpski\/wp-json\/wp\/v2\/users\/1"}],"replies":[{"embeddable":true,"href":"https:\/\/termoventsc.rs\/srpski\/wp-json\/wp\/v2\/comments?post=473"}],"version-history":[{"count":7,"href":"https:\/\/termoventsc.rs\/srpski\/wp-json\/wp\/v2\/pages\/473\/revisions"}],"predecessor-version":[{"id":1994,"href":"https:\/\/termoventsc.rs\/srpski\/wp-json\/wp\/v2\/pages\/473\/revisions\/1994"}],"wp:featuredmedia":[{"embeddable":true,"href":"https:\/\/termoventsc.rs\/srpski\/wp-json\/wp\/v2\/media\/356"}],"wp:attachment":[{"href":"https:\/\/termoventsc.rs\/srpski\/wp-json\/wp\/v2\/media?parent=473"}],"curies":[{"name":"wp","href":"https:\/\/api.w.org\/{rel}","templated":true}]}}