{"id":527,"date":"2017-04-04T12:29:39","date_gmt":"2017-04-04T10:29:39","guid":{"rendered":"http:\/\/studiomaximov.co.rs\/testpit\/tvt2017\/?page_id=527"},"modified":"2019-10-23T13:30:17","modified_gmt":"2019-10-23T11:30:17","slug":"proizvodnja-industrijskih-ventila","status":"publish","type":"page","link":"https:\/\/termoventsc.rs\/srpski\/proizvodnja-industrijskih-ventila\/","title":{"rendered":"Proizvodnja industrijskih ventila"},"content":{"rendered":"<p>[et_pb_section fb_built=&#8220;1&#8243; fullwidth=&#8220;on&#8220; admin_label=&#8220;section&#8220; _builder_version=&#8220;3.22&#8243;][et_pb_fullwidth_slider _builder_version=&#8220;3.16&#8243; custom_padding=&#8220;|||&#8220; custom_padding_tablet=&#8220;|||&#8220; custom_padding_phone=&#8220;|||&#8220; box_shadow_style=&#8220;preset6&#8243; box_shadow_blur=&#8220;10px&#8220; box_shadow_color=&#8220;rgba(0,0,0,0.1)&#8220; show_inner_shadow=&#8220;on&#8220; button_text_size__hover_enabled=&#8220;off&#8220; button_one_text_size__hover_enabled=&#8220;off&#8220; button_two_text_size__hover_enabled=&#8220;off&#8220; button_text_color__hover_enabled=&#8220;off&#8220; button_one_text_color__hover_enabled=&#8220;off&#8220; button_two_text_color__hover_enabled=&#8220;off&#8220; button_border_width__hover_enabled=&#8220;off&#8220; button_one_border_width__hover_enabled=&#8220;off&#8220; button_two_border_width__hover_enabled=&#8220;off&#8220; button_border_color__hover_enabled=&#8220;off&#8220; button_one_border_color__hover_enabled=&#8220;off&#8220; button_two_border_color__hover_enabled=&#8220;off&#8220; button_border_radius__hover_enabled=&#8220;off&#8220; button_one_border_radius__hover_enabled=&#8220;off&#8220; button_two_border_radius__hover_enabled=&#8220;off&#8220; button_letter_spacing__hover_enabled=&#8220;off&#8220; button_one_letter_spacing__hover_enabled=&#8220;off&#8220; button_two_letter_spacing__hover_enabled=&#8220;off&#8220; button_bg_color__hover_enabled=&#8220;off&#8220; button_one_bg_color__hover_enabled=&#8220;off&#8220; button_two_bg_color__hover_enabled=&#8220;off&#8220;][et_pb_slide heading=&#8220;Industrijske armature&#8220; use_bg_overlay=&#8220;off&#8220; use_text_overlay=&#8220;off&#8220; _builder_version=&#8220;3.16&#8243; header_font=&#8220;||||&#8220; body_font=&#8220;||||&#8220; background_color=&#8220;#ffffff&#8220; background_image=&#8220;https:\/\/termoventsc.rs\/srpski\/wp-content\/uploads\/2017\/03\/11.jpg&#8220; button_icon_placement=&#8220;right&#8220; button_on_hover=&#8220;on&#8220; button_text_size__hover_enabled=&#8220;off&#8220; button_one_text_size__hover_enabled=&#8220;off&#8220; button_two_text_size__hover_enabled=&#8220;off&#8220; button_text_color__hover_enabled=&#8220;off&#8220; button_one_text_color__hover_enabled=&#8220;off&#8220; button_two_text_color__hover_enabled=&#8220;off&#8220; button_border_width__hover_enabled=&#8220;off&#8220; button_one_border_width__hover_enabled=&#8220;off&#8220; button_two_border_width__hover_enabled=&#8220;off&#8220; button_border_color__hover_enabled=&#8220;off&#8220; button_one_border_color__hover_enabled=&#8220;off&#8220; button_two_border_color__hover_enabled=&#8220;off&#8220; button_border_radius__hover_enabled=&#8220;off&#8220; button_one_border_radius__hover_enabled=&#8220;off&#8220; button_two_border_radius__hover_enabled=&#8220;off&#8220; button_letter_spacing__hover_enabled=&#8220;off&#8220; button_one_letter_spacing__hover_enabled=&#8220;off&#8220; button_two_letter_spacing__hover_enabled=&#8220;off&#8220; button_bg_color__hover_enabled=&#8220;off&#8220; button_one_bg_color__hover_enabled=&#8220;off&#8220; button_two_bg_color__hover_enabled=&#8220;off&#8220;]Proizvodnja\u00a0industrijskih armatura, Temerin<br \/>\n[\/et_pb_slide][\/et_pb_fullwidth_slider][\/et_pb_section][et_pb_section fb_built=&#8220;1&#8243; admin_label=&#8220;section&#8220; _builder_version=&#8220;3.22&#8243;][et_pb_row _builder_version=&#8220;3.25&#8243; background_size=&#8220;initial&#8220; background_position=&#8220;top_left&#8220; background_repeat=&#8220;repeat&#8220; column_structure=&#8220;1_2,1_4,1_4&#8243;][et_pb_column type=&#8220;1_2&#8243; _builder_version=&#8220;3.25&#8243; custom_padding=&#8220;|||&#8220; custom_padding__hover=&#8220;|||&#8220;][et_pb_text _builder_version=&#8220;3.27.4&#8243; background_size=&#8220;initial&#8220; background_position=&#8220;top_left&#8220; background_repeat=&#8220;repeat&#8220;]<\/p>\n<h1>Pogon industrijskih armatura<\/h1>\n<p>Pogon TERMOVENT SC u Temerinu, sa razvijenom infrastrukturom opremljen\u00a0za dugogodi\u0161nji rad i sa modernim radnim okru\u017eenjem, u kome\u00a0industrijske armature proizvodimo od 1996. godine.<\/p>\n<p>Proizvodimo\u00a0industrijske armature za primenu u termoelektranama, naftovodima, rafinerijama i drugim industrijskim postrojenjima.<br \/>\n[\/et_pb_text][\/et_pb_column][et_pb_column type=&#8220;1_4&#8243; _builder_version=&#8220;3.25&#8243; custom_padding=&#8220;|||&#8220; custom_padding__hover=&#8220;|||&#8220;][et_pb_number_counter title=&#8220;Zaposlenih&#8220; number=&#8220;140&#8243; percent_sign=&#8220;off&#8220; _builder_version=&#8220;3.0.47&#8243; background_size=&#8220;initial&#8220; background_position=&#8220;top_left&#8220; background_repeat=&#8220;repeat&#8220;][\/et_pb_number_counter][\/et_pb_column][et_pb_column type=&#8220;1_4&#8243; _builder_version=&#8220;3.25&#8243; custom_padding=&#8220;|||&#8220; custom_padding__hover=&#8220;|||&#8220;][et_pb_blurb title=&#8220;PROIZVODNJA INDUSTRIJSKIH ARMATURA&#8220; use_icon=&#8220;on&#8220; font_icon=&#8220;%%176%%&#8220; icon_placement=&#8220;left&#8220; _builder_version=&#8220;3.0.74&#8243; background_size=&#8220;initial&#8220; background_position=&#8220;top_left&#8220; background_repeat=&#8220;repeat&#8220; text_orientation=&#8220;center&#8220;][\/et_pb_blurb][et_pb_number_counter title=&#8220;\u33a1 proizvodne povr\u0161ine&#8220; number=&#8220;9000&#8243; percent_sign=&#8220;off&#8220; _builder_version=&#8220;3.0.47&#8243; background_size=&#8220;initial&#8220; background_position=&#8220;top_left&#8220; background_repeat=&#8220;repeat&#8220;][\/et_pb_number_counter][\/et_pb_column][\/et_pb_row][et_pb_row _builder_version=&#8220;3.25&#8243; background_size=&#8220;initial&#8220; background_position=&#8220;top_left&#8220; background_repeat=&#8220;repeat&#8220;][et_pb_column type=&#8220;4_4&#8243; _builder_version=&#8220;3.25&#8243; custom_padding=&#8220;|||&#8220; custom_padding__hover=&#8220;|||&#8220;][et_pb_gallery gallery_ids=&#8220;124,580,581,582&#8243; show_title_and_caption=&#8220;off&#8220; show_pagination=&#8220;off&#8220; _builder_version=&#8220;3.0.47&#8243;][\/et_pb_gallery][\/et_pb_column][\/et_pb_row][et_pb_row _builder_version=&#8220;3.25&#8243; background_size=&#8220;initial&#8220; background_position=&#8220;top_left&#8220; background_repeat=&#8220;repeat&#8220; column_structure=&#8220;1_3,2_3&#8243;][et_pb_column type=&#8220;1_3&#8243; _builder_version=&#8220;3.25&#8243; custom_padding=&#8220;|||&#8220; custom_padding__hover=&#8220;|||&#8220;][et_pb_text _builder_version=&#8220;3.27.4&#8243; background_size=&#8220;initial&#8220; background_position=&#8220;top_left&#8220; background_repeat=&#8220;repeat&#8220;]<\/p>\n<div class=\"page\" title=\"Page 11\">\n<div class=\"section\">\n<div class=\"layoutArea\">\n<div class=\"column\">\n<h2>Proizvodni kapaciteti<\/h2>\n<p>Na\u0161e proizvodne mogu\u0107nosti su na visoko razvijenom nivou. TERMOVENT \u202fSC ula\u017ee u najmodernije ma\u0161ine i procesne tehnologije, kontinuirano, svake godine. Na taj na\u010din uti\u010demo na pove\u0107anje produktivnosti i ostvarujemo uspe\u0161nu i kvalitetnu proizvodnju.<\/p>\n<\/div>\n<\/div>\n<\/div>\n<\/div>\n<p>[\/et_pb_text][\/et_pb_column][et_pb_column type=&#8220;2_3&#8243; _builder_version=&#8220;3.25&#8243; custom_padding=&#8220;|||&#8220; custom_padding__hover=&#8220;|||&#8220;][et_pb_accordion _builder_version=&#8220;4.0.2&#8243; hover_enabled=&#8220;0&#8243; border_style=&#8220;solid&#8220;][et_pb_accordion_item title=&#8220;Ma\u0161inski park Termovent SC&#8220; open=&#8220;on&#8220; _builder_version=&#8220;4.0.2&#8243; hover_enabled=&#8220;0&#8243;]<\/p>\n<div class='one_half'>\n\t\t\t\t\t<ul>\n<li>5-osni CNC horizontalni\u00a0obradni centar\u00a0\/\/ 2 kom.<\/li>\n<li>CNC &#8211; strugovi\u00a0\/\/ 8 kom.<\/li>\n<li>CNC horizontalni obradni centri\u00a0\/\/ 2 kom.<\/li>\n<li>CNC testere\u00a0\/\/ 3 kom.<\/li>\n<li>Ure\u0111aji za automatsko i poluatomatsko tvrdo navarivanje ili stelitizaciju zaptivnih povr\u0161ina\u00a0\/\/ 4 kom.<\/li>\n<li>Vertikalni strugovi\u00a0(karouseli) \/\/ 2 kom.<\/li>\n<li>Univerzalni\u00a0strugovi \/\/ 24 kom.<\/li>\n<\/ul>\n\t\t\t\t<\/div><div class='one_half et_column_last'>\n\t\t\t\t\t<ul>\n<li>Bu\u0161ilice\u00a0\/\/ 9 kom.<\/li>\n<li>Glodalice\u00a0\/\/ 7 kom.<\/li>\n<li>Horizontalna bu\u0161ilica \/ glodalica \/ strug\u00a0(Borverk) \/\/ 4 kom.<\/li>\n<li>Brusilice \/\/ 3 kom.<\/li>\n<li>Ma\u0161ine za lepovanje\u00a0\/\/ 3 kom.<\/li>\n<li>Automatizovane farbare\u00a0\u00a0\/\/ 2 kom.<\/li>\n<li>Ma\u0161ina za valjanje navoja<\/li>\n<\/ul>\n\t\t\t\t<\/div><div class='clear'><\/div><\/p>\n<p>[\/et_pb_accordion_item][et_pb_accordion_item title=&#8220;Oprema za merenje i kontrolu&#8220; _builder_version=&#8220;3.0.47&#8243; open=&#8220;off&#8220;] <div class='one_half'>\n\t\t\t\t\t<ul>\n<li>Ispitna stanica za hidrauli\u010dno i pneumatsko ispitivanje do 1600 bar (vazduhom do 6 bar)<\/li>\n<li>Ispitna stanica za hidrauli\u010dno i pneumatsko ispitivanje do 650\u00a0bar (vazduhom do 6 bar)<\/li>\n<li>Ispitna stanica za hidrauli\u010dno i pneumatsko ispitivanje do 250\u00a0bar (vazduhom do 6 bar)<\/li>\n<li>Ispitna stanica za hidrauli\u010dno ispitivanje do 1000\u00a0bar<\/li>\n<li>Mobilni i stacionarni spektrometar za hemijsku analizu ulaznih sirovina i gotovih proizvoda (PMI)<\/li>\n<\/ul>\n\t\t\t\t<\/div><div class='one_half et_column_last'>\n\t\t\t\t\t<ul>\n<li>Ure\u0111aji za ispitivanje odlivaka i otkovaka ultrazvukom<\/li>\n<li>Oprema za ispitivanje odlivaka i otkovaka magnetnim \u010desticama<\/li>\n<li>Ure\u0111aj za merenje debljine zida odlivaka<\/li>\n<li>Ure\u0111aji za ispitivanje tvrdo\u0107e<\/li>\n<li>Ure\u0111aj za merenje debljine antikorozivne za\u0161tite<\/li>\n<li>Oprema za ispitivanje delova te\u010dnim penetrantima<\/li>\n<\/ul>\n\t\t\t\t<\/div><div class='clear'><\/div> [\/et_pb_accordion_item][\/et_pb_accordion][\/et_pb_column][\/et_pb_row][\/et_pb_section][et_pb_section fb_built=&#8220;1&#8243; fullwidth=&#8220;on&#8220; admin_label=&#8220;section&#8220; _builder_version=&#8220;3.22&#8243; background_color=&#8220;#003063&#8243;][et_pb_fullwidth_header title=&#8220;Lokacija&#8220; text_orientation=&#8220;center&#8220; content_max_width=&#8220;none&#8220; _builder_version=&#8220;3.16&#8243; background_color=&#8220;rgba(255, 255, 255, 0)&#8220; button_one_text_size__hover_enabled=&#8220;off&#8220; button_two_text_size__hover_enabled=&#8220;off&#8220; button_one_text_color__hover_enabled=&#8220;off&#8220; button_two_text_color__hover_enabled=&#8220;off&#8220; button_one_border_width__hover_enabled=&#8220;off&#8220; button_two_border_width__hover_enabled=&#8220;off&#8220; button_one_border_color__hover_enabled=&#8220;off&#8220; button_two_border_color__hover_enabled=&#8220;off&#8220; button_one_border_radius__hover_enabled=&#8220;off&#8220; button_two_border_radius__hover_enabled=&#8220;off&#8220; button_one_letter_spacing__hover_enabled=&#8220;off&#8220; button_two_letter_spacing__hover_enabled=&#8220;off&#8220; button_one_bg_color__hover_enabled=&#8220;off&#8220; button_two_bg_color__hover_enabled=&#8220;off&#8220;][\/et_pb_fullwidth_header][et_pb_fullwidth_map address=&#8220;Termovent SC d.o.o. Parking, Temerin, Serbia&#8220; zoom_level=&#8220;15&#8243; address_lat=&#8220;45.396670700319866&#8243; address_lng=&#8220;19.873873315383225&#8243; mouse_wheel=&#8220;off&#8220; _builder_version=&#8220;3.0.91&#8243;][et_pb_map_pin title=&#8220;Termovent SC, Industrial Valves&#8220; pin_address=&#8220;Termovent SC d.o.o. &#8211; Inter-Facility communication, Temerin, Serbia&#8220; pin_address_lat=&#8220;45.396201135173946&#8243; pin_address_lng=&#8220;19.875871561099302&#8243; _builder_version=&#8220;3.0.47&#8243;]Temerin (Serbia)[\/et_pb_map_pin][\/et_pb_fullwidth_map][\/et_pb_section]<\/p>\n","protected":false},"excerpt":{"rendered":"<p>Proizvodnja\u00a0industrijskih armatura, Temerin Pogon industrijskih armatura Pogon TERMOVENT SC u Temerinu, sa razvijenom infrastrukturom opremljen\u00a0za dugogodi\u0161nji rad i sa modernim radnim okru\u017eenjem, u kome\u00a0industrijske armature proizvodimo od 1996. godine. Proizvodimo\u00a0industrijske armature za primenu u termoelektranama, naftovodima, rafinerijama i drugim industrijskim postrojenjima. Proizvodni kapaciteti Na\u0161e proizvodne mogu\u0107nosti su na visoko razvijenom nivou. TERMOVENT \u202fSC ula\u017ee u [&hellip;]<\/p>\n","protected":false},"author":1,"featured_media":0,"parent":0,"menu_order":0,"comment_status":"closed","ping_status":"closed","template":"","meta":{"_et_pb_use_builder":"on","_et_pb_old_content":"","_et_gb_content_width":"","footnotes":""},"class_list":["post-527","page","type-page","status-publish","hentry"],"_links":{"self":[{"href":"https:\/\/termoventsc.rs\/srpski\/wp-json\/wp\/v2\/pages\/527","targetHints":{"allow":["GET"]}}],"collection":[{"href":"https:\/\/termoventsc.rs\/srpski\/wp-json\/wp\/v2\/pages"}],"about":[{"href":"https:\/\/termoventsc.rs\/srpski\/wp-json\/wp\/v2\/types\/page"}],"author":[{"embeddable":true,"href":"https:\/\/termoventsc.rs\/srpski\/wp-json\/wp\/v2\/users\/1"}],"replies":[{"embeddable":true,"href":"https:\/\/termoventsc.rs\/srpski\/wp-json\/wp\/v2\/comments?post=527"}],"version-history":[{"count":18,"href":"https:\/\/termoventsc.rs\/srpski\/wp-json\/wp\/v2\/pages\/527\/revisions"}],"predecessor-version":[{"id":2747,"href":"https:\/\/termoventsc.rs\/srpski\/wp-json\/wp\/v2\/pages\/527\/revisions\/2747"}],"wp:attachment":[{"href":"https:\/\/termoventsc.rs\/srpski\/wp-json\/wp\/v2\/media?parent=527"}],"curies":[{"name":"wp","href":"https:\/\/api.w.org\/{rel}","templated":true}]}}