{"id":936,"date":"2017-04-07T11:58:18","date_gmt":"2017-04-07T09:58:18","guid":{"rendered":"http:\/\/studiomaximov.co.rs\/testpit\/tvt2017\/?page_id=936"},"modified":"2025-02-27T17:01:35","modified_gmt":"2025-02-27T16:01:35","slug":"tehnicki-listovi","status":"publish","type":"page","link":"https:\/\/termoventsc.rs\/srpski\/tehnicki-listovi\/","title":{"rendered":"Tehni\u010dki listovi"},"content":{"rendered":"<p>[et_pb_section fb_built=&#8220;1&#8243; fullwidth=&#8220;on&#8220; _builder_version=&#8220;4.16&#8243; global_colors_info=&#8220;{}&#8220;][et_pb_fullwidth_header title=&#8220;Tehni\u010dki listovi&#8220; subhead=&#8220;.PDF \/ dokumenti za preuzimanje&#8220; background_overlay_color=&#8220;rgba(0,48,99,0.3)&#8220; content_max_width=&#8220;none&#8220; _builder_version=&#8220;4.16&#8243; background_color=&#8220;rgba(255, 255, 255, 0)&#8220; background_image=&#8220;https:\/\/termoventsc.rs\/srpski\/wp-content\/uploads\/2017\/04\/CAN_1098.jpg&#8220; background_url=&#8220;https:\/\/termoventsc.rs\/srpski\/wp-content\/uploads\/2017\/04\/CAN_1098.jpg&#8220; global_colors_info=&#8220;{}&#8220; button_one_text_size__hover_enabled=&#8220;off&#8220; button_two_text_size__hover_enabled=&#8220;off&#8220; button_one_text_color__hover_enabled=&#8220;off&#8220; button_two_text_color__hover_enabled=&#8220;off&#8220; button_one_border_width__hover_enabled=&#8220;off&#8220; button_two_border_width__hover_enabled=&#8220;off&#8220; button_one_border_color__hover_enabled=&#8220;off&#8220; button_two_border_color__hover_enabled=&#8220;off&#8220; button_one_border_radius__hover_enabled=&#8220;off&#8220; button_two_border_radius__hover_enabled=&#8220;off&#8220; button_one_letter_spacing__hover_enabled=&#8220;off&#8220; button_two_letter_spacing__hover_enabled=&#8220;off&#8220; button_one_bg_color__hover_enabled=&#8220;off&#8220; button_two_bg_color__hover_enabled=&#8220;off&#8220;][\/et_pb_fullwidth_header][\/et_pb_section][et_pb_section fb_built=&#8220;1&#8243; admin_label=&#8220;section&#8220; _builder_version=&#8220;4.16&#8243; global_colors_info=&#8220;{}&#8220;][et_pb_row column_structure=&#8220;1_4,3_4&#8243; admin_label=&#8220;row&#8220; _builder_version=&#8220;4.16&#8243; background_size=&#8220;initial&#8220; background_position=&#8220;top_left&#8220; background_repeat=&#8220;repeat&#8220; global_colors_info=&#8220;{}&#8220;][et_pb_column type=&#8220;1_4&#8243; _builder_version=&#8220;4.16&#8243; custom_padding=&#8220;|||&#8220; global_colors_info=&#8220;{}&#8220; custom_padding__hover=&#8220;|||&#8220;][\/et_pb_column][et_pb_column type=&#8220;3_4&#8243; _builder_version=&#8220;4.16&#8243; custom_padding=&#8220;|||&#8220; global_colors_info=&#8220;{}&#8220; custom_padding__hover=&#8220;|||&#8220;][et_pb_text _builder_version=&#8220;4.27.4&#8243; background_size=&#8220;initial&#8220; background_position=&#8220;top_left&#8220; background_repeat=&#8220;repeat&#8220; custom_padding=&#8220;||12px||false|false&#8220; border_width_bottom=&#8220;2px&#8220; border_color_bottom=&#8220;#6B6B6B&#8220; border_style=&#8220;solid&#8220; global_colors_info=&#8220;{}&#8220;]<\/p>\n<p>Ravni zaporni ventili i dizne<\/p>\n<p><a href=\"https:\/\/termoventsc.rs\/srpski\/wp-content\/uploads\/A-01-VENS-SR-V170613-R00.pdf\">A-01-VENS-SR-V170613-R00<\/a><\/p>\n<p><a href=\"https:\/\/termoventsc.rs\/srpski\/wp-content\/uploads\/A-02-VENR-SR-V170614-R00-.pdf\">A-02-VENR-SR-V170614-R00<\/a><\/p>\n<p><a href=\"https:\/\/termoventsc.rs\/srpski\/wp-content\/uploads\/A-03-VHP-SR-V170614-R00.pdf\">A-03-VHP-SR-V170614-R00<\/a><\/p>\n<p><a href=\"https:\/\/termoventsc.rs\/srpski\/wp-content\/uploads\/A-04-VHPR-SR-V170614-R00.pdf\">A-04-VHPR-SR-V170614-R00<\/a><\/p>\n<p><a href=\"https:\/\/termoventsc.rs\/srpski\/wp-content\/uploads\/A-05-VBS-SR-V170615-R01.pdf\">A-05-VBS-SR-V170615-R01<\/a><\/p>\n<p><a href=\"https:\/\/termoventsc.rs\/srpski\/wp-content\/uploads\/A-06-VBR-SR-V170617-R01.pdf\">A-06-VBR-SR-V170617-R01<\/a><\/p>\n<p><a href=\"https:\/\/termoventsc.rs\/srpski\/wp-content\/uploads\/A-07-VAP-SR-V170614-R00.pdf\">A-07-VAP-SR-V170614-R00<\/a><\/p>\n<p><a href=\"https:\/\/termoventsc.rs\/srpski\/wp-content\/uploads\/A-08-VNS-SR-V210323-R00.pdf\" rel=\"attachment wp-att-2774\">A-08-VNS-SR-V210323-R00<\/a><\/p>\n<p><a href=\"https:\/\/termoventsc.rs\/srpski\/wp-content\/uploads\/A-09-VENSC-SR-V170614-R00.pdf\">A-09-VENSC-SR-V170614-R00<\/a><\/p>\n<p><a href=\"https:\/\/termoventsc.rs\/srpski\/wp-content\/uploads\/A-10-COV-SR-V170617-R00.pdf\">A-10-COV-SR-V170617-R00<\/a><\/p>\n<p><a href=\"https:\/\/termoventsc.rs\/srpski\/wp-content\/uploads\/A-11-VAC-SR-V170617-R00.pdf\">A-11-VAC-SR-V170617-R00<\/a><\/p>\n<p><a href=\"https:\/\/termoventsc.rs\/srpski\/wp-content\/uploads\/A-12-VPC-SR-V170617-R00.pdf\">A-12-VPC-SR-V170617-R00<\/a><\/p>\n<p><a href=\"https:\/\/termoventsc.rs\/srpski\/wp-content\/uploads\/A-13-VBSY-SR-V170617-R00.pdf\">A-13-VBSY-SR-V170617-R00<\/a><\/p>\n<p>[\/et_pb_text][et_pb_text _builder_version=&#8220;4.27.4&#8243; background_size=&#8220;initial&#8220; background_position=&#8220;top_left&#8220; background_repeat=&#8220;repeat&#8220; custom_padding=&#8220;||12px||false|false&#8220; border_width_bottom=&#8220;2px&#8220; border_color_bottom=&#8220;#6B6B6B&#8220; border_style=&#8220;solid&#8220; global_colors_info=&#8220;{}&#8220;]<\/p>\n<p>Ravni odbojni ventili i klapne<\/p>\n<p><a href=\"https:\/\/termoventsc.rs\/srpski\/wp-content\/uploads\/B-01-CLEN-SR-V170617-R01.pdf\">B-01-CLEN-SR-V170617-R01<\/a><\/p>\n<p><a href=\"https:\/\/termoventsc.rs\/srpski\/wp-content\/uploads\/B-02-CSEN-SR-V170617-R01.pdf\">B-02-CSEN-SR-V170617-R01<\/a><\/p>\n<p><a href=\"https:\/\/termoventsc.rs\/srpski\/wp-content\/uploads\/B-03-CLBS-SR-V170617-R01.pdf\">B-03-CLBS-SR-V170617-R01<\/a><\/p>\n<p><a href=\"https:\/\/termoventsc.rs\/srpski\/wp-content\/uploads\/B-04-CSBS-SR-V170920-R00.pdf\">B-04-CSBS-SR-V170920-R00<\/a><\/p>\n<p><a href=\"https:\/\/termoventsc.rs\/srpski\/wp-content\/uploads\/B-05-CAPL-SR-V171120-R02.pdf\">B-05-CAPL-SR-V171120-R02<\/a><\/p>\n<p><a href=\"https:\/\/termoventsc.rs\/srpski\/wp-content\/uploads\/B-06-CHPL-SR-V170617-R00.pdf\">B-06-CHPL-SR-V170617-R00<\/a><\/p>\n<p><a href=\"https:\/\/termoventsc.rs\/srpski\/wp-content\/uploads\/B-07-CHPS-SR-V170617-R00.pdf\">B-07-CHPS-SR-V170617-R00<\/a><\/p>\n<p><a href=\"https:\/\/termoventsc.rs\/srpski\/wp-content\/uploads\/B-09-CAPS-SR-V171120-R02.pdf\">B-09-CAPS-SR-V171120-R02<\/a><\/p>\n<p>[\/et_pb_text][et_pb_text _builder_version=&#8220;4.27.4&#8243; background_size=&#8220;initial&#8220; background_position=&#8220;top_left&#8220; background_repeat=&#8220;repeat&#8220; custom_padding=&#8220;||12px||false|false&#8220; border_width_bottom=&#8220;2px&#8220; border_color_bottom=&#8220;#6B6B6B&#8220; border_style=&#8220;solid&#8220; global_colors_info=&#8220;{}&#8220; disabled_on=&#8220;on|on|on&#8220; disabled=&#8220;on&#8220;]<\/p>\n<p>Ravni odbojni ventili i klapne<\/p>\n<p><a href=\"https:\/\/termoventsc.rs\/srpski\/wp-content\/uploads\/B-08-CLWEN-SR-V180112-R01.pdf\">B-08-CLWEN-SR-V180112-R01<\/a><\/p>\n<p><a href=\"https:\/\/termoventsc.rs\/srpski\/wp-content\/uploads\/B-10-CSWEN-SR-V180112-R01.pdf\">B-10-CSWEN-SR-V180112-R01<\/a><\/p>\n<p>[\/et_pb_text][et_pb_text _builder_version=&#8220;4.27.4&#8243; background_size=&#8220;initial&#8220; background_position=&#8220;top_left&#8220; background_repeat=&#8220;repeat&#8220; custom_padding=&#8220;||12px||false|false&#8220; border_width_bottom=&#8220;2px&#8220; border_color_bottom=&#8220;#6B6B6B&#8220; border_style=&#8220;solid&#8220; global_colors_info=&#8220;{}&#8220;]<\/p>\n<p>Ravni hvata\u010di ne\u010disto\u0107a<\/p>\n<p><a href=\"https:\/\/termoventsc.rs\/srpski\/wp-content\/uploads\/C-01-SEN-SR-V170617-R00.pdf\">C-01-SEN-SR-V170617-R00<\/a><\/p>\n<p><a href=\"https:\/\/termoventsc.rs\/srpski\/wp-content\/uploads\/C-02-SBS-SR-V170617-R01.pdf\">C-02-SBS-SR-V170617-R01<\/a><\/p>\n<p><a href=\"https:\/\/termoventsc.rs\/srpski\/wp-content\/uploads\/C-03-SAP-SR-V170617-R00.pdf\">C-03-SAP-SR-V170617-R00<\/a><\/p>\n<p><a href=\"https:\/\/termoventsc.rs\/srpski\/wp-content\/uploads\/C-04-SHP-SR-V170617-R00.pdf\">C-04-SHP-SR-V170617-R00<\/a><\/p>\n<p><a href=\"https:\/\/termoventsc.rs\/srpski\/wp-content\/uploads\/C-05-SBSY-SR-V170617-R00.pdf\">C-05-SBSY-SR-V170617-R00<\/a><\/p>\n<p>[\/et_pb_text][et_pb_text _builder_version=&#8220;4.27.4&#8243; background_size=&#8220;initial&#8220; background_position=&#8220;top_left&#8220; background_repeat=&#8220;repeat&#8220; custom_padding=&#8220;||12px||false|false&#8220; border_width_bottom=&#8220;2px&#8220; border_color_bottom=&#8220;#6B6B6B&#8220; border_style=&#8220;solid&#8220; global_colors_info=&#8220;{}&#8220;]<\/p>\n<p>Zasuni<\/p>\n<p><a href=\"https:\/\/termoventsc.rs\/srpski\/wp-content\/uploads\/D-01-GEN-SR-V170617-R00.pdf\">D-01-GEN-SR-V170617-R00<\/a><\/p>\n<p><a href=\"https:\/\/termoventsc.rs\/srpski\/wp-content\/uploads\/D-02-GAC-SR-V170617-R01.pdf\">D-02-GAC-SR-V170617-R01<\/a><\/p>\n<p><a href=\"https:\/\/termoventsc.rs\/srpski\/wp-content\/uploads\/D-03-GAF-SR-V170617-R00.pdf\">D-03-GAF-SR-V170617-R00<\/a><\/p>\n<p><a href=\"https:\/\/termoventsc.rs\/srpski\/wp-content\/uploads\/D-05-GXT-SR-V170617-R00.pdf\">D-05-GXT-SR-V170617-R00<\/a><\/p>\n<p><a href=\"https:\/\/termoventsc.rs\/srpski\/wp-content\/uploads\/D-06-GHP-SR-V170617-R00.pdf\">D-06-GHP-SR-V170617-R00<\/a><\/p>\n<p><a href=\"https:\/\/termoventsc.rs\/srpski\/wp-content\/uploads\/D-07-GENF-SR-V170617-R00.pdf\">D-07-GENF-SR-V170617-R00<\/a><\/p>\n<p>[\/et_pb_text][et_pb_text _builder_version=&#8220;4.27.4&#8243; background_size=&#8220;initial&#8220; background_position=&#8220;top_left&#8220; background_repeat=&#8220;repeat&#8220; custom_padding=&#8220;||12px||false|false&#8220; hover_enabled=&#8220;0&#8243; border_width_bottom=&#8220;2px&#8220; border_color_bottom=&#8220;#6B6B6B&#8220; border_style=&#8220;solid&#8220; global_colors_info=&#8220;{}&#8220; sticky_enabled=&#8220;0&#8243;]<\/p>\n<p>Slavine<\/p>\n<p><a href=\"https:\/\/termoventsc.rs\/srpski\/wp-content\/uploads\/E-01-CPG-SR-V120500.pdf\">E-01-CPG-SR-V120500<\/a><\/p>\n<p><a href=\"https:\/\/termoventsc.rs\/srpski\/wp-content\/uploads\/E-02-CPVP-SR-V170617-R00.pdf\">E-02-CPVP-SR-V170617-R00<\/a><\/p>\n<p><a href=\"https:\/\/termoventsc.rs\/srpski\/wp-content\/uploads\/E-03-CPV-SR-V170617-R00.pdf\">E-03-CPV-SR-V170617-R00<\/a><\/p>\n<p>[\/et_pb_text][et_pb_text _builder_version=&#8220;4.27.4&#8243; background_size=&#8220;initial&#8220; background_position=&#8220;top_left&#8220; background_repeat=&#8220;repeat&#8220; custom_padding=&#8220;||12px||false|false&#8220; hover_enabled=&#8220;0&#8243; border_width_bottom=&#8220;2px&#8220; border_color_bottom=&#8220;#6B6B6B&#8220; border_style=&#8220;solid&#8220; global_colors_info=&#8220;{}&#8220; sticky_enabled=&#8220;0&#8243; disabled_on=&#8220;on|on|on&#8220; disabled=&#8220;on&#8220;]<\/p>\n<p>Pokaziva\u010di nivoa<\/p>\n<p><a href=\"http:\/\/termoventsc.rs\/english\/wp-content\/uploads\/2017\/06\/F-01-LIG-EN-V120500.pdf\">F-01-LIG-EN-V120500<\/a><\/p>\n<p><a href=\"http:\/\/termoventsc.rs\/english\/wp-content\/uploads\/2017\/06\/F-02-LIR-EN-V120500.pdf\">F-02-LIR-EN-V120500<\/a><a href=\"https:\/\/termoventsc.rs\/srpski\/wp-content\/uploads\/2017\/04\/I-01-APP-SR-V13090t.pdf\"><\/a><\/p>\n<p>[\/et_pb_text][et_pb_text _builder_version=&#8220;4.27.4&#8243; background_size=&#8220;initial&#8220; background_position=&#8220;top_left&#8220; background_repeat=&#8220;repeat&#8220; custom_padding=&#8220;||12px||false|false&#8220; hover_enabled=&#8220;0&#8243; border_width_bottom=&#8220;2px&#8220; border_color_bottom=&#8220;#6B6B6B&#8220; border_style=&#8220;solid&#8220; global_colors_info=&#8220;{}&#8220; sticky_enabled=&#8220;0&#8243; disabled_on=&#8220;on|on|on&#8220; disabled=&#8220;on&#8220;]<\/p>\n<p>Termodinami\u010dki odvaja\u010di kondenzata<\/p>\n<p><a href=\"http:\/\/termoventsc.rs\/english\/wp-content\/uploads\/2017\/06\/G-01-TST-EN-V150400.pdf\">G-01-TST-EN-V150400<\/a><a href=\"https:\/\/termoventsc.rs\/srpski\/wp-content\/uploads\/2017\/04\/I-01-APP-SR-V13090t.pdf\"><\/a><\/p>\n<p>[\/et_pb_text][et_pb_text _builder_version=&#8220;4.27.4&#8243; background_size=&#8220;initial&#8220; background_position=&#8220;top_left&#8220; background_repeat=&#8220;repeat&#8220; custom_padding=&#8220;||12px||false|false&#8220; hover_enabled=&#8220;0&#8243; border_width_bottom=&#8220;2px&#8220; border_color_bottom=&#8220;#6B6B6B&#8220; border_style=&#8220;solid&#8220; global_colors_info=&#8220;{}&#8220; sticky_enabled=&#8220;0&#8243; disabled_on=&#8220;on|on|on&#8220; disabled=&#8220;on&#8220;]<\/p>\n<p>Prirubnice<\/p>\n<p><a href=\"http:\/\/termoventsc.rs\/english\/wp-content\/uploads\/2017\/06\/H-01-FLG-EN-V170100-R00.pdf\">H-01-FLG-EN-V170100-R00<\/a><\/p>\n<p>[\/et_pb_text][et_pb_text _builder_version=&#8220;4.27.4&#8243; background_size=&#8220;initial&#8220; background_position=&#8220;top_left&#8220; background_repeat=&#8220;repeat&#8220; custom_padding=&#8220;||12px||false|false&#8220; hover_enabled=&#8220;0&#8243; border_width_bottom=&#8220;2px&#8220; border_color_bottom=&#8220;#6B6B6B&#8220; border_style=&#8220;solid&#8220; global_colors_info=&#8220;{}&#8220; sticky_enabled=&#8220;0&#8243;]<\/p>\n<p>Oblici zaptivnih povr\u0161ina prirubnica\u00a0prema EN 1092-1 i ASME\/ANSI B16.5<br \/>Mere krajeva za su\u010deono zavarivanje\u00a0prema EN 12627, DIN 3230 i ASME\/ANSI B16.25<br \/>Dimenzije krajeva za preklopno zavarivanje\u00a0prema ASME\/ANSi B16.11\u00a0i navojnih priklju\u010daka prema ASME\/ANSI B1.20.1<\/p>\n<p><a href=\"https:\/\/termoventsc.rs\/srpski\/wp-content\/uploads\/2017\/04\/I-01-APP-SR-V13090t.pdf\">I-01-APP-SR-V13090t<\/a><\/p>\n<p>&nbsp;<\/p>\n<p>[\/et_pb_text][\/et_pb_column][\/et_pb_row][\/et_pb_section]<\/p>\n","protected":false},"excerpt":{"rendered":"<p>Ravni zaporni ventili i dizne A-01-VENS-SR-V170613-R00 A-02-VENR-SR-V170614-R00 A-03-VHP-SR-V170614-R00 A-04-VHPR-SR-V170614-R00 A-05-VBS-SR-V170615-R01 A-06-VBR-SR-V170617-R01 A-07-VAP-SR-V170614-R00 A-08-VNS-SR-V210323-R00 A-09-VENSC-SR-V170614-R00 A-10-COV-SR-V170617-R00 A-11-VAC-SR-V170617-R00 A-12-VPC-SR-V170617-R00 A-13-VBSY-SR-V170617-R00Ravni odbojni ventili i klapne B-01-CLEN-SR-V170617-R01 B-02-CSEN-SR-V170617-R01 B-03-CLBS-SR-V170617-R01 B-04-CSBS-SR-V170920-R00 B-05-CAPL-SR-V171120-R02 B-06-CHPL-SR-V170617-R00 B-07-CHPS-SR-V170617-R00 B-09-CAPS-SR-V171120-R02Ravni odbojni ventili i klapne B-08-CLWEN-SR-V180112-R01 B-10-CSWEN-SR-V180112-R01Ravni hvata\u010di ne\u010disto\u0107a C-01-SEN-SR-V170617-R00 C-02-SBS-SR-V170617-R01 C-03-SAP-SR-V170617-R00 C-04-SHP-SR-V170617-R00 C-05-SBSY-SR-V170617-R00Zasuni D-01-GEN-SR-V170617-R00 D-02-GAC-SR-V170617-R01 D-03-GAF-SR-V170617-R00 D-05-GXT-SR-V170617-R00 D-06-GHP-SR-V170617-R00 D-07-GENF-SR-V170617-R00Slavine E-01-CPG-SR-V120500 E-02-CPVP-SR-V170617-R00 E-03-CPV-SR-V170617-R00Pokaziva\u010di nivoa F-01-LIG-EN-V120500 F-02-LIR-EN-V120500Termodinami\u010dki [&hellip;]<\/p>\n","protected":false},"author":1,"featured_media":0,"parent":0,"menu_order":0,"comment_status":"closed","ping_status":"closed","template":"","meta":{"_et_pb_use_builder":"on","_et_pb_old_content":"","_et_gb_content_width":"","footnotes":""},"class_list":["post-936","page","type-page","status-publish","hentry"],"_links":{"self":[{"href":"https:\/\/termoventsc.rs\/srpski\/wp-json\/wp\/v2\/pages\/936","targetHints":{"allow":["GET"]}}],"collection":[{"href":"https:\/\/termoventsc.rs\/srpski\/wp-json\/wp\/v2\/pages"}],"about":[{"href":"https:\/\/termoventsc.rs\/srpski\/wp-json\/wp\/v2\/types\/page"}],"author":[{"embeddable":true,"href":"https:\/\/termoventsc.rs\/srpski\/wp-json\/wp\/v2\/users\/1"}],"replies":[{"embeddable":true,"href":"https:\/\/termoventsc.rs\/srpski\/wp-json\/wp\/v2\/comments?post=936"}],"version-history":[{"count":32,"href":"https:\/\/termoventsc.rs\/srpski\/wp-json\/wp\/v2\/pages\/936\/revisions"}],"predecessor-version":[{"id":2986,"href":"https:\/\/termoventsc.rs\/srpski\/wp-json\/wp\/v2\/pages\/936\/revisions\/2986"}],"wp:attachment":[{"href":"https:\/\/termoventsc.rs\/srpski\/wp-json\/wp\/v2\/media?parent=936"}],"curies":[{"name":"wp","href":"https:\/\/api.w.org\/{rel}","templated":true}]}}